{"id":7660,"date":"2022-11-17T08:43:13","date_gmt":"2022-11-17T07:43:13","guid":{"rendered":"https:\/\/arcampin.be\/secondaire\/?page_id=7660"},"modified":"2025-03-26T10:13:19","modified_gmt":"2025-03-26T09:13:19","slug":"the-owl-news","status":"publish","type":"page","link":"https:\/\/arcampin.be\/secondaire\/the-owl-news","title":{"rendered":"Le journal de l&rsquo;Ath\u00e9n\u00e9e"},"content":{"rendered":"\n<figure class=\"wp-container-2 wp-block-gallery-1 wp-block-gallery has-nested-images columns-default is-cropped\">\n<figure class=\"wp-block-image\"><img loading=\"lazy\" width=\"1024\" height=\"266\" data-id=\"7373\"  src=\"https:\/\/arcampin.be\/secondaire\/wp-content\/uploads\/2022\/06\/Owl-News-1024x266.png\" alt=\"\" class=\"wp-image-7373\" srcset=\"https:\/\/arcampin.be\/secondaire\/wp-content\/uploads\/2022\/06\/Owl-News-1024x266.png 1024w, https:\/\/arcampin.be\/secondaire\/wp-content\/uploads\/2022\/06\/Owl-News-300x78.png 300w, https:\/\/arcampin.be\/secondaire\/wp-content\/uploads\/2022\/06\/Owl-News-768x199.png 768w, https:\/\/arcampin.be\/secondaire\/wp-content\/uploads\/2022\/06\/Owl-News.png 1572w\" sizes=\"(max-width: 1024px) 100vw, 1024px\" \/><\/figure>\n<\/figure>\n\n\n<div class=\"cxmmr5t8 oygrvhab hcukyx3x c1et5uql o9v6fnle ii04i59q\">\n<div dir=\"auto\"><em>Nous sommes fiers de vous annoncer la parution du premier num\u00e9ro du \u00ab\u00a0Owl News\u00a0\u00bb, le nouveau journal de l\u2019<span class=\"nc684nl6\">Ath\u00e9n\u00e9e Royal Robert Campin<\/span>\u00a0!<\/em><\/div>\n<div dir=\"auto\">\u00a0<\/div>\n<\/div>\n<div class=\"cxmmr5t8 oygrvhab hcukyx3x c1et5uql o9v6fnle ii04i59q\">\n<div dir=\"auto\"><em>Cette ann\u00e9e, des \u00e9l\u00e8ves volontaires de 6\u00e8me ann\u00e9e ont \u00e9crit divers articles (sur des sujets les int\u00e9ressant) que vous pourrez lire dans le document joint. Ensuite, leurs professeurs de fran\u00e7ais, d\u2019histoire et de cours philosophiques ont relu l\u2019ensemble et leur ont propos\u00e9 des modifications formelles.<\/em><\/div>\n<div dir=\"auto\">\u00a0<\/div>\n<\/div>\n<div class=\"cxmmr5t8 oygrvhab hcukyx3x c1et5uql o9v6fnle ii04i59q\">\n<div dir=\"auto\"><em>Dans le futur, plusieurs num\u00e9ros du Owl News sortiront chaque ann\u00e9e. Les \u00e9l\u00e8ves de 5e et de 6e seront sollicit\u00e9s afin de r\u00e9diger des textes sur le sujet de leur choix (actualit\u00e9, jeux vid\u00e9os, blague, art, cin\u00e9ma, etc), tout ceci afin d\u2019am\u00e9liorer leurs comp\u00e9tences d\u2019\u00e9criture.<\/em><\/div>\n<\/div>\n<div class=\"cxmmr5t8 oygrvhab hcukyx3x c1et5uql o9v6fnle ii04i59q\">\n<div dir=\"auto\"><em>Le Owl News sera le journal des \u00e9l\u00e8ves et ils seront les principaux d\u00e9cideurs de chaque num\u00e9ro \u00e0 para\u00eetre. Les professeurs ne seront l\u00e0 que pour les accompagner.<\/em><\/div>\n<div dir=\"auto\">\u00a0<\/div>\n<\/div>\n<div class=\"cxmmr5t8 oygrvhab hcukyx3x c1et5uql o9v6fnle ii04i59q\">\n<div dir=\"auto\"><em>La version papier du journal sera disponible pour les \u00e9l\u00e8ves chaque jour dans une bo\u00eete consacr\u00e9e dans la salle d\u2019\u00e9tude.<\/em><\/div>\n<div dir=\"auto\">\u00a0<\/div>\n<\/div>\n<div class=\"cxmmr5t8 oygrvhab hcukyx3x c1et5uql o9v6fnle ii04i59q\">\n<div dir=\"auto\"><em>Bonne lecture !<\/em><\/div>\n<div dir=\"auto\">\u00a0<\/div>\n<\/div>\n<h3 style=\"text-align: center;\"><strong><em>T\u00e9l\u00e9chargez\/Consultez ici le premier num\u00e9ro : <\/em><\/strong><\/h3>\n<h3 style=\"text-align: center;\"><span style=\"color: #800000;\"><strong><em><a style=\"color: #800000;\" href=\"https:\/\/arcampin.be\/secondaire\/wp-content\/uploads\/2022\/06\/AR-Campin-Owl-News-Nume%CC%81ro-1.pdf\" target=\"_blank\" rel=\"noopener noreferrer\">The Owl News \u2013 Num\u00e9ro 1<\/a><\/em><\/strong><\/span><\/h3>\n<hr \/>\n<p style=\"text-align: center;\"><em><span class=\"x193iq5w xeuugli x13faqbe x1vvkbs xlh3980 xvmahel x1n0sxbx x1603h9y x1u7k74 xo1l8bm xzsf02u\">Le second num\u00e9ro de notre journal d\u2019\u00e9cole, para\u00eet ce mercredi 16 novembre ! Les articles ont \u00e9t\u00e9 \u00e9crits par les \u00e9l\u00e8ves de 6A et 6B qui vous souhaitent une bonne lecture !<\/span><\/em><\/p>\n<h3 style=\"text-align: center;\"><strong><em>T\u00e9l\u00e9chargez\/Consultez ici :\u00a0<\/em><\/strong><\/h3>\n<h3 style=\"text-align: center;\"><span style=\"color: #800000;\"><strong><em><a style=\"color: #800000;\" href=\"https:\/\/arcampin.be\/secondaire\/wp-content\/uploads\/2022\/11\/AR-Campin-Owl-News-Nume%CC%81ro-2.pdf\" target=\"_blank\" rel=\"noopener noreferrer\">The Owl News \u2013 Num\u00e9ro 2<\/a><\/em><\/strong><\/span><\/h3>\n<hr \/>\n<p style=\"text-align: center;\"><em>Le 3\u00e8me num\u00e9ro du journal de l&rsquo;\u00e9cole, de janvier 2023 est sorti ! Les articles ont \u00e9t\u00e9 majoritairement r\u00e9dig\u00e9s par les \u00e9l\u00e8ves de 6C et 6D. Bonne lecture.<\/em><\/p>\n<h3 style=\"text-align: center;\"><strong><em>T\u00e9l\u00e9chargez\/Consultez ici :\u00a0<\/em><\/strong><\/h3>\n<h3 style=\"text-align: center;\"><span style=\"color: #800000;\"><strong><em><a style=\"color: #800000;\" href=\"https:\/\/arcampin.be\/secondaire\/wp-content\/uploads\/2023\/01\/AR-Campin-Owl-News-Nume\u0301ro-3.pdf\" target=\"_blank\" rel=\"noopener noreferrer\">The Owl News \u2013 Num\u00e9ro 3<\/a><\/em><\/strong><\/span><\/h3>\n<hr \/>\n<p style=\"text-align: center;\"><em>Le 4\u00e8me num\u00e9ro du journal de l&rsquo;\u00e9cole dont les articles ont \u00e9t\u00e9 r\u00e9dig\u00e9s par les \u00e9l\u00e8ves de 5A et 5B. <\/em><em>Bonne lecture !<\/em><\/p>\n<h3 style=\"text-align: center;\"><strong><em>T\u00e9l\u00e9chargez\/Consultez ici :\u00a0<\/em><\/strong><\/h3>\n<h3 style=\"text-align: center;\"><span style=\"color: #800000;\"><a style=\"color: #800000;\" href=\"https:\/\/arcampin.be\/secondaire\/wp-content\/uploads\/2023\/04\/AR-Campin-Owl-News-Nume\u0301ro-4.pdf\" target=\"_blank\" rel=\"noopener\"><strong><em>The Owl News \u2013 Num\u00e9ro 4<\/em><\/strong><\/a><\/span><\/h3>\n<hr \/>\n<p style=\"text-align: center;\"><em>Voici le cinqui\u00e8me et dernier num\u00e9ro de l&rsquo;ann\u00e9e, \u00e9crit par les \u00e9l\u00e8ves de 5C et 5D. Bonne lecture et bonnes vacances \u00e0 tous !<\/em><\/p>\n<h3 style=\"text-align: center;\"><strong><em>T\u00e9l\u00e9chargez\/Consultez ici :\u00a0<\/em><\/strong><\/h3>\n<h3 style=\"text-align: center;\"><span style=\"color: #800000;\"><a style=\"color: #800000;\" href=\"https:\/\/arcampin.be\/secondaire\/wp-content\/uploads\/2023\/07\/AR-Campin-Owl-News-Nume\u0301ro-5.pdf\" target=\"_blank\" rel=\"noopener\"><strong><em>The Owl News \u2013 Num\u00e9ro 5<\/em><\/strong><\/a><\/span><\/h3>","protected":false},"excerpt":{"rendered":"<p>Nous sommes fiers de vous annoncer la parution du premier num\u00e9ro du \u00ab\u00a0Owl News\u00a0\u00bb, le nouveau journal de l\u2019Ath\u00e9n\u00e9e Royal Robert Campin\u00a0! \u00a0 Cette ann\u00e9e, des \u00e9l\u00e8ves volontaires de 6\u00e8me ann\u00e9e ont \u00e9crit divers articles (sur des sujets les int\u00e9ressant) que vous pourrez lire dans le document joint. Ensuite, leurs professeurs de fran\u00e7ais, d\u2019histoire et &hellip; <a href=\"https:\/\/arcampin.be\/secondaire\/the-owl-news\" class=\"more-link\">Continuer la lecture de <span class=\"screen-reader-text\">Le journal de l&rsquo;Ath\u00e9n\u00e9e<\/span> <span class=\"meta-nav\">&rarr;<\/span><\/a><\/p>\n","protected":false},"author":2,"featured_media":0,"parent":0,"menu_order":0,"comment_status":"closed","ping_status":"closed","template":"","meta":{"jetpack_post_was_ever_published":false},"_links":{"self":[{"href":"https:\/\/arcampin.be\/secondaire\/wp-json\/wp\/v2\/pages\/7660"}],"collection":[{"href":"https:\/\/arcampin.be\/secondaire\/wp-json\/wp\/v2\/pages"}],"about":[{"href":"https:\/\/arcampin.be\/secondaire\/wp-json\/wp\/v2\/types\/page"}],"author":[{"embeddable":true,"href":"https:\/\/arcampin.be\/secondaire\/wp-json\/wp\/v2\/users\/2"}],"replies":[{"embeddable":true,"href":"https:\/\/arcampin.be\/secondaire\/wp-json\/wp\/v2\/comments?post=7660"}],"version-history":[{"count":15,"href":"https:\/\/arcampin.be\/secondaire\/wp-json\/wp\/v2\/pages\/7660\/revisions"}],"predecessor-version":[{"id":10451,"href":"https:\/\/arcampin.be\/secondaire\/wp-json\/wp\/v2\/pages\/7660\/revisions\/10451"}],"wp:attachment":[{"href":"https:\/\/arcampin.be\/secondaire\/wp-json\/wp\/v2\/media?parent=7660"}],"curies":[{"name":"wp","href":"https:\/\/api.w.org\/{rel}","templated":true}]}}