{"id":5482,"date":"2020-10-09T09:18:45","date_gmt":"2020-10-09T08:18:45","guid":{"rendered":"https:\/\/arcampin.be\/secondaire\/?page_id=5482"},"modified":"2021-11-08T15:56:35","modified_gmt":"2021-11-08T14:56:35","slug":"5482-2","status":"publish","type":"page","link":"https:\/\/arcampin.be\/secondaire\/5482-2","title":{"rendered":"JM OXFAM"},"content":{"rendered":"\n<div class=\"wp-block-image\"><figure class=\"aligncenter is-resized\"><img loading=\"lazy\" src=\"https:\/\/arcampin.be\/secondaire\/wp-content\/uploads\/2020\/10\/JM-OXFAM.png\" alt=\"\" class=\"wp-image-5484\" width=\"334\" height=\"359\" srcset=\"https:\/\/arcampin.be\/secondaire\/wp-content\/uploads\/2020\/10\/JM-OXFAM.png 567w, https:\/\/arcampin.be\/secondaire\/wp-content\/uploads\/2020\/10\/JM-OXFAM-279x300.png 279w\" sizes=\"(max-width: 334px) 100vw, 334px\" \/><\/figure><\/div>\n\n\n<h2 style=\"text-align: center;\"><strong>Horaires du magasin Oxfam<\/strong><\/h2>\n<h2 style=\"text-align: center;\">Le lundi et le mercredi de 10h40 \u00e0 10h55<\/h2>\n<p><em>En mars 2019, d\u00e9butait la grande aventure du \u00ab\u00a0JM Oxfam\u00a0\u00bb\u2026<\/em><\/p>\n<p><em>Une dizaine d\u2019\u00e9l\u00e8ves souhaitant sensibiliser leurs camarades au commerce \u00e9thique et \u00e9quitable ont d\u00e9cid\u00e9 de cr\u00e9er un comit\u00e9 au sein de l\u2019\u00e9cole avec l\u2019aide de leurs professeurs de philosophie et citoyennet\u00e9.<\/em><\/p>\n<p><em>Le comit\u00e9 a \u00e9t\u00e9 form\u00e9 durant une journ\u00e9e au si\u00e8ge d\u2019Oxfam, il s\u2019est r\u00e9uni de nombreuses fois pour r\u00e9fl\u00e9chir \u00e0 la mani\u00e8re dont il allait pr\u00e9senter le projet et organiser les ventes dans l\u2019\u00e9cole.<\/em><\/p>\n<p><em>En septembre 2019, le jeune magasin (JM) Oxfam a vu le jour.<\/em><\/p>\n<p><em>Actuellement, le comit\u00e9 compte 23 membres.<\/em><\/p>\n<p><em>L\u2019\u00e9quipe de vendeurs accueillent les \u00e9l\u00e8ves dans le plus grand respect des normes sanitaires.<\/em><\/p>\n<p class=\"Default\"><em><span lang=\"FR\">Au plaisir de vous y retrouver\u00a0!<\/span><\/em><\/p>\n\n\n<figure class=\"wp-block-image\"><img loading=\"lazy\" width=\"920\" height=\"798\" src=\"https:\/\/arcampin.be\/secondaire\/wp-content\/uploads\/2020\/10\/Oxfam.png\" alt=\"\" class=\"wp-image-5483\" srcset=\"https:\/\/arcampin.be\/secondaire\/wp-content\/uploads\/2020\/10\/Oxfam.png 920w, https:\/\/arcampin.be\/secondaire\/wp-content\/uploads\/2020\/10\/Oxfam-300x260.png 300w, https:\/\/arcampin.be\/secondaire\/wp-content\/uploads\/2020\/10\/Oxfam-768x666.png 768w\" sizes=\"(max-width: 920px) 100vw, 920px\" \/><\/figure>\n\n\n<p><em><strong>Qu\u2019est-ce qu\u2019un produit \u00e9quitable ? <\/strong><\/em><\/p>\n<p><em>Le but est de rendre les populations d\u00e9favoris\u00e9es du Sud plus autonomes et de leur donner la possibilit\u00e9 de se d\u00e9velopper par elles-m\u00eames, sans compter sur une aide ext\u00e9rieure. Il s\u2019agit bien d\u2019une relation commerciale qui valorise, aupr\u00e8s des consommateurs du Nord, la cr\u00e9ativit\u00e9 et l\u2019expertise des travailleurs du Sud.<\/em><\/p>\n<p><em>Contrairement au commerce conventionnel, le commerce \u00e9quitable est un \u00ab partenariat commercial fond\u00e9 sur le dialogue, la transparence et le respect\u2026 \u00bb, qui offre de meilleures conditions commerciales et garantit les droits des producteurs et des travailleurs marginalis\u00e9s, tout particuli\u00e8rement au Sud de la plan\u00e8te. Le commerce \u00e9quitable, c\u2019est donc une r\u00e9ponse aux in\u00e9galit\u00e9s, un mod\u00e8le \u00e9conomique alternatif qui tente de remettre l\u2019\u00e9conomie au service de l\u2019humain et de son environnement.<\/em><\/p>\n<p><em><strong>Les produits \u00e9quitables sont-ils plus chers ? <\/strong><\/em><\/p>\n<p><em>Halte aux clich\u00e9s ! Non, le commerce \u00e9quitable n\u2019est pas toujours plus cher. D\u2019apr\u00e8s une \u00e9tude comparative r\u00e9alis\u00e9e en 2011, au moins trois produits \u00e9quitables Oxfam sur quatre se retrouvent dans la moyenne des prix du march\u00e9 conventionnel.<\/em><\/p>\n<p><em>La qualit\u00e9 des produits \u00e9quitables est souvent sup\u00e9rieure \u00e0 celle des produits conventionnels et ceci pour les raisons suivantes : les produits sont majoritairement r\u00e9alis\u00e9s \u00e0 la main, avec des techniques traditionnelles, et se composent de mati\u00e8res premi\u00e8res, dont la quasi int\u00e9gralit\u00e9 est d\u2019origine naturelle.<\/em><\/p>\n<p><em><strong>Les jeunes magasins Oxfam : <\/strong><\/em><\/p>\n<p><em>Les Jeunes Magasins-Oxfam sont des \u00e9quipes d\u2019\u00e9l\u00e8ves et adultes actives dans leur \u00e9cole secondaire pour un monde plus juste.<\/em><\/p>\n<p><em>Ils vendent \u00e0 certaines r\u00e9cr\u00e9s des produits respectant les producteurs et productrices : chocolat ou jus \u00e9quitables, fruit bio de circuit court \u00e0 la r\u00e9cr\u00e9, caf\u00e9 \u00e9quitable \u00e0 la salle des profs. Ils m\u00e8nent des actions de sensibilisation dans leur \u00e9cole : atelier, d\u00e9bat, grand jeu, expo, quizz, passage dans les classes. Enfin, pour cela, ils s\u2019organisent en \u00e9quipe, s\u2019informent et cherchent \u00e0 comprendre le monde dans lequel ils vivent. Un JM est un lieu d\u2019apprentissage de la d\u00e9mocratie, du d\u00e9bat et de la confrontation d\u2019id\u00e9es.<\/em><\/p>\n<p><em>Aujourd\u2019hui, il y a environ 130 JM-Oxfam en Wallonie et \u00e0 Bruxelles. Le service \u00ab mobilisation jeune \u00bb d\u2019Oxfam les soutient en leur proposant des formations, des outils et des coups de main pour mener \u00e0 bien leurs actions. Pour se lancer une \u00e9quipe JM-Oxfam doit \u00eatre compos\u00e9e d\u2019au moins 8 jeunes (de 14 \u00e0 18 ans) et de 2 adultes (professeurs, \u00e9ducateurs,\u2026).<\/em><\/p>\n<p><em>Changer le monde, \u00e7a commence \u00e0 l\u2019\u00e9cole!<\/em><\/p>\n\n\n<div class=\"wp-block-image\"><figure class=\"aligncenter is-resized\"><img loading=\"lazy\" src=\"https:\/\/arcampin.be\/secondaire\/wp-content\/uploads\/2020\/10\/JM-OXFAM.png\" alt=\"\" class=\"wp-image-5484\" width=\"334\" height=\"359\" srcset=\"https:\/\/arcampin.be\/secondaire\/wp-content\/uploads\/2020\/10\/JM-OXFAM.png 567w, https:\/\/arcampin.be\/secondaire\/wp-content\/uploads\/2020\/10\/JM-OXFAM-279x300.png 279w\" sizes=\"(max-width: 334px) 100vw, 334px\" \/><\/figure><\/div>\n","protected":false},"excerpt":{"rendered":"<p>Horaires du magasin Oxfam Le lundi et le mercredi de 10h40 \u00e0 10h55 En mars 2019, d\u00e9butait la grande aventure du \u00ab\u00a0JM Oxfam\u00a0\u00bb\u2026 Une dizaine d\u2019\u00e9l\u00e8ves souhaitant sensibiliser leurs camarades au commerce \u00e9thique et \u00e9quitable ont d\u00e9cid\u00e9 de cr\u00e9er un comit\u00e9 au sein de l\u2019\u00e9cole avec l\u2019aide de leurs professeurs de philosophie et citoyennet\u00e9. Le &hellip; <a href=\"https:\/\/arcampin.be\/secondaire\/5482-2\" class=\"more-link\">Continuer la lecture de <span class=\"screen-reader-text\">JM OXFAM<\/span> <span class=\"meta-nav\">&rarr;<\/span><\/a><\/p>\n","protected":false},"author":2,"featured_media":0,"parent":0,"menu_order":0,"comment_status":"closed","ping_status":"closed","template":"","meta":{"jetpack_post_was_ever_published":false},"_links":{"self":[{"href":"https:\/\/arcampin.be\/secondaire\/wp-json\/wp\/v2\/pages\/5482"}],"collection":[{"href":"https:\/\/arcampin.be\/secondaire\/wp-json\/wp\/v2\/pages"}],"about":[{"href":"https:\/\/arcampin.be\/secondaire\/wp-json\/wp\/v2\/types\/page"}],"author":[{"embeddable":true,"href":"https:\/\/arcampin.be\/secondaire\/wp-json\/wp\/v2\/users\/2"}],"replies":[{"embeddable":true,"href":"https:\/\/arcampin.be\/secondaire\/wp-json\/wp\/v2\/comments?post=5482"}],"version-history":[{"count":6,"href":"https:\/\/arcampin.be\/secondaire\/wp-json\/wp\/v2\/pages\/5482\/revisions"}],"predecessor-version":[{"id":6454,"href":"https:\/\/arcampin.be\/secondaire\/wp-json\/wp\/v2\/pages\/5482\/revisions\/6454"}],"wp:attachment":[{"href":"https:\/\/arcampin.be\/secondaire\/wp-json\/wp\/v2\/media?parent=5482"}],"curies":[{"name":"wp","href":"https:\/\/api.w.org\/{rel}","templated":true}]}}