{"id":5382,"date":"2020-09-02T10:03:46","date_gmt":"2020-09-02T09:03:46","guid":{"rendered":"https:\/\/arcampin.be\/secondaire\/?page_id=5382"},"modified":"2022-09-15T08:01:39","modified_gmt":"2022-09-15T07:01:39","slug":"solidarite-education-lycee-tornacum-a-s-b-l","status":"publish","type":"page","link":"https:\/\/arcampin.be\/secondaire\/solidarite-education-lycee-tornacum-a-s-b-l","title":{"rendered":"Solidarit\u00e9, \u00c9ducation, Lyc\u00e9e, Tornacum, A.S.B.L."},"content":{"rendered":"\n<div class=\"wp-block-image\"><figure class=\"aligncenter is-resized\"><img loading=\"lazy\" src=\"https:\/\/arcampin.be\/secondaire\/wp-content\/uploads\/2020\/09\/Capture-d\u2019e\u0301cran-2020-09-03-a\u0300-11.10.07.png\" alt=\"\" class=\"wp-image-5396\" width=\"221\" height=\"206\" srcset=\"https:\/\/arcampin.be\/secondaire\/wp-content\/uploads\/2020\/09\/Capture-d\u2019e\u0301cran-2020-09-03-a\u0300-11.10.07.png 522w, https:\/\/arcampin.be\/secondaire\/wp-content\/uploads\/2020\/09\/Capture-d\u2019e\u0301cran-2020-09-03-a\u0300-11.10.07-300x279.png 300w\" sizes=\"(max-width: 221px) 100vw, 221px\" \/><\/figure><\/div>\n\n\n<h4 class=\"mfn553m3\"><span class=\"gvxzyvdx aeinzg81 t7p7dqev gh25dzvf tb6i94ri gupuyl1y i2onq4tn k1z55t6l oog5qr5w tes86rjd pbevjfx6\">[SELTOR &#8211; Communication &#8211; Aides]<\/span><\/h4>\n<h4 class=\"mfn553m3\"><span class=\"gvxzyvdx aeinzg81 t7p7dqev gh25dzvf tb6i94ri gupuyl1y i2onq4tn k1z55t6l oog5qr5w tes86rjd pbevjfx6\"><b>Solidarit\u00e9, \u00c9ducation, Lyc\u00e9e, Tornacum, A.S.B.L.<\/b><\/span><\/h4>\n<p class=\"mfn553m3\"><em><span class=\"gvxzyvdx aeinzg81 t7p7dqev gh25dzvf tb6i94ri gupuyl1y i2onq4tn k1z55t6l oog5qr5w tes86rjd pbevjfx6\">Chers parents,<\/span><\/em><\/p>\n<div class=\"mfn553m3\"><em><span class=\"gvxzyvdx aeinzg81 t7p7dqev gh25dzvf tb6i94ri gupuyl1y i2onq4tn k1z55t6l oog5qr5w tes86rjd pbevjfx6\">L\u2019Ath\u00e9n\u00e9e Royal Robert\u00a0<b>Campin<\/b>\u00a0dispose d\u2019une amicale :\u00a0<b>l\u2019A.S.B.L. Seltor.\u00a0<\/b>Cette association, tenue par des professeurs b\u00e9n\u00e9voles, a pour principal but de venir en aide, de mani\u00e8re partielle, aux \u00e9l\u00e8ves rencontrant des difficult\u00e9s\u00a0financi\u00e8res. Ainsi, ce soutien peut concerner divers points tels que le forfait photocopies, la participation aux voyages scolaires ou encore l\u2019achat de fournitures, etc. Le financement de cette association se fait gr\u00e2ce aux festivit\u00e9s scolaires ; de l\u00e0 l\u2019importance d\u2019y participer !<\/span><\/em><\/div>\n<div>\u00a0<\/div>\n<div class=\"mfn553m3\"><span class=\"gvxzyvdx aeinzg81 t7p7dqev gh25dzvf tb6i94ri gupuyl1y i2onq4tn k1z55t6l oog5qr5w tes86rjd pbevjfx6\"><b><u>Seltor d\u00e9veloppe diff\u00e9rentes activit\u00e9s au sein de notre \u00e9tablissement :<\/u><\/b><\/span><\/div>\n<div>\u00a0<\/div>\n<div class=\"mfn553m3\"><em><span class=\"gvxzyvdx aeinzg81 t7p7dqev gh25dzvf tb6i94ri gupuyl1y i2onq4tn k1z55t6l oog5qr5w tes86rjd pbevjfx6\">&#8211; une assistance financi\u00e8re discr\u00e8te aux \u00e9l\u00e8ves momentan\u00e9ment en difficult\u00e9,<\/span><\/em><\/div>\n<div class=\"mfn553m3\"><em><span class=\"gvxzyvdx aeinzg81 t7p7dqev gh25dzvf tb6i94ri gupuyl1y i2onq4tn k1z55t6l oog5qr5w tes86rjd pbevjfx6\">&#8211; la gestion des casiers, des distributeurs, etc.<\/span><\/em><\/div>\n<div class=\"mfn553m3\"><em><span class=\"gvxzyvdx aeinzg81 t7p7dqev gh25dzvf tb6i94ri gupuyl1y i2onq4tn k1z55t6l oog5qr5w tes86rjd pbevjfx6\">&#8211; l\u2019organisation de diff\u00e9rents \u00e9v\u00e9nements culturels et festifs propres \u00e0 notre \u00e9tablissement.<\/span><\/em><\/div>\n<div class=\"mfn553m3\"><em><span class=\"gvxzyvdx aeinzg81 t7p7dqev gh25dzvf tb6i94ri gupuyl1y i2onq4tn k1z55t6l oog5qr5w tes86rjd pbevjfx6\">Comme vous pouvez le constater, notre but est donc d\u2019optimiser les conditions de vie dans notre \u00e9tablissement et de permettre \u00e0\u00a0<b>tous\u00a0<\/b>nos \u00e9l\u00e8ves de participer aux diff\u00e9rentes activit\u00e9s organis\u00e9es durant l\u2019ann\u00e9e.<\/span><\/em><\/div>\n<div>\u00a0<\/div>\n<div class=\"mfn553m3\"><span class=\"gvxzyvdx aeinzg81 t7p7dqev gh25dzvf tb6i94ri gupuyl1y i2onq4tn k1z55t6l oog5qr5w tes86rjd pbevjfx6\"><b><u>Aide sociale et financi\u00e8re :<\/u><\/b><\/span><\/div>\n<div>\u00a0<\/div>\n<div class=\"mfn553m3\"><em><span class=\"gvxzyvdx aeinzg81 t7p7dqev gh25dzvf tb6i94ri gupuyl1y i2onq4tn k1z55t6l oog5qr5w tes86rjd pbevjfx6\">Comme vous \u00eates d\u00e8s aujourd&rsquo;hui (ou serez bient\u00f4t) en possession du relev\u00e9 annuel des frais scolaires qui vous incombent, nous nous permettons d\u2019attirer votre attention sur le fait que\u00a0<b>toute demande d\u2019aide doit nous \u00eatre signal\u00e9e par email<\/b>\u00a0<b>avant le vendredi 21 octobre 2022<\/b>. Cela nous permettra ainsi d\u2019organiser et de planifier au mieux l\u2019aide \u00e0 apporter \u00e0 vos enfants.<\/span><\/em><\/div>\n<div>\u00a0<\/div>\n<div class=\"mfn553m3\"><em><span class=\"gvxzyvdx aeinzg81 t7p7dqev gh25dzvf tb6i94ri gupuyl1y i2onq4tn k1z55t6l oog5qr5w tes86rjd pbevjfx6\">Toute demande qui nous sera adress\u00e9e fera l\u2019objet de la plus grande discr\u00e9tion. D\u00e8s r\u00e9ception de votre requ\u00eate, nous vous contacterons afin de vous informer des modalit\u00e9s \u00e0 remplir pour constituer un dossier d\u2019aide.<\/span><\/em><\/div>\n<div class=\"mfn553m3\"><em><span class=\"gvxzyvdx aeinzg81 t7p7dqev gh25dzvf tb6i94ri gupuyl1y i2onq4tn k1z55t6l oog5qr5w tes86rjd pbevjfx6\">Toujours \u00e0 votre disposition pour d\u2019\u00e9ventuelles informations compl\u00e9mentaires, recevez, Madame, Monsieur, Chers parents, l\u2019expression de nos meilleures salutations.<\/span><\/em><\/div>\n<div>\u00a0<\/div>\n<div class=\"mfn553m3\"><em><span class=\"gvxzyvdx aeinzg81 t7p7dqev gh25dzvf tb6i94ri gupuyl1y i2onq4tn k1z55t6l oog5qr5w tes86rjd pbevjfx6\">Pour le SELTOR,<\/span><\/em><\/div>\n<div class=\"mfn553m3\"><em><span class=\"gvxzyvdx aeinzg81 t7p7dqev gh25dzvf tb6i94ri gupuyl1y i2onq4tn k1z55t6l oog5qr5w tes86rjd pbevjfx6\">Mme Carton, Pr\u00e9sidente<\/span><\/em><\/div>\n<div class=\"mfn553m3\"><em><span class=\"gvxzyvdx aeinzg81 t7p7dqev gh25dzvf tb6i94ri gupuyl1y i2onq4tn k1z55t6l oog5qr5w tes86rjd pbevjfx6\">Mr Baudoin, Vice-Pr\u00e9sident<\/span><\/em><\/div>\n<div class=\"mfn553m3\"><em><span class=\"gvxzyvdx aeinzg81 t7p7dqev gh25dzvf tb6i94ri gupuyl1y i2onq4tn k1z55t6l oog5qr5w tes86rjd pbevjfx6\">Mr Nulens, Tr\u00e9sorier<\/span><\/em><\/div>\n<div class=\"mfn553m3\"><em><span class=\"gvxzyvdx aeinzg81 t7p7dqev gh25dzvf tb6i94ri gupuyl1y i2onq4tn k1z55t6l oog5qr5w tes86rjd pbevjfx6\">Mme Cuvelier, Secr\u00e9taire<\/span><\/em><\/div>\n<div class=\"mfn553m3\"><em><span class=\"gvxzyvdx aeinzg81 t7p7dqev gh25dzvf tb6i94ri gupuyl1y i2onq4tn k1z55t6l oog5qr5w tes86rjd pbevjfx6\">Asbl Seltor (Ath\u00e9n\u00e9e Royal Robert Campin)<\/span><\/em><\/div>\n<div class=\"mfn553m3\"><em><span class=\"gvxzyvdx aeinzg81 t7p7dqev gh25dzvf tb6i94ri gupuyl1y i2onq4tn k1z55t6l oog5qr5w tes86rjd pbevjfx6\">Rue du Ch\u00e2teau, 18<\/span><\/em><\/div>\n<div class=\"mfn553m3\"><em><span class=\"gvxzyvdx aeinzg81 t7p7dqev gh25dzvf tb6i94ri gupuyl1y i2onq4tn k1z55t6l oog5qr5w tes86rjd pbevjfx6\">7500 Tournai<\/span><\/em><\/div>\n<div class=\"mfn553m3\"><em><span class=\"gvxzyvdx aeinzg81 t7p7dqev gh25dzvf tb6i94ri gupuyl1y i2onq4tn k1z55t6l oog5qr5w tes86rjd pbevjfx6\">T\u00e9l. : 069 \/ 222 666<\/span><\/em><\/div>\n<div class=\"mfn553m3\"><em><span class=\"gvxzyvdx aeinzg81 t7p7dqev gh25dzvf tb6i94ri gupuyl1y i2onq4tn k1z55t6l oog5qr5w tes86rjd pbevjfx6\">Mail : seltor.campin@hotmail.com<\/span><\/em><\/div>","protected":false},"excerpt":{"rendered":"<p>[SELTOR &#8211; Communication &#8211; Aides] Solidarit\u00e9, \u00c9ducation, Lyc\u00e9e, Tornacum, A.S.B.L. Chers parents, L\u2019Ath\u00e9n\u00e9e Royal Robert\u00a0Campin\u00a0dispose d\u2019une amicale :\u00a0l\u2019A.S.B.L. Seltor.\u00a0Cette association, tenue par des professeurs b\u00e9n\u00e9voles, a pour principal but de venir en aide, de mani\u00e8re partielle, aux \u00e9l\u00e8ves rencontrant des difficult\u00e9s\u00a0financi\u00e8res. Ainsi, ce soutien peut concerner divers points tels que le forfait photocopies, la participation &hellip; <a href=\"https:\/\/arcampin.be\/secondaire\/solidarite-education-lycee-tornacum-a-s-b-l\" class=\"more-link\">Continuer la lecture de <span class=\"screen-reader-text\">Solidarit\u00e9, \u00c9ducation, Lyc\u00e9e, Tornacum, A.S.B.L.<\/span> <span class=\"meta-nav\">&rarr;<\/span><\/a><\/p>\n","protected":false},"author":2,"featured_media":0,"parent":0,"menu_order":0,"comment_status":"closed","ping_status":"closed","template":"","meta":{"jetpack_post_was_ever_published":false},"_links":{"self":[{"href":"https:\/\/arcampin.be\/secondaire\/wp-json\/wp\/v2\/pages\/5382"}],"collection":[{"href":"https:\/\/arcampin.be\/secondaire\/wp-json\/wp\/v2\/pages"}],"about":[{"href":"https:\/\/arcampin.be\/secondaire\/wp-json\/wp\/v2\/types\/page"}],"author":[{"embeddable":true,"href":"https:\/\/arcampin.be\/secondaire\/wp-json\/wp\/v2\/users\/2"}],"replies":[{"embeddable":true,"href":"https:\/\/arcampin.be\/secondaire\/wp-json\/wp\/v2\/comments?post=5382"}],"version-history":[{"count":10,"href":"https:\/\/arcampin.be\/secondaire\/wp-json\/wp\/v2\/pages\/5382\/revisions"}],"predecessor-version":[{"id":7448,"href":"https:\/\/arcampin.be\/secondaire\/wp-json\/wp\/v2\/pages\/5382\/revisions\/7448"}],"wp:attachment":[{"href":"https:\/\/arcampin.be\/secondaire\/wp-json\/wp\/v2\/media?parent=5382"}],"curies":[{"name":"wp","href":"https:\/\/api.w.org\/{rel}","templated":true}]}}