{"id":5,"date":"2016-08-18T14:29:30","date_gmt":"2016-08-18T13:29:30","guid":{"rendered":"https:\/\/arcampin.be\/secondaire\/?page_id=5"},"modified":"2023-12-08T08:35:36","modified_gmt":"2023-12-08T07:35:36","slug":"ecole","status":"publish","type":"page","link":"https:\/\/arcampin.be\/secondaire\/ecole","title":{"rendered":"Notre \u00e9cole"},"content":{"rendered":"\n<figure class=\"wp-block-image\"><img loading=\"lazy\" width=\"1024\" height=\"768\" src=\"https:\/\/arcampin.be\/secondaire\/wp-content\/uploads\/2022\/04\/AR-Campin-1024x768.jpeg\" alt=\"\" class=\"wp-image-7081\" srcset=\"https:\/\/arcampin.be\/secondaire\/wp-content\/uploads\/2022\/04\/AR-Campin-1024x768.jpeg 1024w, https:\/\/arcampin.be\/secondaire\/wp-content\/uploads\/2022\/04\/AR-Campin-300x225.jpeg 300w, https:\/\/arcampin.be\/secondaire\/wp-content\/uploads\/2022\/04\/AR-Campin-768x576.jpeg 768w, https:\/\/arcampin.be\/secondaire\/wp-content\/uploads\/2022\/04\/AR-Campin.jpeg 2016w\" sizes=\"(max-width: 1024px) 100vw, 1024px\" \/><\/figure>\n\n\n<h2 style=\"text-align: left;\"><span style=\"color: #800000;\">Bienvenue \u00e0 l&rsquo;Ath\u00e9n\u00e9e !<\/span><\/h2>\n<p style=\"text-align: justify;\">L\u2019ath\u00e9n\u00e9e Royal Robert Campin, c\u2019est une \u00e9cole qui a adopt\u00e9 la <strong>chouette<\/strong>, symbole d\u2019Ath\u00e9na, la d\u00e9esse grecque du savoir et de la sagesse. C&rsquo;est <strong>un\u00a0continuum p\u00e9dagogique<\/strong> pour vos enfants de 2,5 ans \u00e0 18 ans !<\/p>\n<p style=\"text-align: justify;\">Voici notre devise : <strong>R\u00e9ussir ensemble et conduire chacun vers sa propre excellence&#8230;<\/strong><\/p>\n<div id='gallery-1' class='gallery galleryid-5 gallery-columns-4 gallery-size-thumbnail'><figure class='gallery-item'>\n\t\t\t<div class='gallery-icon landscape'>\n\t\t\t\t<a href='https:\/\/arcampin.be\/secondaire\/53239462_10218781219547282_2812204264544272384_o'><img width=\"150\" height=\"150\" src=\"https:\/\/arcampin.be\/secondaire\/wp-content\/uploads\/2019\/03\/53239462_10218781219547282_2812204264544272384_o-150x150.jpg\" class=\"attachment-thumbnail size-thumbnail\" alt=\"\" loading=\"lazy\" \/><\/a>\n\t\t\t<\/div><\/figure><figure class='gallery-item'>\n\t\t\t<div class='gallery-icon landscape'>\n\t\t\t\t<a href='https:\/\/arcampin.be\/secondaire\/archives\/3156\/5eme-imm-1'><img width=\"150\" height=\"150\" src=\"https:\/\/arcampin.be\/secondaire\/wp-content\/uploads\/2018\/03\/5e\u0300me-imm-1-150x150.png\" class=\"attachment-thumbnail size-thumbnail\" alt=\"\" loading=\"lazy\" \/><\/a>\n\t\t\t<\/div><\/figure><figure class='gallery-item'>\n\t\t\t<div class='gallery-icon landscape'>\n\t\t\t\t<a href='https:\/\/arcampin.be\/secondaire\/52598071_10161377698730366_7625635526908837888_n'><img width=\"150\" height=\"150\" src=\"https:\/\/arcampin.be\/secondaire\/wp-content\/uploads\/2019\/02\/52598071_10161377698730366_7625635526908837888_n-150x150.jpg\" class=\"attachment-thumbnail size-thumbnail\" alt=\"\" loading=\"lazy\" \/><\/a>\n\t\t\t<\/div><\/figure><figure class='gallery-item'>\n\t\t\t<div class='gallery-icon landscape'>\n\t\t\t\t<a href='https:\/\/arcampin.be\/secondaire\/img_20171128_112355'><img width=\"150\" height=\"150\" src=\"https:\/\/arcampin.be\/secondaire\/wp-content\/uploads\/2018\/01\/IMG_20171128_112355-150x150.jpg\" class=\"attachment-thumbnail size-thumbnail\" alt=\"\" loading=\"lazy\" \/><\/a>\n\t\t\t<\/div><\/figure>\n\t\t<\/div>\n\n<hr \/>\n<h2 style=\"text-align: left;\"><span style=\"color: #800000;\"><strong>Les plus de\u00a0notre \u00e9tablissement ?<\/strong><\/span><\/h2>\n<ul>\n<li><strong>Immersion<\/strong> pr\u00e9coce en anglais d\u00e8s la 3\u00e8me maternelle<\/li>\n<li><strong>Immersion<\/strong> en\u00a0<strong>anglais<\/strong> en 1\u00e8re secondaire<\/li>\n<li><strong>Projets d&rsquo;aide \u00e0 la r\u00e9ussite :<\/strong> \u00e9cole des devoirs, m\u00e9thodologie de travail, tutorat, coaching, rem\u00e9diations, cours passerelle vers l\u2019enseignement sup\u00e9rieur<\/li>\n<li><strong>Ecole num\u00e9rique :<\/strong> tableaux et t\u00e9l\u00e9visions interactifs utilis\u00e9s dans de nombreux cours<\/li>\n<li><strong>Nombreuses options :\u00a0<\/strong>Campin c&rsquo;est l&rsquo;\u00e9cole des sciences, des math\u00e9matiques, de la culture, de la citoyennet\u00e9, des lettres, des sports, des langues, de l&rsquo;informatique.<\/li>\n<li>Prise en charge des \u00e9l\u00e8ves \u00e0 <strong>hauts potentiels et personnes ressources<\/strong> (<em>H.P., dyscalculie, dyspraxie, dyslexie<\/em>)<\/li>\n<li>Cours et examens <strong>en commun<\/strong><\/li>\n<\/ul>\n<hr \/>\n<h2 style=\"text-align: left;\"><span style=\"color: #800000;\">Mais aussi &#8230;<\/span><\/h2>\n<p><strong>Une \u00e9cole tourn\u00e9e vers les derni\u00e8res technologies :<\/strong><\/p>\n<p>Notre \u00e9cole dispose de plusieurs tableaux et t\u00e9l\u00e9visions interactifs. L&rsquo;utilisation de ce nouveau support permet aux professeurs de rendre leurs cours plus attrayants : graphiques math\u00e9matiques anim\u00e9s ou cartes de g\u00e9ographie \u00e9volutives !<\/p>\n<p style=\"text-align: justify;\"><strong>Un terrain multi-sports :<\/strong><\/p>\n<p style=\"text-align: justify;\">La cour de l&rsquo;Ath\u00e9n\u00e9e (compl\u00e8tement r\u00e9nov\u00e9e en 2012) accueille un terrain permettant de jouer aussi bien au football, qu&rsquo;au handball ou basket &#8230;<br \/>Un coin de verdure pour les \u00e9l\u00e8ves de rh\u00e9to<br \/>Un espace vert permet aux \u00e9l\u00e8ves de 6\u00e8me secondaire de travailler au plein air les jours de bon temps &#8230;<\/p>\n<p style=\"text-align: justify;\"><strong>Location d&rsquo;un casier :<\/strong><\/p>\n<p style=\"text-align: justify;\">Pour leur permettre d\u2019all\u00e9ger leur cartable, les \u00e9l\u00e8ves peuvent louer un casier pour y d\u00e9poser le matin le mat\u00e9riel scolaire qui servira plus tard dans la journ\u00e9e.\u00a0<\/p>\n<p style=\"text-align: justify;\"><strong>Un restaurant scolaire et son self-service :<\/strong><\/p>\n<p style=\"text-align: justify;\">Nos propres cuisiniers pr\u00e9parent des plats chauds et frais chaque jour. La restauration n&rsquo;est donc pas industrielle! Plusieurs formules le midi sont propos\u00e9es \u00e0 vos enfants : un repas chaud, une salade de nos cuisines ou un sandwich pr\u00e9par\u00e9 \u00e0 la demande, plusieurs vari\u00e9t\u00e9s. Les \u00e9l\u00e8ves qui emportent un casse-cro\u00fbte ont la possibilit\u00e9 de prendre un potage !<\/p>\n<p style=\"text-align: justify;\"><strong>Une ASBL (SELTOR) :<\/strong><\/p>\n<p style=\"text-align: justify;\">Campin dispose d\u2019une amicale, l\u2019A.S.B.L. SELTOR qui d\u00e9veloppe diff\u00e9rentes activit\u00e9s au sein de l\u2019\u00e9tablissement: une assistance financi\u00e8re discr\u00e8te aux \u00e9l\u00e8ves momentan\u00e9ment en difficult\u00e9 ; la gestion du pr\u00eat des livres (5\u20ac\/livre), des casiers, des distributeurs ; une participation financi\u00e8re lors de l\u2019achat de nouveaux livres, mat\u00e9riels didactiques, lors des diff\u00e9rents voyages \u00e9ducatifs, des activit\u00e9s p\u00e9dagogiques extra scolaires ; l\u2019organisation de diff\u00e9rents \u00e9v\u00e9nements culturels et festifs propres \u00e0 notre \u00e9tablissement (Quizz, Souper-Spectacle, Bal) &#8230;<\/p>\n<p style=\"text-align: justify;\"><strong>Un Centre P.M.S. :<\/strong><\/p>\n<p style=\"text-align: justify;\">Une antenne du Centre PMS install\u00e9e dans l\u2019\u00e9tablissement aide les \u00e9l\u00e8ves qui le souhaitent dans le choix d\u2019une orientation d\u2019\u00e9tudes et dans les diff\u00e9rents probl\u00e8mes qu\u2019ils peuvent rencontrer tout au long de leur scolarit\u00e9.<\/p>\n<hr \/>","protected":false},"excerpt":{"rendered":"<p>Bienvenue \u00e0 l&rsquo;Ath\u00e9n\u00e9e ! L\u2019ath\u00e9n\u00e9e Royal Robert Campin, c\u2019est une \u00e9cole qui a adopt\u00e9 la chouette, symbole d\u2019Ath\u00e9na, la d\u00e9esse grecque du savoir et de la sagesse. C&rsquo;est un\u00a0continuum p\u00e9dagogique pour vos enfants de 2,5 ans \u00e0 18 ans ! Voici notre devise : R\u00e9ussir ensemble et conduire chacun vers sa propre excellence&#8230; Les plus &hellip; <a href=\"https:\/\/arcampin.be\/secondaire\/ecole\" class=\"more-link\">Continuer la lecture de <span class=\"screen-reader-text\">Notre \u00e9cole<\/span> <span class=\"meta-nav\">&rarr;<\/span><\/a><\/p>\n","protected":false},"author":2,"featured_media":0,"parent":0,"menu_order":1,"comment_status":"closed","ping_status":"closed","template":"","meta":{"jetpack_post_was_ever_published":false},"_links":{"self":[{"href":"https:\/\/arcampin.be\/secondaire\/wp-json\/wp\/v2\/pages\/5"}],"collection":[{"href":"https:\/\/arcampin.be\/secondaire\/wp-json\/wp\/v2\/pages"}],"about":[{"href":"https:\/\/arcampin.be\/secondaire\/wp-json\/wp\/v2\/types\/page"}],"author":[{"embeddable":true,"href":"https:\/\/arcampin.be\/secondaire\/wp-json\/wp\/v2\/users\/2"}],"replies":[{"embeddable":true,"href":"https:\/\/arcampin.be\/secondaire\/wp-json\/wp\/v2\/comments?post=5"}],"version-history":[{"count":32,"href":"https:\/\/arcampin.be\/secondaire\/wp-json\/wp\/v2\/pages\/5\/revisions"}],"predecessor-version":[{"id":9063,"href":"https:\/\/arcampin.be\/secondaire\/wp-json\/wp\/v2\/pages\/5\/revisions\/9063"}],"wp:attachment":[{"href":"https:\/\/arcampin.be\/secondaire\/wp-json\/wp\/v2\/media?parent=5"}],"curies":[{"name":"wp","href":"https:\/\/api.w.org\/{rel}","templated":true}]}}