{"id":49,"date":"2016-08-18T15:53:46","date_gmt":"2016-08-18T14:53:46","guid":{"rendered":"https:\/\/arcampin.be\/secondaire\/?page_id=49"},"modified":"2026-02-10T13:39:03","modified_gmt":"2026-02-10T12:39:03","slug":"contacts","status":"publish","type":"page","link":"https:\/\/arcampin.be\/secondaire\/contacts","title":{"rendered":"Contacts"},"content":{"rendered":"\n<div class=\"wp-container-10 wp-block-columns\">\n<div class=\"wp-container-9 wp-block-column\" style=\"flex-basis:100%\">\n<div class=\"wp-block-cover is-light\" style=\"min-height:100vh\"><span aria-hidden=\"true\" class=\"wp-block-cover__background has-background-dim-0 has-background-dim\"><\/span><div class=\"wp-block-cover__inner-container\">\n<div class=\"wp-container-8 wp-block-group\"><div class=\"wp-block-group__inner-container\">\n<div class=\"wp-container-7 wp-block-group\"><div class=\"wp-block-group__inner-container\">\n<div class=\"wp-container-6 wp-block-group\"><div class=\"wp-block-group__inner-container\">\n<div class=\"wp-container-5 wp-block-group\"><div class=\"wp-block-group__inner-container\">\n<div class=\"wp-container-4 wp-block-group\"><div class=\"wp-block-group__inner-container\">\n<div class=\"wp-container-3 wp-block-columns\">\n<div class=\"wp-container-2 wp-block-column\" style=\"flex-basis:100%\">\n<div class=\"wp-container-1 wp-block-group\"><div class=\"wp-block-group__inner-container\">\n<figure class=\"wp-block-table aligncenter is-style-regular has-small-font-size\"><table class=\"has-dark-gray-color has-white-background-color has-text-color has-background\"><tbody><tr><td><strong>Section maternelle<\/strong><\/td><td><strong>Avenue de Gaulle, 11<\/strong> &#8211; <strong>7500 Tournai<\/strong><\/td><td><strong>T\u00e9l. 069\/22.20.77.<\/strong><\/td><\/tr><tr><td><em>Directrice<\/em><\/td><td><em>Madame Calcus<\/em><\/td><td><em>campinmaternel@gmail.com<\/em><\/td><\/tr><tr><td><strong>Section primaire<\/strong><\/td><td><strong>Rue du Ch\u00e2teau, 18<\/strong> <strong>&#8211; 7500 Tournai<\/strong><\/td><td><strong>T\u00e9l. 069\/22.57.64.<\/strong><\/td><\/tr><tr><td><em>Directrice<\/em><\/td><td><em>Madame Viaene<\/em><\/td><td><em>arcampindv@gmail.com<\/em><\/td><\/tr><tr><td><strong>Section secondaire<\/strong><\/td><td><strong>Rue du Ch\u00e2teau, 18 &#8211; 7500 Tournai<\/strong><\/td><td><strong>T\u00e9l. 069\/22.26.66.<\/strong><\/td><\/tr><tr><td><em>Directeur a.i.<\/em><\/td><td><em>Monsieur Duchatelet<\/em><\/td><td><\/td><\/tr><tr><td><em>Directeur Adjoint f.f.<\/em><\/td><td><em>Monsieur Jayer<\/em><\/td><td><\/td><\/tr><tr><td><em>Secr\u00e9taire de direction<\/em><\/td><td><em>Madame Ducastel<\/em><\/td><td>s<em>ecretariat@arcampin.be<\/em><\/td><\/tr><tr><td><em>Comptable<\/em> <\/td><td><em>Monsieur<\/em> <em>Denuit<\/em><\/td><td><em>T\u00e9l : 069\/22.33.75.<\/em><\/td><\/tr><tr><td><\/td><td><\/td><td><em>comptable@arcampin.be<\/em><\/td><\/tr><tr><td><em>Personnes ressources <\/em><\/td><td><em>Madame Dubois<\/em><\/td><td><em><a rel=\"noreferrer noopener\" href=\"http:\/\/dyscampin.wixsite.com\/le-coin-dys-campin\" target=\"_blank\">Le coin \u00ab\u00a0DYS\u00a0\u00bb<\/a><\/em><\/td><\/tr><tr><td><em>Equipe \u00e9ducative <\/em><\/td><td><em>Monsieur Mabrouck<\/em><\/td><td><em>educateurs@arcampin.be<\/em><\/td><\/tr><tr><td><\/td><td><em>Madame Vanhabost (1\u00e8re)<\/em><\/td><td><\/td><\/tr><tr><td><\/td><td><em><em>Madame Vandeputte <\/em>(2\u00e8me)<\/em><\/td><td><\/td><\/tr><tr><td><\/td><td><em>Monsieur Carette (3\u00e8me)<\/em><\/td><td><\/td><\/tr><tr><td><\/td><td><em><em>Mme <em>Vandeputte <\/em><\/em><\/em>&amp; <em>M. Carette (4\u00e8me<\/em>)<\/td><td><\/td><\/tr><tr><td><\/td><td><em>Mme Vanhabost &amp; M. Baudart (5\u00e8me)<\/em><\/td><td><\/td><\/tr><tr><td><\/td><td><em>M. Baudart (6\u00e8me)<\/em><\/td><td><\/td><\/tr><\/tbody><\/table><\/figure>\n<\/div><\/div>\n<\/div>\n<\/div>\n<\/div><\/div>\n<\/div><\/div>\n<\/div><\/div>\n<\/div><\/div>\n<\/div><\/div>\n<\/div><\/div>\n<\/div>\n<\/div>\n\n\n\n<p><em>L&rsquo;Ath\u00e9n\u00e9e Campin est situ\u00e9 \u00e0 Tournai dans la Province du Hainaut (Belgique). L&rsquo;\u00e9cole b\u00e9n\u00e9ficie d&rsquo;une tr\u00e8s bonne situation g\u00e9ographique avec la gare de Tournai situ\u00e9e \u00e0 cinq minutes \u00e0 pieds et un acc\u00e8s autoroutier \u00e0 proximit\u00e9.<\/em><\/p>\n\n\n<p><\/p>\n<figure id=\"attachment_123\" aria-describedby=\"caption-attachment-123\" style=\"width: 578px\" class=\"wp-caption aligncenter\"><img loading=\"lazy\" class=\" wp-image-123\" src=\"https:\/\/arcampin.be\/secondaire\/wp-content\/uploads\/2016\/08\/plan.png\" alt=\"Implantations\" width=\"578\" height=\"567\" srcset=\"https:\/\/arcampin.be\/secondaire\/wp-content\/uploads\/2016\/08\/plan.png 556w, https:\/\/arcampin.be\/secondaire\/wp-content\/uploads\/2016\/08\/plan-300x294.png 300w\" sizes=\"(max-width: 578px) 100vw, 578px\" \/><figcaption id=\"caption-attachment-123\" class=\"wp-caption-text\"><strong>Les deux implantations de notre Ath\u00e9n\u00e9e. <span style=\"color: #3366ff;\">Section maternelle<\/span> \/ <span style=\"color: #ff0000;\">Section primaire et secondaire<span style=\"color: #000000;\">.<\/span><\/span><\/strong><\/figcaption><\/figure>","protected":false},"excerpt":{"rendered":"<p>L&rsquo;Ath\u00e9n\u00e9e Campin est situ\u00e9 \u00e0 Tournai dans la Province du Hainaut (Belgique). L&rsquo;\u00e9cole b\u00e9n\u00e9ficie d&rsquo;une tr\u00e8s bonne situation g\u00e9ographique avec la gare de Tournai situ\u00e9e \u00e0 cinq minutes \u00e0 pieds et un acc\u00e8s autoroutier \u00e0 proximit\u00e9.<\/p>\n","protected":false},"author":2,"featured_media":0,"parent":0,"menu_order":7,"comment_status":"closed","ping_status":"closed","template":"","meta":{"jetpack_post_was_ever_published":false},"_links":{"self":[{"href":"https:\/\/arcampin.be\/secondaire\/wp-json\/wp\/v2\/pages\/49"}],"collection":[{"href":"https:\/\/arcampin.be\/secondaire\/wp-json\/wp\/v2\/pages"}],"about":[{"href":"https:\/\/arcampin.be\/secondaire\/wp-json\/wp\/v2\/types\/page"}],"author":[{"embeddable":true,"href":"https:\/\/arcampin.be\/secondaire\/wp-json\/wp\/v2\/users\/2"}],"replies":[{"embeddable":true,"href":"https:\/\/arcampin.be\/secondaire\/wp-json\/wp\/v2\/comments?post=49"}],"version-history":[{"count":75,"href":"https:\/\/arcampin.be\/secondaire\/wp-json\/wp\/v2\/pages\/49\/revisions"}],"predecessor-version":[{"id":11749,"href":"https:\/\/arcampin.be\/secondaire\/wp-json\/wp\/v2\/pages\/49\/revisions\/11749"}],"wp:attachment":[{"href":"https:\/\/arcampin.be\/secondaire\/wp-json\/wp\/v2\/media?parent=49"}],"curies":[{"name":"wp","href":"https:\/\/api.w.org\/{rel}","templated":true}]}}