{"id":3438,"date":"2018-05-17T13:15:15","date_gmt":"2018-05-17T12:15:15","guid":{"rendered":"https:\/\/arcampin.be\/secondaire\/?page_id=3438"},"modified":"2025-12-04T14:07:06","modified_gmt":"2025-12-04T13:07:06","slug":"inscriptions","status":"publish","type":"page","link":"https:\/\/arcampin.be\/secondaire\/inscriptions","title":{"rendered":"Inscriptions"},"content":{"rendered":"\n<h3><span style=\"color: #668885;\"><strong style=\"font-family: Bitter, Georgia, serif; font-size: 1.4em;\">Documents \u00e0 fournir pour un \u00e9l\u00e8ve scolaris\u00e9 en Belgique<\/strong><\/span><\/h3>\n\n\n\n<p><strong>Pour une inscription en 1\u00e8re commune :<\/strong><\/p>\n\n\n\n<ul><li><em>Les deux formulaires d\u2019inscription &#8211; le<strong> volet g\u00e9n\u00e9ral<\/strong> et le <strong>volet confidentiel<\/strong> fournis par l&rsquo;\u00e9cole primaire.<\/em><\/li><li><em>Le CEB (original).<\/em><\/li><li><em>L&rsquo;attestation de langue suivie en 6\u00e8me primaire (original).<\/em><\/li><li><em>Une copie de la carte d\u2019identit\u00e9 valide de l&rsquo;\u00e9l\u00e8ve.<\/em><\/li><li><em>Etre accompagn\u00e9 par une personne l\u00e9galement responsable.<\/em><\/li><\/ul>\n\n\n\n<p><strong>Pour une inscription dans une autre ann\u00e9e d&rsquo;\u00e9tudes (2\u00e8me \u00e0 6\u00e8me) :<\/strong><\/p>\n\n\n\n<ul><li><em>L&rsquo;autorisation de changement d&rsquo;\u00e9tablissement de l&rsquo;\u00e9cole de d\u00e9part (Uniquement pour une inscription au 1er degr\u00e9 si l&rsquo;\u00e9l\u00e8ve a d\u00e9j\u00e0 suivi une 1\u00e8re ann\u00e9e dans l&rsquo;enseignement secondaire).<\/em><\/li><li><em>Une copie de la carte d\u2019identit\u00e9 valide de l&rsquo;\u00e9l\u00e8ve.<\/em><\/li><li><em>Le dernier bulletin.<\/em><\/li><li><em>Etre accompagn\u00e9 par une personne l\u00e9galement responsable.<\/em><\/li><\/ul>\n\n\n\n<hr class=\"wp-block-separator has-alpha-channel-opacity\"\/>\n\n\n\n<h2><span style=\"color: #668885;\"><strong>Documents \u00e0 fournir pour&nbsp;<\/strong><strong>un \u00e9l\u00e8ve scolaris\u00e9 \u00e0&nbsp; l\u2019\u00e9tranger&nbsp;<\/strong><\/span><\/h2>\n\n\n\n<ul><li><em>Les bulletins des 3 derni\u00e8res ann\u00e9es comportant la d\u00e9cision d&rsquo;orientation pour l&rsquo;ann\u00e9e d&rsquo;\u00e9tudes suivante. Si l&rsquo;\u00e9l\u00e8ve arrive en cours d&rsquo;ann\u00e9e scolaire, il convient de produire les documents scolaires couvrant la p\u00e9riode \u00e9coul\u00e9e entre le d\u00e9but de l&rsquo;ann\u00e9e scolaire et l&rsquo;arriv\u00e9e de l&rsquo;\u00e9l\u00e8ve dans l\u2019\u00e9tablissement d\u2019enseignement en F\u00e9d\u00e9ration Wallonie-Bruxelles.<\/em><\/li><li><em>La carte d\u2019identit\u00e9 de l&rsquo;\u00e9l\u00e8ve.<\/em><\/li><li><em>Un extrait d\u2019acte de naissance original.<\/em><\/li><li><em>La preuve originale de l&rsquo;ex\u00e9cution du paiement des frais couvrant l&rsquo;examen des demandes introduites en vue d&rsquo;obtenir une \u00e9quivalence en application de la loi du 19 mars 1971. Ces frais sont fix\u00e9s \u00e0 76,00\u20ac pour une demande d&rsquo;\u00e9quivalence \u00e0 une attestation de fr\u00e9quentation de la 1\u00e8re ann\u00e9e diff\u00e9renci\u00e9e, \u00e0 un rapport sur les comp\u00e9tences acquises d\u00e9livr\u00e9 \u00e0 l&rsquo;issue de la 1\u00e8re ann\u00e9e commune ou encore \u00e0 une attestation d&rsquo;orientation d\u00e9livr\u00e9e \u00e0 l&rsquo;issue de l&rsquo;une des autres ann\u00e9es de l&rsquo;enseignement secondaire ordinaire de plein exercice. <\/em><em>Le montant des frais sera vers\u00e9 sur le compte IBAN : BE39 0912 1105 1619. (Code BIC : GKCCBEBB) de la banque Belfius au b\u00e9n\u00e9fice de DG Ens. Oblig. &#8211; SG OMFS, recettes \u00e9quivalences 16.21, Rue Adolphe Lavall\u00e9e, 1 &#8211; 1080 BRUXELLES. Quel que soit le mode de paiement, la preuve originale de l&rsquo;ex\u00e9cution du paiement est jointe au dossier et fera appara\u00eetre le num\u00e9ro du compte b\u00e9n\u00e9ficiaire, les noms et pr\u00e9noms du demandeur et le motif du paiement. Document original avec cachet de la banque.<\/em><\/li><li><em>Etre accompagn\u00e9 par une personne l\u00e9galement responsable.<\/em><\/li><\/ul>\n\n\n<hr \/>\n<p>\u00a0<\/p>","protected":false},"excerpt":{"rendered":"<p>Documents \u00e0 fournir pour un \u00e9l\u00e8ve scolaris\u00e9 en Belgique Pour une inscription en 1\u00e8re commune : Les deux formulaires d\u2019inscription &#8211; le volet g\u00e9n\u00e9ral et le volet confidentiel fournis par l&rsquo;\u00e9cole primaire. Le CEB (original). L&rsquo;attestation de langue suivie en 6\u00e8me primaire (original). Une copie de la carte d\u2019identit\u00e9 valide de l&rsquo;\u00e9l\u00e8ve. Etre accompagn\u00e9 par &hellip; <a href=\"https:\/\/arcampin.be\/secondaire\/inscriptions\" class=\"more-link\">Continuer la lecture de <span class=\"screen-reader-text\">Inscriptions<\/span> <span class=\"meta-nav\">&rarr;<\/span><\/a><\/p>\n","protected":false},"author":2,"featured_media":0,"parent":0,"menu_order":0,"comment_status":"closed","ping_status":"closed","template":"","meta":{"jetpack_post_was_ever_published":true},"_links":{"self":[{"href":"https:\/\/arcampin.be\/secondaire\/wp-json\/wp\/v2\/pages\/3438"}],"collection":[{"href":"https:\/\/arcampin.be\/secondaire\/wp-json\/wp\/v2\/pages"}],"about":[{"href":"https:\/\/arcampin.be\/secondaire\/wp-json\/wp\/v2\/types\/page"}],"author":[{"embeddable":true,"href":"https:\/\/arcampin.be\/secondaire\/wp-json\/wp\/v2\/users\/2"}],"replies":[{"embeddable":true,"href":"https:\/\/arcampin.be\/secondaire\/wp-json\/wp\/v2\/comments?post=3438"}],"version-history":[{"count":88,"href":"https:\/\/arcampin.be\/secondaire\/wp-json\/wp\/v2\/pages\/3438\/revisions"}],"predecessor-version":[{"id":11610,"href":"https:\/\/arcampin.be\/secondaire\/wp-json\/wp\/v2\/pages\/3438\/revisions\/11610"}],"wp:attachment":[{"href":"https:\/\/arcampin.be\/secondaire\/wp-json\/wp\/v2\/media?parent=3438"}],"curies":[{"name":"wp","href":"https:\/\/api.w.org\/{rel}","templated":true}]}}