{"id":321,"date":"2016-10-24T15:45:21","date_gmt":"2016-10-24T14:45:21","guid":{"rendered":"https:\/\/arcampin.be\/secondaire\/?page_id=321"},"modified":"2026-04-20T14:25:38","modified_gmt":"2026-04-20T13:25:38","slug":"menu","status":"publish","type":"page","link":"https:\/\/arcampin.be\/secondaire\/menu","title":{"rendered":"Menu"},"content":{"rendered":"\n<figure class=\"wp-block-table is-style-stripes\"><table><tbody><tr><td><strong>Menus<\/strong><\/td><td><\/td><td><\/td><td><\/td><td><\/td><td><\/td><td><\/td><td><\/td><td><\/td><\/tr><tr><td><a href=\"https:\/\/arcampin.be\/secondaire\/wp-content\/uploads\/2025\/12\/Menu-janvier-2026.pdf\" target=\"_blank\" rel=\"noreferrer noopener\"><em>Menu janvier 2026<\/em><\/a><\/td><td><\/td><td><\/td><td><\/td><td><\/td><td><\/td><td><\/td><td><\/td><td><\/td><\/tr><tr><td><a href=\"https:\/\/arcampin.be\/secondaire\/wp-content\/uploads\/2026\/01\/Menu-fevrier-2026-Secondaire.pdf\" target=\"_blank\" rel=\"noreferrer noopener\"><em>Menu f\u00e9vrier 2026<\/em><\/a><\/td><td><\/td><td><\/td><td><\/td><td><\/td><td><\/td><td><\/td><td><\/td><td><\/td><\/tr><tr><td><a href=\"https:\/\/arcampin.be\/secondaire\/wp-content\/uploads\/2026\/02\/Menu-mars-2026.pdf\" target=\"_blank\" rel=\"noreferrer noopener\"><em>Menu mars 2026<\/em><\/a><\/td><td><\/td><td><\/td><td><\/td><td><\/td><td><\/td><td><\/td><td><\/td><td><\/td><\/tr><tr><td><a rel=\"noreferrer noopener\" href=\"https:\/\/arcampin.be\/secondaire\/wp-content\/uploads\/2026\/03\/Menu-avril-2026.pdf\" target=\"_blank\"><em>Menu avril 2026<\/em><\/a><\/td><td><\/td><td><\/td><td><\/td><td><\/td><td><\/td><td><\/td><td><\/td><td><\/td><\/tr><tr><td><a href=\"https:\/\/arcampin.be\/secondaire\/wp-content\/uploads\/2026\/04\/Menu-mai-2026.pdf\"><em>Menu mai 2026<\/em><\/a><\/td><td><\/td><td><\/td><td><\/td><td><\/td><td><\/td><td><\/td><td><\/td><td><\/td><\/tr><\/tbody><\/table><\/figure>\n\n\n\n<figure class=\"wp-block-table is-style-stripes\"><table><tbody><tr><td><strong>Tarifs<\/strong><\/td><td><\/td><\/tr><tr><td><strong>Sandwichs <\/strong>&#8211; <em>am\u00e9ricain, jambon, poulet curry, thon avec\/sans crudit\u00e9s<\/em><\/td><td>2,40\u20ac<\/td><\/tr><tr><td><strong>Sandwichs <\/strong>&#8211; <em>dagobert avec\/sans crudit\u00e9s, fitness, sandwich du mois<\/em><\/td><td>2,60\u20ac<\/td><\/tr><tr><td><strong>Repas chaud <\/strong>&#8211; <em>avec\/sans porc<\/em><\/td><td>4,00\u20ac<\/td><\/tr><\/tbody><\/table><\/figure>\n\n\n<p><span style=\"color: #800000;\"><strong style=\"text-align: justify;\">Le restaurant scolaire <\/strong><\/span><span style=\"color: #800000;\"><strong style=\"text-align: justify;\">et son self : <\/strong><\/span><em><span style=\"text-align: justify;\">Nos propres cuisiniers pr\u00e9parent des plats chauds et frais chaque jour. La restauration n&rsquo;est donc pas industrielle. <\/span><\/em><em><span style=\"text-align: justify;\">Plusieurs formules le midi sont propos\u00e9es \u00e0 vos enfants : un repas chaud (potage, plat, dessert, eau), un sandwich pr\u00e9par\u00e9 \u00e0 la demande (plusieurs vari\u00e9t\u00e9s). <\/span><\/em><span style=\"text-align: justify;\"><em>Les \u00e9l\u00e8ves qui emportent un casse-cro\u00fbte ont la possibilit\u00e9 de prendre un potage gratuit<\/em>.<\/span><\/p>\n<p style=\"text-align: justify;\"><strong><span style=\"color: #800000;\">R\u00e9servation des repas : <\/span><\/strong><em>La r\u00e9servation des repas se fait avec la carte \u00e9tudiant via une \u00ab\u00a0borne\u00a0\u00bb install\u00e9e \u00e0 l&rsquo;entr\u00e9e des \u00e9l\u00e8ves. (R\u00e9servation avant 9h pour le jour \u00ab\u00a0J\u00a0\u00bb et\/ou jusqu\u2019\u00e0 4 jours \u00e0 l&rsquo;avance). <\/em><em>Les commandes des \u00e9l\u00e8ves sont consultables sur la plateforme \u00ab\u00a0Ecole en ligne\u00a0\u00bb.<\/em><\/p>","protected":false},"excerpt":{"rendered":"<p>Menus Menu janvier 2026 Menu f\u00e9vrier 2026 Menu mars 2026 Menu avril 2026 Menu mai 2026 Tarifs Sandwichs &#8211; am\u00e9ricain, jambon, poulet curry, thon avec\/sans crudit\u00e9s 2,40\u20ac Sandwichs &#8211; dagobert avec\/sans crudit\u00e9s, fitness, sandwich du mois 2,60\u20ac Repas chaud &#8211; avec\/sans porc 4,00\u20ac Le restaurant scolaire et son self : Nos propres cuisiniers pr\u00e9parent des &hellip; <a href=\"https:\/\/arcampin.be\/secondaire\/menu\" class=\"more-link\">Continuer la lecture de <span class=\"screen-reader-text\">Menu<\/span> <span class=\"meta-nav\">&rarr;<\/span><\/a><\/p>\n","protected":false},"author":2,"featured_media":0,"parent":0,"menu_order":0,"comment_status":"closed","ping_status":"closed","template":"","meta":{"jetpack_post_was_ever_published":false},"_links":{"self":[{"href":"https:\/\/arcampin.be\/secondaire\/wp-json\/wp\/v2\/pages\/321"}],"collection":[{"href":"https:\/\/arcampin.be\/secondaire\/wp-json\/wp\/v2\/pages"}],"about":[{"href":"https:\/\/arcampin.be\/secondaire\/wp-json\/wp\/v2\/types\/page"}],"author":[{"embeddable":true,"href":"https:\/\/arcampin.be\/secondaire\/wp-json\/wp\/v2\/users\/2"}],"replies":[{"embeddable":true,"href":"https:\/\/arcampin.be\/secondaire\/wp-json\/wp\/v2\/comments?post=321"}],"version-history":[{"count":254,"href":"https:\/\/arcampin.be\/secondaire\/wp-json\/wp\/v2\/pages\/321\/revisions"}],"predecessor-version":[{"id":12084,"href":"https:\/\/arcampin.be\/secondaire\/wp-json\/wp\/v2\/pages\/321\/revisions\/12084"}],"wp:attachment":[{"href":"https:\/\/arcampin.be\/secondaire\/wp-json\/wp\/v2\/media?parent=321"}],"curies":[{"name":"wp","href":"https:\/\/api.w.org\/{rel}","templated":true}]}}