{"id":3143,"date":"2018-03-29T11:30:05","date_gmt":"2018-03-29T10:30:05","guid":{"rendered":"https:\/\/arcampin.be\/secondaire\/?page_id=3143"},"modified":"2024-03-12T14:51:09","modified_gmt":"2024-03-12T13:51:09","slug":"les-internats","status":"publish","type":"page","link":"https:\/\/arcampin.be\/secondaire\/les-internats","title":{"rendered":"Les internats"},"content":{"rendered":"\n<figure class=\"wp-block-image size-full is-resized\"><img loading=\"lazy\" src=\"https:\/\/arcampin.be\/secondaire\/wp-content\/uploads\/2023\/06\/Paysblanc.png\" alt=\"\" class=\"wp-image-8677\" width=\"301\" height=\"210\"\/><\/figure>\n\n\n<h3><span style=\"color: #800000;\"><a style=\"color: #800000;\" href=\"https:\/\/internatdantoing.be\/\" target=\"_blank\" rel=\"noopener noreferrer\">Internat mixte du Pays Blanc d&rsquo;Antoing<\/a><\/span><\/h3>\n<p><strong>Administrateur : C\u00e9dric MARECHAL<\/strong><\/p>\n<p><em><strong>Adresse :<\/strong> Rue Philippart, 8 \u00e0 7640 Antoing<\/em><\/p>\n<p><em><strong>T\u00e9l :<\/strong> 069\/25 33 00<\/em><\/p>\n<hr>\n\n\n<figure class=\"wp-block-image size-full is-resized\"><img loading=\"lazy\" src=\"https:\/\/arcampin.be\/secondaire\/wp-content\/uploads\/2023\/06\/walterravez.png\" alt=\"\" class=\"wp-image-8678\" width=\"301\" height=\"279\" srcset=\"https:\/\/arcampin.be\/secondaire\/wp-content\/uploads\/2023\/06\/walterravez.png 399w, https:\/\/arcampin.be\/secondaire\/wp-content\/uploads\/2023\/06\/walterravez-300x278.png 300w\" sizes=\"(max-width: 301px) 100vw, 301px\" \/><\/figure>\n\n\n<h3><span style=\"color: #800000;\"><a style=\"color: #800000;\" href=\"http:\/\/www.internat-walterravez.be\/\" target=\"_blank\" rel=\"noopener\"><strong>Internat Autonome Walter Ravez<\/strong><\/a><\/span><\/h3>\n<p><strong>Administrateur : Samuel DENYS<\/strong><\/p>\n<p><em><strong>Adresse :<\/strong> Quai Vifquin, 22-25 \u00e0 7500 Tournai<\/em><\/p>\n<p><em><strong>T\u00e9l :<\/strong> 069\/34 39 60<\/em><\/p>\n<hr \/>\n<p><img loading=\"lazy\" class=\"wp-image-3146 aligncenter\" src=\"https:\/\/arcampin.be\/secondaire\/wp-content\/uploads\/2018\/03\/Wallonie-Bruxelles-Enseignement-1024x252.jpg\" alt=\"\" width=\"285\" height=\"70\" srcset=\"https:\/\/arcampin.be\/secondaire\/wp-content\/uploads\/2018\/03\/Wallonie-Bruxelles-Enseignement-1024x252.jpg 1024w, https:\/\/arcampin.be\/secondaire\/wp-content\/uploads\/2018\/03\/Wallonie-Bruxelles-Enseignement-300x74.jpg 300w, https:\/\/arcampin.be\/secondaire\/wp-content\/uploads\/2018\/03\/Wallonie-Bruxelles-Enseignement-768x189.jpg 768w, https:\/\/arcampin.be\/secondaire\/wp-content\/uploads\/2018\/03\/Wallonie-Bruxelles-Enseignement.jpg 1060w\" sizes=\"(max-width: 285px) 100vw, 285px\" \/><\/p>","protected":false},"excerpt":{"rendered":"<p>Internat mixte du Pays Blanc d&rsquo;Antoing Administrateur : C\u00e9dric MARECHAL Adresse : Rue Philippart, 8 \u00e0 7640 Antoing T\u00e9l : 069\/25 33 00 Internat Autonome Walter Ravez Administrateur : Samuel DENYS Adresse : Quai Vifquin, 22-25 \u00e0 7500 Tournai T\u00e9l : 069\/34 39 60<\/p>\n","protected":false},"author":2,"featured_media":0,"parent":0,"menu_order":0,"comment_status":"closed","ping_status":"closed","template":"","meta":{"jetpack_post_was_ever_published":false},"_links":{"self":[{"href":"https:\/\/arcampin.be\/secondaire\/wp-json\/wp\/v2\/pages\/3143"}],"collection":[{"href":"https:\/\/arcampin.be\/secondaire\/wp-json\/wp\/v2\/pages"}],"about":[{"href":"https:\/\/arcampin.be\/secondaire\/wp-json\/wp\/v2\/types\/page"}],"author":[{"embeddable":true,"href":"https:\/\/arcampin.be\/secondaire\/wp-json\/wp\/v2\/users\/2"}],"replies":[{"embeddable":true,"href":"https:\/\/arcampin.be\/secondaire\/wp-json\/wp\/v2\/comments?post=3143"}],"version-history":[{"count":33,"href":"https:\/\/arcampin.be\/secondaire\/wp-json\/wp\/v2\/pages\/3143\/revisions"}],"predecessor-version":[{"id":9275,"href":"https:\/\/arcampin.be\/secondaire\/wp-json\/wp\/v2\/pages\/3143\/revisions\/9275"}],"wp:attachment":[{"href":"https:\/\/arcampin.be\/secondaire\/wp-json\/wp\/v2\/media?parent=3143"}],"curies":[{"name":"wp","href":"https:\/\/api.w.org\/{rel}","templated":true}]}}