{"id":93,"date":"2016-10-04T20:43:25","date_gmt":"2016-10-04T18:43:25","guid":{"rendered":"https:\/\/arcampin.be\/primaire\/?page_id=93"},"modified":"2024-08-16T11:35:59","modified_gmt":"2024-08-16T09:35:59","slug":"organisation-des-classes","status":"publish","type":"page","link":"https:\/\/arcampin.be\/primaire\/organisation-des-classes\/","title":{"rendered":"Organisation des classes"},"content":{"rendered":"\n<p class=\"has-text-align-left\"><br>D&rsquo;ici quelques jours, l&rsquo;organisation des classes sera mise \u00e0 jour pour cette rentr\u00e9e scolaire 2024-2025.<\/p>\n\n\n\n<p class=\"has-text-align-left\"><u>Titulaires<\/u><u> en langue <\/u><u>fran\u00e7aise<\/u><\/p>\n\n\n\n<p class=\"has-text-align-left\">A SUIVRE &#8230;<\/p>\n\n\n\n<p><u>Titulaires<\/u><u> en langue <\/u><u>d\u2019immersion<\/u><\/p>\n\n\n\n<p>A SUIVRE &#8230;.<\/p>\n\n\n\n<p><u>Titulaires<\/u><u> des cours sp\u00e9ciaux<\/u><\/p>\n\n\n\n<p>A SUIVRE &#8230;.<\/p>\n\n\n\n<p><\/p>\n\n\n\n<p><\/p>\n\n\n\n<p><\/p>\n\n\n\n<p><\/p>\n\n\n\n<p><strong><span style=\"color: #ff0000;\">ARCHIVES<\/span><\/strong><\/p>\n\n\n\n<p class=\"has-text-align-center\"><strong>L&rsquo;album photos de l&rsquo;\u00e9quipe \u00e9ducative depuis l&rsquo;ann\u00e9e scolaire 2009-2010<\/strong><\/p>\n\n\n\n<p class=\"has-text-align-center\">Equipe primaire 2018-2019<\/p>\n\n\n\n<figure class=\"wp-block-image\"><a href=\"https:\/\/arcampin.be\/primaire\/wp-content\/uploads\/2019\/11\/school2.jpg\" target=\"_blank\" rel=\"noopener\"><img loading=\"lazy\" width=\"1139\" height=\"111\" src=\"https:\/\/arcampin.be\/primaire\/wp-content\/uploads\/2019\/11\/school2.jpg\" alt=\"school2\" class=\"wp-image-1802\" srcset=\"https:\/\/arcampin.be\/primaire\/wp-content\/uploads\/2019\/11\/school2.jpg 1139w, https:\/\/arcampin.be\/primaire\/wp-content\/uploads\/2019\/11\/school2-500x49.jpg 500w, https:\/\/arcampin.be\/primaire\/wp-content\/uploads\/2019\/11\/school2-768x75.jpg 768w, https:\/\/arcampin.be\/primaire\/wp-content\/uploads\/2019\/11\/school2-1024x100.jpg 1024w\" sizes=\"(max-width: 1139px) 100vw, 1139px\" \/><\/a><\/figure>\n\n\n\n<p class=\"has-text-align-center\"><\/p>\n\n\n\n<p class=\"has-text-align-center\"><span style=\"color: #cc3333;\">Equipe primaire 2016-2017<\/span><\/p>\n\n\n\n<figure class=\"wp-block-image\"><img loading=\"lazy\" width=\"850\" height=\"405\" src=\"https:\/\/arcampin.be\/primaire\/wp-content\/uploads\/2016\/11\/team_sept_16.jpg\" alt=\"team_sept_16\" class=\"wp-image-392\" srcset=\"https:\/\/arcampin.be\/primaire\/wp-content\/uploads\/2016\/11\/team_sept_16.jpg 850w, https:\/\/arcampin.be\/primaire\/wp-content\/uploads\/2016\/11\/team_sept_16-300x143.jpg 300w, https:\/\/arcampin.be\/primaire\/wp-content\/uploads\/2016\/11\/team_sept_16-768x366.jpg 768w\" sizes=\"(max-width: 850px) 100vw, 850px\" \/><\/figure>\n\n\n\n<p class=\"has-text-align-center\"><\/p>\n\n\n\n<p><span style=\"color: #cc3333;\">Equipe primaire 2015-2016 <\/span><\/p>\n\n\n\n<p><img loading=\"lazy\" class=\"alignnone size-full wp-image-576\" src=\"https:\/\/arcampin.be\/primaire\/wp-content\/uploads\/2016\/11\/campin_team_15_16.jpg\" alt=\"campin_team_15_16\" width=\"750\" height=\"504\" srcset=\"https:\/\/arcampin.be\/primaire\/wp-content\/uploads\/2016\/11\/campin_team_15_16.jpg 750w, https:\/\/arcampin.be\/primaire\/wp-content\/uploads\/2016\/11\/campin_team_15_16-300x202.jpg 300w\" sizes=\"(max-width: 750px) 100vw, 750px\" \/><br><span style=\"color: #cc3333;\"><br>Equipe p\u00e9dagogique 2014-2015<\/span><\/p>\n\n\n\n<figure class=\"wp-block-image\"><img loading=\"lazy\" width=\"869\" height=\"500\" src=\"https:\/\/arcampin.be\/primaire\/wp-content\/uploads\/2016\/11\/enseignants14_15.jpg\" alt=\"enseignants14_15\" class=\"wp-image-568\" srcset=\"https:\/\/arcampin.be\/primaire\/wp-content\/uploads\/2016\/11\/enseignants14_15.jpg 869w, https:\/\/arcampin.be\/primaire\/wp-content\/uploads\/2016\/11\/enseignants14_15-300x173.jpg 300w, https:\/\/arcampin.be\/primaire\/wp-content\/uploads\/2016\/11\/enseignants14_15-768x442.jpg 768w\" sizes=\"(max-width: 869px) 100vw, 869px\" \/><\/figure>\n\n\n\n<figure class=\"wp-block-image\"><img loading=\"lazy\" width=\"1068\" height=\"600\" src=\"https:\/\/arcampin.be\/primaire\/wp-content\/uploads\/2016\/11\/team2014_2015.jpg\" alt=\"team2014_2015\" class=\"wp-image-577\" srcset=\"https:\/\/arcampin.be\/primaire\/wp-content\/uploads\/2016\/11\/team2014_2015.jpg 1068w, https:\/\/arcampin.be\/primaire\/wp-content\/uploads\/2016\/11\/team2014_2015-300x169.jpg 300w, https:\/\/arcampin.be\/primaire\/wp-content\/uploads\/2016\/11\/team2014_2015-768x431.jpg 768w, https:\/\/arcampin.be\/primaire\/wp-content\/uploads\/2016\/11\/team2014_2015-1024x575.jpg 1024w\" sizes=\"(max-width: 1068px) 100vw, 1068px\" \/><\/figure>\n\n\n\n<p> <\/p>\n\n\n\n<p><span style=\"color: #cc3333;\">Equipe p\u00e9dagogique 2013-2014<\/span><\/p>\n\n\n\n<figure class=\"wp-block-image\"><img loading=\"lazy\" width=\"700\" height=\"498\" src=\"https:\/\/arcampin.be\/primaire\/wp-content\/uploads\/2016\/11\/school_13_14_sm.jpg\" alt=\"school_13_14_sm\" class=\"wp-image-569\" srcset=\"https:\/\/arcampin.be\/primaire\/wp-content\/uploads\/2016\/11\/school_13_14_sm.jpg 700w, https:\/\/arcampin.be\/primaire\/wp-content\/uploads\/2016\/11\/school_13_14_sm-300x213.jpg 300w\" sizes=\"(max-width: 700px) 100vw, 700px\" \/><\/figure>\n\n\n\n<p><\/p>\n\n\n\n<p><span style=\"color: #cc3333;\">Equipe enseignante 2012-2013<\/span><\/p>\n\n\n\n<figure class=\"wp-block-image\"><img loading=\"lazy\" width=\"545\" height=\"321\" src=\"https:\/\/arcampin.be\/primaire\/wp-content\/uploads\/2016\/11\/team2012_2013.jpg\" alt=\"team2012_2013\" class=\"wp-image-570\" srcset=\"https:\/\/arcampin.be\/primaire\/wp-content\/uploads\/2016\/11\/team2012_2013.jpg 545w, https:\/\/arcampin.be\/primaire\/wp-content\/uploads\/2016\/11\/team2012_2013-300x177.jpg 300w\" sizes=\"(max-width: 545px) 100vw, 545px\" \/><\/figure>\n\n\n\n<p><\/p>\n\n\n\n<p><span style=\"color: #cc3333;\">Equipe enseignante 2011-2012<\/span><\/p>\n\n\n\n<figure class=\"wp-block-image\"><img loading=\"lazy\" width=\"953\" height=\"613\" src=\"https:\/\/arcampin.be\/primaire\/wp-content\/uploads\/2016\/11\/enseignants11_12.jpg\" alt=\"enseignants11_12\" class=\"wp-image-567\" srcset=\"https:\/\/arcampin.be\/primaire\/wp-content\/uploads\/2016\/11\/enseignants11_12.jpg 953w, https:\/\/arcampin.be\/primaire\/wp-content\/uploads\/2016\/11\/enseignants11_12-300x193.jpg 300w, https:\/\/arcampin.be\/primaire\/wp-content\/uploads\/2016\/11\/enseignants11_12-768x494.jpg 768w\" sizes=\"(max-width: 953px) 100vw, 953px\" \/><\/figure>\n\n\n\n<p><\/p>\n\n\n\n<p><span style=\"color: #cc3333;\">Equipe enseignante 2010-2011<\/span><\/p>\n\n\n\n<figure class=\"wp-block-image\"><img loading=\"lazy\" width=\"800\" height=\"428\" src=\"https:\/\/arcampin.be\/primaire\/wp-content\/uploads\/2016\/11\/enseignants10_11.jpg\" alt=\"enseignants10_11\" class=\"wp-image-566\" srcset=\"https:\/\/arcampin.be\/primaire\/wp-content\/uploads\/2016\/11\/enseignants10_11.jpg 800w, https:\/\/arcampin.be\/primaire\/wp-content\/uploads\/2016\/11\/enseignants10_11-300x161.jpg 300w, https:\/\/arcampin.be\/primaire\/wp-content\/uploads\/2016\/11\/enseignants10_11-768x411.jpg 768w\" sizes=\"(max-width: 800px) 100vw, 800px\" \/><\/figure>\n\n\n\n<p><\/p>\n\n\n\n<p><span style=\"color: #cc3333;\">Equipe enseignante 2009-2010<\/span><\/p>\n\n\n\n<figure class=\"wp-block-image\"><img loading=\"lazy\" width=\"533\" height=\"273\" src=\"https:\/\/arcampin.be\/primaire\/wp-content\/uploads\/2016\/11\/enseignants09.jpg\" alt=\"enseignants09\" class=\"wp-image-575\" srcset=\"https:\/\/arcampin.be\/primaire\/wp-content\/uploads\/2016\/11\/enseignants09.jpg 533w, https:\/\/arcampin.be\/primaire\/wp-content\/uploads\/2016\/11\/enseignants09-300x154.jpg 300w\" sizes=\"(max-width: 533px) 100vw, 533px\" \/><\/figure>\n\n\n\n<p><\/p>\n","protected":false},"excerpt":{"rendered":"<p>D&rsquo;ici quelques jours, l&rsquo;organisation des classes sera mise \u00e0 jour pour cette rentr\u00e9e scolaire 2024-2025. Titulaires en langue fran\u00e7aise A SUIVRE &#8230; Titulaires en langue d\u2019immersion A SUIVRE &#8230;. Titulaires des cours sp\u00e9ciaux A&#46;&#46;&#46;<\/p>\n","protected":false},"author":1,"featured_media":0,"parent":0,"menu_order":0,"comment_status":"closed","ping_status":"closed","template":"","meta":[],"_links":{"self":[{"href":"https:\/\/arcampin.be\/primaire\/wp-json\/wp\/v2\/pages\/93"}],"collection":[{"href":"https:\/\/arcampin.be\/primaire\/wp-json\/wp\/v2\/pages"}],"about":[{"href":"https:\/\/arcampin.be\/primaire\/wp-json\/wp\/v2\/types\/page"}],"author":[{"embeddable":true,"href":"https:\/\/arcampin.be\/primaire\/wp-json\/wp\/v2\/users\/1"}],"replies":[{"embeddable":true,"href":"https:\/\/arcampin.be\/primaire\/wp-json\/wp\/v2\/comments?post=93"}],"version-history":[{"count":22,"href":"https:\/\/arcampin.be\/primaire\/wp-json\/wp\/v2\/pages\/93\/revisions"}],"predecessor-version":[{"id":3358,"href":"https:\/\/arcampin.be\/primaire\/wp-json\/wp\/v2\/pages\/93\/revisions\/3358"}],"wp:attachment":[{"href":"https:\/\/arcampin.be\/primaire\/wp-json\/wp\/v2\/media?parent=93"}],"curies":[{"name":"wp","href":"https:\/\/api.w.org\/{rel}","templated":true}]}}