{"id":91,"date":"2016-10-04T20:43:11","date_gmt":"2016-10-04T18:43:11","guid":{"rendered":"https:\/\/arcampin.be\/primaire\/?page_id=91"},"modified":"2025-09-09T10:53:19","modified_gmt":"2025-09-09T08:53:19","slug":"coordonnees","status":"publish","type":"page","link":"https:\/\/arcampin.be\/primaire\/coordonnees\/","title":{"rendered":"Coordonn\u00e9es et contacts"},"content":{"rendered":"<p align=\"left\"><b>Ath\u00e9n\u00e9e Royal Robert Campin<br \/>\n<\/b>Rue du Ch\u00e2teau, 18<br \/>\n7500 TOURNAI<\/p>\n<p align=\"left\"><img loading=\"lazy\" class=\"alignnone wp-image-563\" src=\"https:\/\/arcampin.be\/primaire\/wp-content\/uploads\/2016\/11\/campin.jpg\" alt=\"campin\" width=\"373\" height=\"200\" \/><\/p>\n<p align=\"left\"><strong>SECTION SECONDAIRE<br \/>\nDirectrice: <\/strong>Mme\u00a0Saudoyer<strong><br \/>\nDirecteur-adjoint: <\/strong>Mr Duchatelet<br \/>\nSecr\u00e9tariat (secondaire): 069\/22.26.66<br \/>\nFax : 069\/84.33.29<strong>\u00a0 \u00a0 \u00a0 \u00a0<\/strong><\/p>\n<p align=\"left\"><strong>SECTION PRIMAIRE<br \/>\n<\/strong><strong>Directrice de la section primaire<\/strong>:\u00a0Mme D. Viaene<br \/>\nTel: 069\/22.57.64 (primaire)<br \/>\nDirection: <a href=\"mailto:arcampindv@gmail.com\">arcampindv@gmail.com<\/a><\/p>\n<p align=\"left\">Secr\u00e9tariat de la section primaire: <a href=\"mailto:campinprimairesecretariat@gmail.com\">campinprimairesecretariat@gmail.com<\/a><br \/>\n<u><\/u>Tel <strong>garderie<\/strong> primaire: Mr Jason<\/p>\n<p align=\"left\">\n<p align=\"left\"><strong>SECTION MATERNELLE<br \/>\n<\/strong><strong>Directrice de la section maternelle<\/strong>: Mme Jambe<br \/>\nAvenue de Gaulle, 11 \u00a0 \u00a0 \u00a07500 TOURNAI<br \/>\nTel: 069\/22.20.77<\/p>\n<p>Gestion du site: Vincent Fockedey<\/p>\n","protected":false},"excerpt":{"rendered":"<p>Ath\u00e9n\u00e9e Royal Robert Campin Rue du Ch\u00e2teau, 18 7500 TOURNAI SECTION SECONDAIRE Directrice: Mme\u00a0Saudoyer Directeur-adjoint: Mr Duchatelet Secr\u00e9tariat (secondaire): 069\/22.26.66 Fax : 069\/84.33.29\u00a0 \u00a0 \u00a0 \u00a0 SECTION PRIMAIRE Directrice de la section primaire:\u00a0Mme D.&#46;&#46;&#46;<\/p>\n","protected":false},"author":1,"featured_media":0,"parent":0,"menu_order":0,"comment_status":"closed","ping_status":"closed","template":"","meta":[],"_links":{"self":[{"href":"https:\/\/arcampin.be\/primaire\/wp-json\/wp\/v2\/pages\/91"}],"collection":[{"href":"https:\/\/arcampin.be\/primaire\/wp-json\/wp\/v2\/pages"}],"about":[{"href":"https:\/\/arcampin.be\/primaire\/wp-json\/wp\/v2\/types\/page"}],"author":[{"embeddable":true,"href":"https:\/\/arcampin.be\/primaire\/wp-json\/wp\/v2\/users\/1"}],"replies":[{"embeddable":true,"href":"https:\/\/arcampin.be\/primaire\/wp-json\/wp\/v2\/comments?post=91"}],"version-history":[{"count":20,"href":"https:\/\/arcampin.be\/primaire\/wp-json\/wp\/v2\/pages\/91\/revisions"}],"predecessor-version":[{"id":3404,"href":"https:\/\/arcampin.be\/primaire\/wp-json\/wp\/v2\/pages\/91\/revisions\/3404"}],"wp:attachment":[{"href":"https:\/\/arcampin.be\/primaire\/wp-json\/wp\/v2\/media?parent=91"}],"curies":[{"name":"wp","href":"https:\/\/api.w.org\/{rel}","templated":true}]}}