{"id":3291,"date":"2024-08-13T18:09:01","date_gmt":"2024-08-13T16:09:01","guid":{"rendered":"https:\/\/arcampin.be\/primaire\/?page_id=3291"},"modified":"2026-02-14T10:59:39","modified_gmt":"2026-02-14T09:59:39","slug":"accueil","status":"publish","type":"page","link":"https:\/\/arcampin.be\/primaire\/","title":{"rendered":"Accueil"},"content":{"rendered":"\n<p>Soyez les bienvenus sur le site de la section primaire de l&rsquo;Ath\u00e9n\u00e9e Royal Robert Campin.<\/p>\n\n\n\n<p>D\u00e9couvrez, \u00e0 travers nos diff\u00e9rentes rubriques, l&rsquo;organisation et la vie au sein de notre section primaire.<\/p>\n\n\n\n<p><strong><span style=\"color:#cf2e2e\" class=\"color\">NEW<\/span><\/strong>: L&rsquo;agenda de l&rsquo;ann\u00e9e scolaire a \u00e9t\u00e9 mis \u00e0 jour: festivit\u00e9s, r\u00e9unions de parents, remise des bulletins&#8230;<\/p>\n\n\n\n<figure class=\"wp-block-image size-full\"><img loading=\"lazy\" width=\"800\" height=\"400\" src=\"https:\/\/arcampin.be\/primaire\/wp-content\/uploads\/2025\/09\/potager3.jpg\" alt=\"\" class=\"wp-image-3416\" srcset=\"https:\/\/arcampin.be\/primaire\/wp-content\/uploads\/2025\/09\/potager3.jpg 800w, https:\/\/arcampin.be\/primaire\/wp-content\/uploads\/2025\/09\/potager3-500x250.jpg 500w, https:\/\/arcampin.be\/primaire\/wp-content\/uploads\/2025\/09\/potager3-768x384.jpg 768w\" sizes=\"(max-width: 800px) 100vw, 800px\" \/><\/figure>\n\n\n\n<p> <em>En ce d\u00e9but d&rsquo;ann\u00e9e scolaire, nous avons r\u00e9colt\u00e9 de bonnes tomates dans le potager de l&rsquo;\u00e9cole.<\/em><\/p>\n\n\n\n<p><\/p>\n\n\n\n<p><br><\/p>\n\n\n\n<figure class=\"wp-container-2 wp-block-gallery-1 wp-block-gallery has-nested-images columns-default is-cropped\"><\/figure>\n\n\n\n<p><\/p>\n\n\n\n<p><\/p>\n\n\n\n<p><strong>Voici une petite vid\u00e9o de pr\u00e9sentation de notre \u00e9cole.<\/strong><\/p>\n\n\n\n<figure class=\"wp-block-video\"><video controls src=\"https:\/\/arcampin.be\/primaire\/wp-content\/uploads\/2020\/06\/visiteecole.mp4\" playsinline><\/video><\/figure>\n","protected":false},"excerpt":{"rendered":"<p>Soyez les bienvenus sur le site de la section primaire de l&rsquo;Ath\u00e9n\u00e9e Royal Robert Campin. D\u00e9couvrez, \u00e0 travers nos diff\u00e9rentes rubriques, l&rsquo;organisation et la vie au sein de notre section primaire. NEW: L&rsquo;agenda de&#46;&#46;&#46;<\/p>\n","protected":false},"author":1,"featured_media":0,"parent":0,"menu_order":0,"comment_status":"closed","ping_status":"closed","template":"","meta":[],"_links":{"self":[{"href":"https:\/\/arcampin.be\/primaire\/wp-json\/wp\/v2\/pages\/3291"}],"collection":[{"href":"https:\/\/arcampin.be\/primaire\/wp-json\/wp\/v2\/pages"}],"about":[{"href":"https:\/\/arcampin.be\/primaire\/wp-json\/wp\/v2\/types\/page"}],"author":[{"embeddable":true,"href":"https:\/\/arcampin.be\/primaire\/wp-json\/wp\/v2\/users\/1"}],"replies":[{"embeddable":true,"href":"https:\/\/arcampin.be\/primaire\/wp-json\/wp\/v2\/comments?post=3291"}],"version-history":[{"count":29,"href":"https:\/\/arcampin.be\/primaire\/wp-json\/wp\/v2\/pages\/3291\/revisions"}],"predecessor-version":[{"id":3436,"href":"https:\/\/arcampin.be\/primaire\/wp-json\/wp\/v2\/pages\/3291\/revisions\/3436"}],"wp:attachment":[{"href":"https:\/\/arcampin.be\/primaire\/wp-json\/wp\/v2\/media?parent=3291"}],"curies":[{"name":"wp","href":"https:\/\/api.w.org\/{rel}","templated":true}]}}