{"id":2833,"date":"2021-02-23T20:19:29","date_gmt":"2021-02-23T19:19:29","guid":{"rendered":"https:\/\/arcampin.be\/primaire\/?page_id=2833"},"modified":"2021-02-23T21:01:03","modified_gmt":"2021-02-23T20:01:03","slug":"documents-inscription","status":"publish","type":"page","link":"https:\/\/arcampin.be\/primaire\/documents-inscription\/","title":{"rendered":"Documents d&rsquo;inscription"},"content":{"rendered":"<p>&nbsp;<\/p>\n<p>Il vous est possible de t\u00e9l\u00e9charger les documents d&rsquo;inscription \u00e0 partir de cette page.<\/p>\n<p>Voici les documents n\u00e9cessaire pour inscrire votre enfants en section primaire.<\/p>\n<ol>\n<li>Fiche d&rsquo;inscription individuelle &#8211;&gt;\u00a0\u00a0<a href=\"https:\/\/arcampin.be\/primaire\/wp-content\/uploads\/2021\/02\/Fiche-dinscription.pdf\" target=\"_blank\">Fiche d&rsquo;inscription<\/a><\/li>\n<li>Fiche m\u00e9dicale &#8211;&gt;\u00a0<a href=\"https:\/\/arcampin.be\/primaire\/wp-content\/uploads\/2021\/02\/Fiche-m\u00e9dicale.pdf\" target=\"_blank\">Fiche m\u00e9dicale<\/a><\/li>\n<li>Accord parental (droit \u00e0 l&rsquo;image) &#8211;&gt;\u00a0<a href=\"https:\/\/arcampin.be\/primaire\/wp-content\/uploads\/2021\/02\/Accord-parental-image.pdf\" target=\"_blank\">Accord parental image<\/a><\/li>\n<li>Formulaire cours philosophique &#8211;&gt;\u00a0<a href=\"https:\/\/arcampin.be\/primaire\/wp-content\/uploads\/2021\/02\/formulaire-cours-philo-2021-2022.pdf\" target=\"_blank\">Formulaire cours philo 2021 2022<\/a><\/li>\n<li>Attestation de suivi de cours en immersion &#8211;&gt;\u00a0<a href=\"https:\/\/arcampin.be\/primaire\/wp-content\/uploads\/2020\/04\/Attestation-de-suivi-de-cours-en-immersion-linguistique.doc\" target=\"_blank\">Attestation\u00a0 immersion<\/a><\/li>\n<\/ol>\n<p>&nbsp;<\/p>\n<p>Vous pouvez \u00e9galement consulter notre r\u00e8glement d&rsquo;ordre int\u00e9rieur (ROI) &#8211;&gt;\u00a0<a href=\"https:\/\/arcampin.be\/primaire\/wp-content\/uploads\/2021\/02\/ROI-2021-2022.pdf\" target=\"_blank\">ROI 2021 2022<br \/>\n<\/a>ainsi que ce compl\u00e9ment d&rsquo;informations sur les troubles d&rsquo;apprentissage &#8211;&gt;\u00a0<a href=\"https:\/\/arcampin.be\/primaire\/wp-content\/uploads\/2021\/02\/QUESTD.pdf\" target=\"_blank\">Troubles_ Q<\/a><\/p>\n<p>&nbsp;<\/p>\n","protected":false},"excerpt":{"rendered":"<p>&nbsp; Il vous est possible de t\u00e9l\u00e9charger les documents d&rsquo;inscription \u00e0 partir de cette page. Voici les documents n\u00e9cessaire pour inscrire votre enfants en section primaire. Fiche d&rsquo;inscription individuelle &#8211;&gt;\u00a0\u00a0Fiche d&rsquo;inscription Fiche m\u00e9dicale &#8211;&gt;\u00a0Fiche&#46;&#46;&#46;<\/p>\n","protected":false},"author":1,"featured_media":0,"parent":0,"menu_order":0,"comment_status":"closed","ping_status":"closed","template":"","meta":[],"_links":{"self":[{"href":"https:\/\/arcampin.be\/primaire\/wp-json\/wp\/v2\/pages\/2833"}],"collection":[{"href":"https:\/\/arcampin.be\/primaire\/wp-json\/wp\/v2\/pages"}],"about":[{"href":"https:\/\/arcampin.be\/primaire\/wp-json\/wp\/v2\/types\/page"}],"author":[{"embeddable":true,"href":"https:\/\/arcampin.be\/primaire\/wp-json\/wp\/v2\/users\/1"}],"replies":[{"embeddable":true,"href":"https:\/\/arcampin.be\/primaire\/wp-json\/wp\/v2\/comments?post=2833"}],"version-history":[{"count":8,"href":"https:\/\/arcampin.be\/primaire\/wp-json\/wp\/v2\/pages\/2833\/revisions"}],"predecessor-version":[{"id":2842,"href":"https:\/\/arcampin.be\/primaire\/wp-json\/wp\/v2\/pages\/2833\/revisions\/2842"}],"wp:attachment":[{"href":"https:\/\/arcampin.be\/primaire\/wp-json\/wp\/v2\/media?parent=2833"}],"curies":[{"name":"wp","href":"https:\/\/api.w.org\/{rel}","templated":true}]}}