{"id":2368,"date":"2020-04-19T21:00:48","date_gmt":"2020-04-19T19:00:48","guid":{"rendered":"https:\/\/arcampin.be\/primaire\/?page_id=2368"},"modified":"2020-04-21T19:50:35","modified_gmt":"2020-04-21T17:50:35","slug":"2e-partie","status":"publish","type":"page","link":"https:\/\/arcampin.be\/primaire\/2e-partie\/","title":{"rendered":"Dossiers 2e partie"},"content":{"rendered":"<p>Dossiers de confinement (2e partie) mis en ligne <strong>\u00e0 partir du lundi 19 avril 2020<\/strong>.<br \/>\nLe confinement \u00e9tant prolong\u00e9, nous mettons \u00e0 votre disposition de nouveaux exercices pour votre enfant.<br \/>\nVisitez r\u00e9guli\u00e8rement cette page pour les nouvelles mises \u00e0 jour.<\/p>\n<p><img loading=\"lazy\" class=\"alignnone wp-image-2262\" src=\"https:\/\/arcampin.be\/primaire\/wp-content\/uploads\/2020\/03\/p1-1.jpg\" alt=\"p1\" width=\"126\" height=\"53\" \/>\u00a0et\u00a0<img loading=\"lazy\" class=\"alignnone wp-image-2264\" src=\"https:\/\/arcampin.be\/primaire\/wp-content\/uploads\/2020\/03\/p2.jpg\" alt=\"p2\" width=\"126\" height=\"53\" \/><\/p>\n<div id=\"m_-7816230763727143043gmail-js_fik\">\n<div>Les titulaires de P1 et P2 ont concoct\u00e9 un petit panel d&rsquo;activit\u00e9s sur une plateforme totalement gratuite: activit\u00e9s,\u00a0cours en ligne,\u00a0chants, loisirs, &#8230;<\/div>\n<div>Chaque jour, une petite nouveaut\u00e9.<\/div>\n<div>Vous trouverez ci-dessous un lien :<\/div>\n<ul dir=\"ltr\">\n<li>pour les P1 &#8211;&gt; <a href=\"https:\/\/padlet.com\/lesclassesp1p2\/rdzbagjkmdxjlcq2?fbclid=IwAR3ffVmBoyrP3dqOC0sqCxTRksKvOXBxKubcR_q5mHhlMbnFNeQ4QMMEss4\" target=\"_blank\">PLATEFORME_P1<\/a><\/li>\n<\/ul>\n<ul dir=\"ltr\">\n<li>pour les P2 &#8211;&gt; <a href=\"https:\/\/padlet.com\/lesclassesp1p2\/9e3vte5g5u2ufya6?fbclid=IwAR3lpLrxG_Dh18-pqRrCgZk8EeWB3vOlCT_QLJhNADKTERuq1iwNUztjpfU\" target=\"_blank\">PLATEFORME_P2<\/a><\/li>\n<\/ul>\n<\/div>\n<div><\/div>\n<div>\n<p><img loading=\"lazy\" class=\"alignnone wp-image-2265\" src=\"https:\/\/arcampin.be\/primaire\/wp-content\/uploads\/2020\/03\/p3.jpg\" alt=\"p3\" width=\"122\" height=\"51\" \/><\/p>\n<p>Plateforme pour les 3e ann\u00e9es &#8211;&gt; <a href=\"https:\/\/padlet.com\/lilianecardon\/8egvky8pkwng0m7g?fbclid=IwAR0vapIWqjYitX3oP_o4lolPUaf4jILLPgwiVn9lZJb6yxawx1AiKzW38Vw\" target=\"_blank\">PLATEFORME_P3<\/a><\/p>\n<div>\n<p><img loading=\"lazy\" class=\"alignnone wp-image-2266\" src=\"https:\/\/arcampin.be\/primaire\/wp-content\/uploads\/2020\/03\/p4.jpg\" alt=\"p4\" width=\"126\" height=\"53\" \/><\/p>\n<\/div>\n<div>PLATEFORME pour les P4 &#8211;&gt;\u00a0<a href=\"https:\/\/padlet.com\/titulairesp4\/npul5d3ygo3fmgmm\" target=\"_blank\">PLATEFORME_P4<\/a><\/div>\n<\/div>\n<div><\/div>\n<div>\n<p><img loading=\"lazy\" class=\"alignnone wp-image-2267\" src=\"https:\/\/arcampin.be\/primaire\/wp-content\/uploads\/2020\/03\/p5.jpg\" alt=\"p5\" width=\"126\" height=\"53\" \/><\/p>\n<p>P5A\/B (Mme Foucart et Mme Fourmy) &#8211;&gt;\u00a0<a href=\"https:\/\/arcampin.be\/primaire\/wp-content\/uploads\/2020\/04\/Eveil-doc10566320200421112344.pdf\" target=\"_blank\">Dossier_Eveil\u00a0<\/a>\u00a0 \u00a0&#8211;\u00a0\u00a0<a href=\"https:\/\/arcampin.be\/primaire\/wp-content\/uploads\/2020\/04\/Fran\u00e7ais-1-doc10566220200421111923.pdf\" target=\"_blank\">Dossier_Fran\u00e7ais 1<\/a>\u00a0&#8211;\u00a0<a href=\"https:\/\/arcampin.be\/primaire\/wp-content\/uploads\/2020\/04\/Fran\u00e7ais-2-doc10566520200421115037.pdf\" target=\"_blank\">Dossier_Fran\u00e7ais 2<\/a>\u00a0&#8211;\u00a0<a href=\"https:\/\/arcampin.be\/primaire\/wp-content\/uploads\/2020\/04\/Math.-doc10566420200421112510.pdf\" target=\"_blank\">Dossier_Maths<\/a><\/p>\n<p>Plateforme en ligne de Mme Emilie (P5C) &#8211;&gt;\u00a0<a href=\"https:\/\/padlet.com\/madameemiliecampin\/k170x7z4alb0vkhs\" target=\"_blank\">PLATEFORME P5C_Mme_Emilie<\/a><\/p>\n<p><img loading=\"lazy\" class=\"alignnone wp-image-2268\" src=\"https:\/\/arcampin.be\/primaire\/wp-content\/uploads\/2020\/03\/p6.jpg\" alt=\"p6\" width=\"121\" height=\"51\" \/><\/p>\n<p>P6 A\/B (Mme Fi\u00e8ge) &#8211;&gt; Fran\u00e7ais &#8211; Dossier de r\u00e9vision &#8211;&gt;\u00a0<a href=\"https:\/\/arcampin.be\/primaire\/wp-content\/uploads\/2020\/04\/Dossier-confinement-fran\u00e7ais-n\u00b02-6AB.pdf\" target=\"_blank\">Dossier confinement fran\u00e7ais n\u00b02 &#8211; 6AB<\/a><\/p>\n<\/div>\n<div><\/div>\n<p><img loading=\"lazy\" class=\"alignnone wp-image-2270\" src=\"https:\/\/arcampin.be\/primaire\/wp-content\/uploads\/2020\/03\/langues.jpg\" alt=\"langues\" width=\"117\" height=\"49\" \/><br \/>\nN\u00e9erlandais pour les 5e ann\u00e9es:\u00a0<a href=\"https:\/\/arcampin.be\/primaire\/wp-content\/uploads\/2020\/04\/exercices-en-ligne.de-familie.5.pdf\" target=\"_blank\">exercices en ligne.de familie.5<\/a>\u00a0 et\u00a0<a href=\"https:\/\/arcampin.be\/primaire\/wp-content\/uploads\/2020\/04\/zichvoorstellen.lezen_.5.pdf\" target=\"_blank\">zichvoorstellen.lezen.5<\/a><br \/>\nN\u00e9erlandais pour les 6e ann\u00e9es:\u00a0<a href=\"https:\/\/arcampin.be\/primaire\/wp-content\/uploads\/2020\/04\/domino-magasins.6.pdf\" target=\"_blank\">domino magasins.6<\/a>\u00a0et\u00a0<a href=\"https:\/\/arcampin.be\/primaire\/wp-content\/uploads\/2020\/04\/exercices-en-ligne.de-familiehet-uur.6.pdf\">exercices en ligne.de familie+het uur.6<\/a><br \/>\nPour les 5e et 6e ann\u00e9es:\u00a0<a href=\"https:\/\/arcampin.be\/primaire\/wp-content\/uploads\/2020\/04\/domino-kleren.pdf\" target=\"_blank\">domino kleren<\/a><\/p>\n<p>&#8211;&gt; <a href=\"https:\/\/padlet.com\/missmelissa1\/k8fpbk421ldq65fq\" target=\"_blank\">PLATEFORME_Ndls<\/a><\/p>\n<p><img loading=\"lazy\" class=\"alignnone wp-image-2271\" src=\"https:\/\/arcampin.be\/primaire\/wp-content\/uploads\/2020\/03\/immersion.jpg\" alt=\"immersion\" width=\"117\" height=\"49\" \/><br \/>\nImmersion en Anglais de Miss M\u00e9lissa (P5\/P6) &#8211;&gt; Exercices en ligne:\u00a0<a href=\"https:\/\/arcampin.be\/primaire\/wp-content\/uploads\/2020\/04\/exercices-en-ligne.-The-time.5-6-Immersion.pdf\" target=\"_blank\">exercices en ligne. The time.5-6 Immersion<\/a><\/p>\n<p>&#8211;&gt; <a href=\"https:\/\/padlet.com\/missmelissa1\/jq9shazujui72r43\" target=\"_blank\">PLATEFORME_Imm.<\/a><\/p>\n<p>&nbsp;<\/p>\n<div><\/div>\n<div><\/div>\n<p><img loading=\"lazy\" class=\"alignnone wp-image-2272\" src=\"https:\/\/arcampin.be\/primaire\/wp-content\/uploads\/2020\/03\/cpc.jpg\" alt=\"cpc\" width=\"122\" height=\"51\" \/><\/p>\n<p>Activit\u00e9s CPC (Citoyennet\u00e9) &#8211;&gt;\u00a0<a href=\"https:\/\/arcampin.be\/primaire\/wp-content\/uploads\/2020\/04\/CPC-activit\u00e9s-phileas-et-autobule.pdf\" target=\"_blank\">CPC &#8211; activit\u00e9s phileas et autobule<\/a><\/p>\n<p>&nbsp;<\/p>\n<hr \/>\n<p>La plupart des dossiers sont au format .PDF\u00a0<img loading=\"lazy\" class=\"alignnone wp-image-1674\" src=\"https:\/\/arcampin.be\/primaire\/wp-content\/uploads\/2019\/09\/logopdf.png\" alt=\"logopdf\" width=\"30\" height=\"37\" \/><\/p>\n<p>Pour les dossiers ZIP, vous avez probablement besoin de t\u00e9l\u00e9charger un logiciel de<br \/>\nd\u00e9compression genre WINZIP\u00a0 \u00a0\u00a0<img loading=\"lazy\" class=\"alignnone wp-image-2115\" src=\"https:\/\/arcampin.be\/primaire\/wp-content\/uploads\/2020\/03\/winzip.png\" alt=\"winzip\" width=\"56\" height=\"64\" \/><\/p>\n<p><img loading=\"lazy\" class=\"alignnone size-full wp-image-2093\" src=\"https:\/\/arcampin.be\/primaire\/wp-content\/uploads\/2020\/03\/banniere_school.jpg\" alt=\"banniere_school\" width=\"453\" height=\"160\" \/><\/p>\n","protected":false},"excerpt":{"rendered":"<p>Dossiers de confinement (2e partie) mis en ligne \u00e0 partir du lundi 19 avril 2020. Le confinement \u00e9tant prolong\u00e9, nous mettons \u00e0 votre disposition de nouveaux exercices pour votre enfant. Visitez r\u00e9guli\u00e8rement cette page&#46;&#46;&#46;<\/p>\n","protected":false},"author":1,"featured_media":0,"parent":0,"menu_order":0,"comment_status":"closed","ping_status":"closed","template":"","meta":[],"_links":{"self":[{"href":"https:\/\/arcampin.be\/primaire\/wp-json\/wp\/v2\/pages\/2368"}],"collection":[{"href":"https:\/\/arcampin.be\/primaire\/wp-json\/wp\/v2\/pages"}],"about":[{"href":"https:\/\/arcampin.be\/primaire\/wp-json\/wp\/v2\/types\/page"}],"author":[{"embeddable":true,"href":"https:\/\/arcampin.be\/primaire\/wp-json\/wp\/v2\/users\/1"}],"replies":[{"embeddable":true,"href":"https:\/\/arcampin.be\/primaire\/wp-json\/wp\/v2\/comments?post=2368"}],"version-history":[{"count":35,"href":"https:\/\/arcampin.be\/primaire\/wp-json\/wp\/v2\/pages\/2368\/revisions"}],"predecessor-version":[{"id":2447,"href":"https:\/\/arcampin.be\/primaire\/wp-json\/wp\/v2\/pages\/2368\/revisions\/2447"}],"wp:attachment":[{"href":"https:\/\/arcampin.be\/primaire\/wp-json\/wp\/v2\/media?parent=2368"}],"curies":[{"name":"wp","href":"https:\/\/api.w.org\/{rel}","templated":true}]}}