{"id":22,"date":"2016-10-03T19:20:34","date_gmt":"2016-10-03T17:20:34","guid":{"rendered":"https:\/\/arcampin.be\/primaire\/?page_id=22"},"modified":"2016-10-13T20:54:53","modified_gmt":"2016-10-13T18:54:53","slug":"journal-scolaire","status":"publish","type":"page","link":"https:\/\/arcampin.be\/primaire\/journal-scolaire\/","title":{"rendered":"Journal scolaire"},"content":{"rendered":"<p><strong>Notre journal scolaire: \u00ab\u00a0SALUT LES CAMPINS\u00a0\u00bb<\/strong><\/p>\n<p>Chaque ann\u00e9e, \u00e0 l&rsquo;occasion de la f\u00eate scolaire, nous publions notre journal scolaire.<br \/>\nOn y retrouve les diff\u00e9rentes activit\u00e9s et projets de notre section fondamentale, des jeux ainsi que le programme complet de la f\u00eate.<\/p>\n<p style=\"text-align: left;\">Nous vous remercions pour l&rsquo;accueil r\u00e9serv\u00e9 chaque ann\u00e9e \u00e0 notre \u00e9dition \u00ab\u00a0Salut les Campins\u00a0\u00bb<\/p>\n<p>&nbsp;<\/p>\n<p style=\"text-align: center;\"><strong>\u00ab\u00a0LA UNE\u00a0\u00bb du journal du mois de mai 2016 (num\u00e9ro 6)<\/strong><\/p>\n<p style=\"text-align: left;\"><img loading=\"lazy\" src=\"https:\/\/arcampin.be\/primaire\/wp-content\/uploads\/2016\/10\/journal2016-740x1024.jpg\" width=\"571\" height=\"790\" \/><\/p>\n<p style=\"text-align: center;\"><strong>Les \u00e9ditions pr\u00e9c\u00e9dentes (2010,2012,2013,2014 et 2015)<\/strong><\/p>\n<p><img loading=\"lazy\" class=\"alignleft\" src=\"http:\/\/www.arcampin.be\/fondamental\/photos\/divers\/journalscolaire2015.jpg\" width=\"252\" height=\"352\" \/><\/p>\n<p><img loading=\"lazy\" class=\"alignleft\" src=\"http:\/\/www.arcampin.be\/fondamental\/photos\/divers\/journal_2014.jpg\" width=\"250\" height=\"354\" \/><\/p>\n<p>&nbsp;<\/p>\n<p>&nbsp;<\/p>\n<p><img loading=\"lazy\" src=\"http:\/\/www.arcampin.be\/fondamental\/photos\/divers\/journal2013.jpg\" width=\"246\" height=\"347\" \/>\u00a0 \u00a0 \u00a0 \u00a0<img loading=\"lazy\" src=\"http:\/\/www.arcampin.be\/fondamental\/photos\/divers\/journalscolaire2012.jpg\" width=\"254\" height=\"339\" \/><\/p>\n<p><img loading=\"lazy\" class=\"alignleft\" src=\"http:\/\/www.arcampin.be\/fondamental\/photos\/divers\/journalscolaire1.jpg\" width=\"252\" height=\"375\" \/><\/p>\n<p>&nbsp;<\/p>\n<p>&nbsp;<\/p>\n<p>&nbsp;<\/p>\n<p>&nbsp;<\/p>\n<p>&nbsp;<\/p>\n<p>&nbsp;<\/p>\n<p>&nbsp;<\/p>\n<p>&nbsp;<\/p>\n<p>&nbsp;<\/p>\n<p>&nbsp;<\/p>\n","protected":false},"excerpt":{"rendered":"<p>Notre journal scolaire: \u00ab\u00a0SALUT LES CAMPINS\u00a0\u00bb Chaque ann\u00e9e, \u00e0 l&rsquo;occasion de la f\u00eate scolaire, nous publions notre journal scolaire. On y retrouve les diff\u00e9rentes activit\u00e9s et projets de notre section fondamentale, des jeux ainsi&#46;&#46;&#46;<\/p>\n","protected":false},"author":1,"featured_media":0,"parent":0,"menu_order":0,"comment_status":"closed","ping_status":"closed","template":"","meta":[],"_links":{"self":[{"href":"https:\/\/arcampin.be\/primaire\/wp-json\/wp\/v2\/pages\/22"}],"collection":[{"href":"https:\/\/arcampin.be\/primaire\/wp-json\/wp\/v2\/pages"}],"about":[{"href":"https:\/\/arcampin.be\/primaire\/wp-json\/wp\/v2\/types\/page"}],"author":[{"embeddable":true,"href":"https:\/\/arcampin.be\/primaire\/wp-json\/wp\/v2\/users\/1"}],"replies":[{"embeddable":true,"href":"https:\/\/arcampin.be\/primaire\/wp-json\/wp\/v2\/comments?post=22"}],"version-history":[{"count":11,"href":"https:\/\/arcampin.be\/primaire\/wp-json\/wp\/v2\/pages\/22\/revisions"}],"predecessor-version":[{"id":351,"href":"https:\/\/arcampin.be\/primaire\/wp-json\/wp\/v2\/pages\/22\/revisions\/351"}],"wp:attachment":[{"href":"https:\/\/arcampin.be\/primaire\/wp-json\/wp\/v2\/media?parent=22"}],"curies":[{"name":"wp","href":"https:\/\/api.w.org\/{rel}","templated":true}]}}