{"id":2062,"date":"2020-03-19T11:51:21","date_gmt":"2020-03-19T10:51:21","guid":{"rendered":"https:\/\/arcampin.be\/primaire\/?page_id=2062"},"modified":"2020-04-20T09:38:11","modified_gmt":"2020-04-20T07:38:11","slug":"dossiers-de-confinement","status":"publish","type":"page","link":"https:\/\/arcampin.be\/primaire\/dossiers-de-confinement\/","title":{"rendered":"Dossiers de confinement 1re partie"},"content":{"rendered":"<p><img loading=\"lazy\" class=\"alignnone size-full wp-image-2096\" src=\"https:\/\/arcampin.be\/primaire\/wp-content\/uploads\/2020\/03\/bannierecole.jpg\" alt=\"bannierecole\" width=\"1000\" height=\"288\" srcset=\"https:\/\/arcampin.be\/primaire\/wp-content\/uploads\/2020\/03\/bannierecole.jpg 1000w, https:\/\/arcampin.be\/primaire\/wp-content\/uploads\/2020\/03\/bannierecole-500x144.jpg 500w, https:\/\/arcampin.be\/primaire\/wp-content\/uploads\/2020\/03\/bannierecole-768x221.jpg 768w\" sizes=\"(max-width: 1000px) 100vw, 1000px\" \/><strong>Voici quelques dossiers mis \u00e0 votre disposition par les institutrices(teurs) de votre enfant jusqu&rsquo;au 18\/04\/2020.<br \/>\nPour la suite des dossiers, veuillez vous rendre sur la nouvelle page:<br \/>\n<a href=\"https:\/\/arcampin.be\/primaire\/2e-partie\/\">DOSSIERS 2e PARTIE<\/a><\/strong><\/p>\n<p><img loading=\"lazy\" class=\"alignnone wp-image-2262\" src=\"https:\/\/arcampin.be\/primaire\/wp-content\/uploads\/2020\/03\/p1-1.jpg\" alt=\"p1\" width=\"160\" height=\"67\" \/><\/p>\n<ul>\n<li>Classes de P1 (Mme Aline, Miss Emilie, Mme Nathalie H., Miss Camille et Mme St\u00e9phanie) &#8211;&gt; Cliquez ici\u00a0<a href=\"https:\/\/arcampin.be\/primaire\/wp-content\/uploads\/2020\/03\/LM-P1.pdf\" target=\"_blank\">\u00a0Fran\u00e7ais_P1<\/a>\u00a0 &#8211;\u00a0\u00a0<a href=\"https:\/\/arcampin.be\/primaire\/wp-content\/uploads\/2020\/03\/Math-P1.pdf\" target=\"_blank\">Maths_P1<\/a>\u00a0et\u00a0<a href=\"https:\/\/arcampin.be\/primaire\/wp-content\/uploads\/2020\/03\/Eveil-P1.pdf\" target=\"_blank\">Eveil_P1<\/a><\/li>\n<\/ul>\n<p><img loading=\"lazy\" class=\"alignnone wp-image-2264\" src=\"https:\/\/arcampin.be\/primaire\/wp-content\/uploads\/2020\/03\/p2.jpg\" alt=\"p2\" width=\"160\" height=\"67\" \/><\/p>\n<ul>\n<li>Classes de P2\u00a0(Mme Aline, Miss Emilie, Mme Nathalie H., Miss Camille et Mme St\u00e9phanie) &#8211;&gt; Cliquez ici\u00a0<a href=\"https:\/\/arcampin.be\/primaire\/wp-content\/uploads\/2020\/03\/francais-p2.pdf\" target=\"_blank\">Francais_P2<\/a>\u00a0&#8211;\u00a0<a href=\"https:\/\/arcampin.be\/primaire\/wp-content\/uploads\/2020\/03\/maths_p2.pdf\" target=\"_blank\">Maths_P2<\/a>\u00a0et\u00a0<a href=\"https:\/\/arcampin.be\/primaire\/wp-content\/uploads\/2020\/03\/eveil_p2.pdf\" target=\"_blank\">Eveil_P2<br \/>\n<\/a>+ Correctifs des cours de P2 \u2013&gt;\u00a0<a href=\"https:\/\/arcampin.be\/primaire\/wp-content\/uploads\/2020\/03\/Francais-Correctif-P2.pdf\" target=\"_blank\">Francais Correctif P2<\/a>\u00a0 &#8211;\u00a0<a href=\"https:\/\/arcampin.be\/primaire\/wp-content\/uploads\/2020\/03\/Math-Correctif-P2.pdf\" target=\"_blank\">Math Correctif P2<\/a>\u00a0 &#8211;\u00a0<a href=\"https:\/\/arcampin.be\/primaire\/wp-content\/uploads\/2020\/03\/Eveil-P-2-correctif.pdf\" target=\"_blank\">Eveil Correctif P2<\/a><\/li>\n<\/ul>\n<p><img loading=\"lazy\" class=\"alignnone wp-image-2265\" src=\"https:\/\/arcampin.be\/primaire\/wp-content\/uploads\/2020\/03\/p3.jpg\" alt=\"p3\" width=\"160\" height=\"67\" \/><\/p>\n<ul>\n<li>Classes de P3 A, B et C (Mme Cardon, Mme Ghilbert, Mme Blancquart et Melle Laura<br \/>\n&#8211;&gt; Cliquez ici\u00a0<a href=\"https:\/\/arcampin.be\/primaire\/wp-content\/uploads\/2020\/03\/p3.zip\" target=\"_blank\">Dossier 1_P3<\/a>\u00a0 et\u00a0 <a href=\"https:\/\/arcampin.be\/primaire\/wp-content\/uploads\/2020\/03\/lecturesp3.zip\" target=\"_blank\">Lectures_P3<\/a>\u00a0 \u00a0 (Dossiers ZIP)<\/li>\n<\/ul>\n<p><img loading=\"lazy\" class=\"alignnone wp-image-2266\" src=\"https:\/\/arcampin.be\/primaire\/wp-content\/uploads\/2020\/03\/p4.jpg\" alt=\"p4\" width=\"160\" height=\"67\" \/><\/p>\n<ul>\n<li>Classe de P4A (Mr Fockedey)<br \/>\n&#8211;&gt; Cliquez ici\u00a0<a href=\"https:\/\/arcampin.be\/primaire\/wp-content\/uploads\/2020\/03\/contrat_maths.pdf\" target=\"_blank\">Dossier_P4A_Maths<\/a>\u00a0et\u00a0<a href=\"https:\/\/arcampin.be\/primaire\/wp-content\/uploads\/2020\/03\/contrat_francais.pdf\" target=\"_blank\">Dossier_P4A_Francais<\/a><\/li>\n<\/ul>\n<ul>\n<li>Classe de P4C (Miss Juliette)\u00a0 \u00a0-&gt; Cliquez ici\u00a0 \u00a0<a href=\"https:\/\/arcampin.be\/primaire\/wp-content\/uploads\/2020\/03\/p4cfrancais.pdf\" target=\"_blank\">Dossier_Fran\u00e7ais_P4C<\/a>\u00a0 \u00a0 et\u00a0<a href=\"https:\/\/arcampin.be\/primaire\/wp-content\/uploads\/2020\/03\/p4cmaths.pdf\" target=\"_blank\">Dossier_Maths_P4C<\/a><\/li>\n<\/ul>\n<p><img loading=\"lazy\" class=\"alignnone wp-image-2267\" src=\"https:\/\/arcampin.be\/primaire\/wp-content\/uploads\/2020\/03\/p5.jpg\" alt=\"p5\" width=\"160\" height=\"67\" \/><\/p>\n<ul>\n<li>Classes de P5 A et B (Mme Foucart et Mme Fourmy)<br \/>\n&#8211;&gt; Cliquez ici\u00a0<a href=\"https:\/\/arcampin.be\/primaire\/wp-content\/uploads\/2020\/03\/Dossier_p5AB.zip\" target=\"_blank\">Dossier g\u00e9n\u00e9ral_P5AB<\/a>\u00a0 \u00a0(Dossier ZIP) + Petit mot d&rsquo;encouragement de Mme Foucart \u00e0 ses \u00e9l\u00e8ves &#8211;&gt;\u00a0<a href=\"https:\/\/arcampin.be\/primaire\/wp-content\/uploads\/2020\/03\/petit-mot-converti.pdf\" target=\"_blank\">Petit mot<\/a><\/li>\n<\/ul>\n<ul>\n<li>Classe de P5C (Mme Emilie M.)\u00a0 \u00a0 \u00a0 Cliquez ici &#8211;&gt;\u00a0 \u00a0<a href=\"https:\/\/arcampin.be\/primaire\/wp-content\/uploads\/2020\/03\/p5c.pdf\" target=\"_blank\">Dossier_g\u00e9n\u00e9ral_P5C<\/a><\/li>\n<\/ul>\n<p><img loading=\"lazy\" class=\"alignnone wp-image-2268\" src=\"https:\/\/arcampin.be\/primaire\/wp-content\/uploads\/2020\/03\/p6.jpg\" alt=\"p6\" width=\"160\" height=\"67\" \/><\/p>\n<ul>\n<li>Classes de P6 A et B (Mme Fi\u00e8ge et Mme Nad\u00e8ge)\u00a0 \u00a0Cliquez ici &#8211;&gt;\u00a0<a href=\"https:\/\/arcampin.be\/primaire\/wp-content\/uploads\/2020\/03\/Dossier-confinement-fran\u00e7ais-6AB.zip\" target=\"_blank\">Dossier_Fran\u00e7ais_ 6AB<\/a>\u00a0 (Dossier ZIP) et\u00a0<a href=\"https:\/\/arcampin.be\/primaire\/wp-content\/uploads\/2020\/03\/Math\u00e9matiques-r\u00e9visions.pdf\" target=\"_blank\">Dossier_pdf_Maths<\/a><\/li>\n<\/ul>\n<p><img loading=\"lazy\" class=\"alignnone wp-image-2270\" src=\"https:\/\/arcampin.be\/primaire\/wp-content\/uploads\/2020\/03\/langues.jpg\" alt=\"langues\" width=\"160\" height=\"67\" \/><\/p>\n<ul>\n<li>Cours de langues de Mevrouw M\u00e9lissa &#8211;&gt; Cliquez ici\u00a0<a href=\"https:\/\/arcampin.be\/primaire\/wp-content\/uploads\/2020\/03\/zichvoorstellen.lezen_.6.pdf\" target=\"_blank\">zichvoorstellen.lezen.P6<\/a>\u00a0et\u00a0<a href=\"https:\/\/arcampin.be\/primaire\/wp-content\/uploads\/2020\/03\/Giving-directions.Im-5-6.pdf\" target=\"_blank\">Giving directions.Im P5-6<br \/>\n<\/a>+\u00a0 \u00a0\u00a0<a href=\"https:\/\/arcampin.be\/primaire\/wp-content\/uploads\/2020\/03\/De-familie.5.pdf\" target=\"_blank\">De familie.5<\/a>\u00a0 \u00a0 (Vocabulaire de la famille P5) &#8211;\u00a0 \u00a0<a href=\"https:\/\/arcampin.be\/primaire\/wp-content\/uploads\/2020\/03\/De-familie.6.pdf\" target=\"_blank\">De familie.6<\/a><a href=\"https:\/\/arcampin.be\/primaire\/wp-content\/uploads\/2020\/03\/Giving-directions.Im-5-6.pdf\" target=\"_blank\">\u00a0 <\/a>(Vocabulaire de la famille P6) &#8211;\u00a0 <a href=\"https:\/\/arcampin.be\/primaire\/wp-content\/uploads\/2020\/03\/Giving-directions.Im-5-6.pdf\" target=\"_blank\">\u00a0<\/a><a href=\"https:\/\/arcampin.be\/primaire\/wp-content\/uploads\/2020\/03\/charachter-and-personality.5-6-IM.pdf\" target=\"_blank\">charachter and personality.5-6 IM<\/a>\u00a0 \u00a0 (les traits de caract\u00e8re P5\/P6)<\/li>\n<li>Mevrouw M\u00e9lissa\u00a0<a href=\"https:\/\/arcampin.be\/primaire\/wp-content\/uploads\/2020\/03\/Jeu-des-d\u00e9s.het-lichaam.pdf\" target=\"_blank\">Jeu des d\u00e9s.het lichaam<\/a><\/li>\n<\/ul>\n<p><img loading=\"lazy\" class=\"alignnone wp-image-2273\" src=\"https:\/\/arcampin.be\/primaire\/wp-content\/uploads\/2020\/03\/immersionanglaise.jpg\" alt=\"immersionanglaise\" width=\"160\" height=\"67\" \/><\/p>\n<ul>\n<li>Classe de Miss Fran\u00e7oise (immersion P4) &#8211;&gt; Cliquez ici\u00a0<a href=\"https:\/\/arcampin.be\/primaire\/wp-content\/uploads\/2020\/03\/Grade-4-review.pdf\" target=\"_blank\">Grade 4 review_P4<br \/>\n(<\/a>si besoin d&rsquo;informations concernant le dossier de Miss Fran\u00e7oise &#8212; &gt; (<a href=\"mailto:francoise.dupire@hotmail.com\" target=\"_blank\">francoise.dupire@hotmail.com<\/a>)<\/li>\n<\/ul>\n<ul>\n<li>Cours d&rsquo;immersion de Miss M\u00e9lissa (<a href=\"mailto:missmelissa.1@outlook.fr\" target=\"_blank\">missmelissa.1@outlook.fr<\/a>)\u00a0 en 6e ann\u00e9e.\u00a0 Cliquez ici &#8211;&gt;\u00a0<a href=\"https:\/\/arcampin.be\/primaire\/wp-content\/uploads\/2020\/03\/My-new-teacher.6-IM.pdf\" target=\"_blank\">My new teacher.6 IM<\/a><\/li>\n<\/ul>\n<ul>\n<li>Mister Rapha\u00ebl (Immersion 5e et 6e)<br \/>\nVeuillez cliquer sur le lien ci-dessous pour d\u00e9couvrir les instructions<br \/>\nde Mister Rapha\u00ebl<br \/>\nCliquez ici &#8211;&gt;\u00a0\u00a0<a href=\"https:\/\/arcampin.be\/primaire\/wp-content\/uploads\/2020\/03\/Mister-Rapha\u00ebl-P5-P6.pdf\" target=\"_blank\">Mister-Rapha\u00ebl-P5-P6<br \/>\n<\/a><\/li>\n<\/ul>\n<p><img loading=\"lazy\" class=\"alignnone wp-image-2272\" src=\"https:\/\/arcampin.be\/primaire\/wp-content\/uploads\/2020\/03\/cpc.jpg\" alt=\"cpc\" width=\"160\" height=\"67\" \/><\/p>\n<ul>\n<li>Mr Mathieu (cours de CPC) vous propose 50 activit\u00e9s pour aider votre enfant \u00e0 grandir heureux. Cliquez ici &#8211;&gt;\u00a0<a href=\"https:\/\/arcampin.be\/primaire\/wp-content\/uploads\/2020\/03\/activit\u00e9s-CPC.pdf\" target=\"_blank\">activit\u00e9s CPC<\/a><\/li>\n<\/ul>\n<p>&nbsp;<\/p>\n<hr \/>\n<p>&nbsp;<\/p>\n<p>&nbsp;<\/p>\n<p>La plupart des dossiers sont au format .PDF\u00a0<img loading=\"lazy\" class=\"alignnone wp-image-1674\" src=\"https:\/\/arcampin.be\/primaire\/wp-content\/uploads\/2019\/09\/logopdf.png\" alt=\"logopdf\" width=\"30\" height=\"37\" \/><\/p>\n<p>Pour les dossiers ZIP, vous avez probablement besoin de t\u00e9l\u00e9charger un logiciel de<br \/>\nd\u00e9compression genre WINZIP\u00a0 \u00a0\u00a0<img loading=\"lazy\" class=\"alignnone wp-image-2115\" src=\"https:\/\/arcampin.be\/primaire\/wp-content\/uploads\/2020\/03\/winzip.png\" alt=\"winzip\" width=\"56\" height=\"64\" \/><\/p>\n<p><img loading=\"lazy\" class=\"alignnone size-full wp-image-2093\" src=\"https:\/\/arcampin.be\/primaire\/wp-content\/uploads\/2020\/03\/banniere_school.jpg\" alt=\"banniere_school\" width=\"453\" height=\"160\" \/><\/p>\n","protected":false},"excerpt":{"rendered":"<p>Voici quelques dossiers mis \u00e0 votre disposition par les institutrices(teurs) de votre enfant jusqu&rsquo;au 18\/04\/2020. Pour la suite des dossiers, veuillez vous rendre sur la nouvelle page: DOSSIERS 2e PARTIE Classes de P1 (Mme&#46;&#46;&#46;<\/p>\n","protected":false},"author":1,"featured_media":0,"parent":0,"menu_order":0,"comment_status":"closed","ping_status":"closed","template":"","meta":[],"_links":{"self":[{"href":"https:\/\/arcampin.be\/primaire\/wp-json\/wp\/v2\/pages\/2062"}],"collection":[{"href":"https:\/\/arcampin.be\/primaire\/wp-json\/wp\/v2\/pages"}],"about":[{"href":"https:\/\/arcampin.be\/primaire\/wp-json\/wp\/v2\/types\/page"}],"author":[{"embeddable":true,"href":"https:\/\/arcampin.be\/primaire\/wp-json\/wp\/v2\/users\/1"}],"replies":[{"embeddable":true,"href":"https:\/\/arcampin.be\/primaire\/wp-json\/wp\/v2\/comments?post=2062"}],"version-history":[{"count":91,"href":"https:\/\/arcampin.be\/primaire\/wp-json\/wp\/v2\/pages\/2062\/revisions"}],"predecessor-version":[{"id":2393,"href":"https:\/\/arcampin.be\/primaire\/wp-json\/wp\/v2\/pages\/2062\/revisions\/2393"}],"wp:attachment":[{"href":"https:\/\/arcampin.be\/primaire\/wp-json\/wp\/v2\/media?parent=2062"}],"curies":[{"name":"wp","href":"https:\/\/api.w.org\/{rel}","templated":true}]}}