{"id":16,"date":"2016-10-03T19:16:28","date_gmt":"2016-10-03T17:16:28","guid":{"rendered":"https:\/\/arcampin.be\/primaire\/?page_id=16"},"modified":"2019-12-02T18:54:21","modified_gmt":"2019-12-02T17:54:21","slug":"infos-generales","status":"publish","type":"page","link":"https:\/\/arcampin.be\/primaire\/infos-generales\/","title":{"rendered":"Infos g\u00e9n\u00e9rales"},"content":{"rendered":"<p>Voici quelques liens qui vous permettront de d\u00e9couvrir l&rsquo;organisation g\u00e9n\u00e9rale de notre section primaire:<\/p>\n<ul>\n<li><a href=\"https:\/\/arcampin.be\/primaire\/coordonnees\/\">Coordonn\u00e9es et contacts<\/a><\/li>\n<li><a href=\"https:\/\/arcampin.be\/primaire\/organisation-des-classes\/\">Organisation des classes<\/a><\/li>\n<li><a href=\"https:\/\/arcampin.be\/primaire\/combien-ca-coute\/\">Combien \u00e7a co\u00fbte ?<\/a><\/li>\n<li><a href=\"https:\/\/arcampin.be\/primaire\/calendrier-scolaire\/\">Calendrier scolaire<\/a><\/li>\n<li><a href=\"https:\/\/arcampin.be\/primaire\/lassociation-de-parents\/\">Association de parents<\/a><\/li>\n<li><a href=\"https:\/\/arcampin.be\/primaire\/le-projet-detablissement\/\">Le projet d&rsquo;\u00e9tablissement<\/a><\/li>\n<li><a href=\"https:\/\/arcampin.be\/primaire\/centre-pms\/\">Centre PMS<\/a><\/li>\n<li><a href=\"https:\/\/arcampin.be\/primaire\/les-menus-du-mois\/\">Menus du mois<\/a><\/li>\n<\/ul>\n<p><strong>\u00a0<\/strong><\/p>\n<p><strong><u>HORAIRE ET PONCTUALITE<\/u><\/strong><\/p>\n<p>La journ\u00e9e type : <u><b>8h20<\/b><\/u>\u00a0&#8211; <u><b>11h50<\/b><\/u> et <u><b>13h15<\/b><\/u>\u00a0&#8211; <u><b>14h55<\/b><\/u>.<br \/>\nLe mercredi, les cours se terminent \u00e0 <u><b>12h05<\/b><\/u>.<br \/>\n<b>A partir de 8h20, tout retard impose un passage par la Direction <\/b>(fermeture de la grille \u00e0 8h20).<\/p>\n<p><u><b>LA GARDERIE<\/b><\/u><\/p>\n<p><b>De 7h \u00e0 8h (gratuit).<br \/>\n<\/b><b>De 15h55 \u00e0 18h.<\/b><\/p>\n<p>Un petit forfait de 0,50\u20ac vous sera demand\u00e9 par 1\/2h entam\u00e9e.<\/p>\n<p><u><b>L&rsquo;ETUDE<\/b><\/u><\/p>\n<p>Pour les \u00e9l\u00e8ves de la section primaire, <u><b>neuf \u00e9tudes<\/b><\/u> sont organis\u00e9es chaque jour. Elles sont encadr\u00e9es par les enseignants jusqu\u2019\u00e0 15h55.<\/p>\n<p><strong><u>L&rsquo;ACCES AU BATIMENT<\/u><\/strong><\/p>\n<p>7h00-7h45\u00a0: petite porte, pr\u00e8s de la garderie<br \/>\n7h45-8h20\u00a0: grille verte donnant acc\u00e8s \u00e0 la cour<br \/>\n14h55 &#8211; 15h10 : grille donnant acc\u00e8s \u00e0 la cour<\/p>\n<p>15h55-16h10: sortie des \u00e9tudes (grille verte donnant acc\u00e8s \u00e0 la cour)<br \/>\n16h10-18h00\u00a0: petite porte pr\u00e8s de la garderie<\/p>\n<p><u>Le mercredi<\/u> : idem pour le matin<\/p>\n<p>12h05-12h25 : grille donnant acc\u00e8s \u00e0 la cour<br \/>\n12h25-18h00 : petite porte, pr\u00e8s de la garderie<\/p>\n<p><u>En journ\u00e9e<\/u>\u00a0: entr\u00e9e principale de l&rsquo;\u00e9cole du c\u00f4t\u00e9 secondaire<\/p>\n<p><strong><u>OBLIGATION SCOLAIRE<\/u><\/strong><\/p>\n<p>Toute absence doit \u00eatre justifi\u00e9e\u00a0<b>pour les enfants en \u00e2ge de scolarit\u00e9 obligatoire<\/b> :<\/p>\n<p>3 jours maximum\u00a0: une \u00ab\u00a0feuille d\u2019absence\u00a0\u00bb fournie par l\u2019\u00e9cole dans la farde de communication devra \u00eatre compl\u00e9t\u00e9e au retour de l\u2019enfant (motifs valables\u00a0: maladie de l\u2019\u00e9l\u00e8ve, d\u00e9c\u00e8s dans la famille proche, convocation par une autorit\u00e9 publique, circonstances exceptionnelles li\u00e9es \u00e0 des probl\u00e8mes familiaux ou de transport), plus de 3 jours : certificat m\u00e9dical <u><b>OBLIGATOIRE<\/b><\/u> remis au retour de l\u2019enfant.<\/p>\n<p>D\u00e8s qu\u2019un \u00e9l\u00e8ve compte 9 demi-jours d\u2019absence injustifi\u00e9e, je suis tenu de le signaler au \u00ab\u00a0Service du contr\u00f4le de l\u2019obligation scolaire\u00a0\u00bb.<\/p>\n<p><b>Il est inacceptable d\u2019assimiler \u00e0 une circonstance exceptionnelle li\u00e9e \u00e0 des probl\u00e8mes familiaux le fait de prendre des vacances pendant la p\u00e9riode scolaire.<\/b><\/p>\n<p>Pour les enfants qui ne sont pas en \u00e2ge d\u2019obligation scolaire et qui fr\u00e9quentent l\u2019enseignement maternel, la pr\u00e9sence \u00e0 l\u2019\u00e9cole n\u2019\u00e9tant pas encore obligatoire, un petit mot \u00e9crit ou une explication verbale au titulaire suffit, ceci dans un souci de bonne organisation de la classe.<\/p>\n<p><b>\u00a0<\/b><\/p>\n","protected":false},"excerpt":{"rendered":"<p>Voici quelques liens qui vous permettront de d\u00e9couvrir l&rsquo;organisation g\u00e9n\u00e9rale de notre section primaire: Coordonn\u00e9es et contacts Organisation des classes Combien \u00e7a co\u00fbte ? Calendrier scolaire Association de parents Le projet d&rsquo;\u00e9tablissement Centre PMS&#46;&#46;&#46;<\/p>\n","protected":false},"author":1,"featured_media":0,"parent":0,"menu_order":0,"comment_status":"closed","ping_status":"closed","template":"","meta":[],"_links":{"self":[{"href":"https:\/\/arcampin.be\/primaire\/wp-json\/wp\/v2\/pages\/16"}],"collection":[{"href":"https:\/\/arcampin.be\/primaire\/wp-json\/wp\/v2\/pages"}],"about":[{"href":"https:\/\/arcampin.be\/primaire\/wp-json\/wp\/v2\/types\/page"}],"author":[{"embeddable":true,"href":"https:\/\/arcampin.be\/primaire\/wp-json\/wp\/v2\/users\/1"}],"replies":[{"embeddable":true,"href":"https:\/\/arcampin.be\/primaire\/wp-json\/wp\/v2\/comments?post=16"}],"version-history":[{"count":11,"href":"https:\/\/arcampin.be\/primaire\/wp-json\/wp\/v2\/pages\/16\/revisions"}],"predecessor-version":[{"id":1836,"href":"https:\/\/arcampin.be\/primaire\/wp-json\/wp\/v2\/pages\/16\/revisions\/1836"}],"wp:attachment":[{"href":"https:\/\/arcampin.be\/primaire\/wp-json\/wp\/v2\/media?parent=16"}],"curies":[{"name":"wp","href":"https:\/\/api.w.org\/{rel}","templated":true}]}}