{"id":136,"date":"2016-10-04T23:19:45","date_gmt":"2016-10-04T21:19:45","guid":{"rendered":"https:\/\/arcampin.be\/primaire\/?page_id=136"},"modified":"2025-09-10T09:40:03","modified_gmt":"2025-09-10T07:40:03","slug":"immersion-en-anglais","status":"publish","type":"page","link":"https:\/\/arcampin.be\/primaire\/immersion-en-anglais\/","title":{"rendered":"Immersion"},"content":{"rendered":"<p><strong>IMMERSION EN ANGLAIS d\u00e8s la 3e maternelle<\/strong><\/p>\n<p>A l\u2019Ath\u00e9n\u00e9e Robert Campin, nous nous inscrivons dans un continuum p\u00e9dagogique.<br \/>\nDe la premi\u00e8re maternelle \u00e0 la sixi\u00e8me secondaire, votre enfant doit faire l\u2019objet d\u2019un suivi personnel. Il est donc indispensable de parler en termes de comp\u00e9tences plut\u00f4t qu\u2019en termes de connaissances. En ce qui concerne la section fondamentale, les comp\u00e9tences \u00e0 acqu\u00e9rir ont \u00e9t\u00e9 d\u00e9finies au travers d\u2019un document appel\u00e9 \u00ab\u00a0Socle de comp\u00e9tences\u00a0\u00bb et propre \u00e0 toutes les \u00e9coles de la F\u00e9d\u00e9ration Wallonie-Bruxelles.<\/p>\n<p><img loading=\"lazy\" class=\"alignnone size-full wp-image-3423\" src=\"https:\/\/arcampin.be\/primaire\/wp-content\/uploads\/2025\/09\/immersion2.jpg\" alt=\"\" width=\"1286\" height=\"700\" srcset=\"https:\/\/arcampin.be\/primaire\/wp-content\/uploads\/2025\/09\/immersion2.jpg 1286w, https:\/\/arcampin.be\/primaire\/wp-content\/uploads\/2025\/09\/immersion2-500x272.jpg 500w, https:\/\/arcampin.be\/primaire\/wp-content\/uploads\/2025\/09\/immersion2-1024x557.jpg 1024w, https:\/\/arcampin.be\/primaire\/wp-content\/uploads\/2025\/09\/immersion2-768x418.jpg 768w\" sizes=\"(max-width: 1286px) 100vw, 1286px\" \/><\/p>\n<p>Pour amener votre enfant vers sa propre excellence, phrase de base de notre projet d\u2019\u00e9tablissement, nous \u00e9tablissons donc au fur et \u00e0 mesure de la scolarit\u00e9 de votre enfant l\u2019\u00e9tat de ses comp\u00e9tences et nous rem\u00e9dions aux lacunes.<\/p>\n<p><b><span style=\"color: #993333;\">Durant son cursus scolaire<br \/>\n<\/span><\/b><b>&#8211; 3e maternelle: 13h\/semaine<br \/>\n&#8211; 1re et 2e primaires<\/b>: 12h\/semaine<br \/>\n<b>&#8211; 3e et 4e primaires<\/b>: 8h\/semaine<br \/>\n<b>&#8211; 5e et 6e primaires<\/b>: 6h\/semaine ( + 2 heures de langue obligatoire)<\/p>\n<p><img loading=\"lazy\" class=\"alignnone size-full wp-image-3422\" src=\"https:\/\/arcampin.be\/primaire\/wp-content\/uploads\/2025\/09\/immersion1.jpg\" alt=\"\" width=\"1232\" height=\"670\" srcset=\"https:\/\/arcampin.be\/primaire\/wp-content\/uploads\/2025\/09\/immersion1.jpg 1232w, https:\/\/arcampin.be\/primaire\/wp-content\/uploads\/2025\/09\/immersion1-500x272.jpg 500w, https:\/\/arcampin.be\/primaire\/wp-content\/uploads\/2025\/09\/immersion1-1024x557.jpg 1024w, https:\/\/arcampin.be\/primaire\/wp-content\/uploads\/2025\/09\/immersion1-768x418.jpg 768w\" sizes=\"(max-width: 1232px) 100vw, 1232px\" \/><\/p>\n","protected":false},"excerpt":{"rendered":"<p>IMMERSION EN ANGLAIS d\u00e8s la 3e maternelle A l\u2019Ath\u00e9n\u00e9e Robert Campin, nous nous inscrivons dans un continuum p\u00e9dagogique. De la premi\u00e8re maternelle \u00e0 la sixi\u00e8me secondaire, votre enfant doit faire l\u2019objet d\u2019un suivi personnel.&#46;&#46;&#46;<\/p>\n","protected":false},"author":1,"featured_media":0,"parent":0,"menu_order":0,"comment_status":"closed","ping_status":"closed","template":"","meta":[],"_links":{"self":[{"href":"https:\/\/arcampin.be\/primaire\/wp-json\/wp\/v2\/pages\/136"}],"collection":[{"href":"https:\/\/arcampin.be\/primaire\/wp-json\/wp\/v2\/pages"}],"about":[{"href":"https:\/\/arcampin.be\/primaire\/wp-json\/wp\/v2\/types\/page"}],"author":[{"embeddable":true,"href":"https:\/\/arcampin.be\/primaire\/wp-json\/wp\/v2\/users\/1"}],"replies":[{"embeddable":true,"href":"https:\/\/arcampin.be\/primaire\/wp-json\/wp\/v2\/comments?post=136"}],"version-history":[{"count":7,"href":"https:\/\/arcampin.be\/primaire\/wp-json\/wp\/v2\/pages\/136\/revisions"}],"predecessor-version":[{"id":3425,"href":"https:\/\/arcampin.be\/primaire\/wp-json\/wp\/v2\/pages\/136\/revisions\/3425"}],"wp:attachment":[{"href":"https:\/\/arcampin.be\/primaire\/wp-json\/wp\/v2\/media?parent=136"}],"curies":[{"name":"wp","href":"https:\/\/api.w.org\/{rel}","templated":true}]}}