{"id":130,"date":"2016-10-04T23:11:01","date_gmt":"2016-10-04T21:11:01","guid":{"rendered":"https:\/\/arcampin.be\/primaire\/?page_id=130"},"modified":"2017-02-22T21:04:21","modified_gmt":"2017-02-22T20:04:21","slug":"classes-de-ferme","status":"publish","type":"page","link":"https:\/\/arcampin.be\/primaire\/classes-de-ferme\/","title":{"rendered":"Ferme du chant des oiseaux \u00e0 Landenne"},"content":{"rendered":"<p>Les \u00e9l\u00e8ves de 3e ann\u00e9e se sont rendus \u00e0 la \u00ab\u00a0ferme du chant des oiseaux\u00a0\u00bb du 13 au 15 f\u00e9vrier 2017.<br \/>\nVoici quelques photos de leur magnifique s\u00e9jour \u00e0 la ferme o\u00f9 ils ont pu go\u00fbter \u00e0 des activit\u00e9s vari\u00e9es et enrichissantes.<\/p>\n<p><img loading=\"lazy\" class=\"alignnone size-full wp-image-811\" src=\"https:\/\/arcampin.be\/primaire\/wp-content\/uploads\/2017\/02\/20170214_093710_resized.jpg\" alt=\"20170214_093710_resized\" width=\"1032\" height=\"243\" srcset=\"https:\/\/arcampin.be\/primaire\/wp-content\/uploads\/2017\/02\/20170214_093710_resized.jpg 1032w, https:\/\/arcampin.be\/primaire\/wp-content\/uploads\/2017\/02\/20170214_093710_resized-300x71.jpg 300w, https:\/\/arcampin.be\/primaire\/wp-content\/uploads\/2017\/02\/20170214_093710_resized-768x181.jpg 768w, https:\/\/arcampin.be\/primaire\/wp-content\/uploads\/2017\/02\/20170214_093710_resized-1024x241.jpg 1024w\" sizes=\"(max-width: 1032px) 100vw, 1032px\" \/><\/p>\n<p><img loading=\"lazy\" class=\"alignnone size-full wp-image-808\" src=\"https:\/\/arcampin.be\/primaire\/wp-content\/uploads\/2017\/02\/20170213_114808_resized.jpg\" alt=\"20170213_114808_resized\" width=\"805\" height=\"400\" srcset=\"https:\/\/arcampin.be\/primaire\/wp-content\/uploads\/2017\/02\/20170213_114808_resized.jpg 805w, https:\/\/arcampin.be\/primaire\/wp-content\/uploads\/2017\/02\/20170213_114808_resized-300x149.jpg 300w, https:\/\/arcampin.be\/primaire\/wp-content\/uploads\/2017\/02\/20170213_114808_resized-768x382.jpg 768w\" sizes=\"(max-width: 805px) 100vw, 805px\" \/><\/p>\n<p><img loading=\"lazy\" class=\"alignnone size-full wp-image-822\" src=\"https:\/\/arcampin.be\/primaire\/wp-content\/uploads\/2017\/02\/ferme1-1.jpg\" alt=\"ferme1\" width=\"1009\" height=\"427\" srcset=\"https:\/\/arcampin.be\/primaire\/wp-content\/uploads\/2017\/02\/ferme1-1.jpg 1009w, https:\/\/arcampin.be\/primaire\/wp-content\/uploads\/2017\/02\/ferme1-1-300x127.jpg 300w, https:\/\/arcampin.be\/primaire\/wp-content\/uploads\/2017\/02\/ferme1-1-768x325.jpg 768w\" sizes=\"(max-width: 1009px) 100vw, 1009px\" \/><\/p>\n<p><img loading=\"lazy\" class=\"alignnone wp-image-847\" src=\"https:\/\/arcampin.be\/primaire\/wp-content\/uploads\/2017\/02\/ferme32.jpg\" alt=\"ferme32\" width=\"291\" height=\"163\" srcset=\"https:\/\/arcampin.be\/primaire\/wp-content\/uploads\/2017\/02\/ferme32.jpg 1032w, https:\/\/arcampin.be\/primaire\/wp-content\/uploads\/2017\/02\/ferme32-300x169.jpg 300w, https:\/\/arcampin.be\/primaire\/wp-content\/uploads\/2017\/02\/ferme32-768x432.jpg 768w, https:\/\/arcampin.be\/primaire\/wp-content\/uploads\/2017\/02\/ferme32-1024x576.jpg 1024w\" sizes=\"(max-width: 291px) 100vw, 291px\" \/>\u00a0 \u00a0 \u00a0 \u00a0<img loading=\"lazy\" class=\"alignnone wp-image-846\" src=\"https:\/\/arcampin.be\/primaire\/wp-content\/uploads\/2017\/02\/ferme31.jpg\" alt=\"ferme31\" width=\"289\" height=\"163\" srcset=\"https:\/\/arcampin.be\/primaire\/wp-content\/uploads\/2017\/02\/ferme31.jpg 1032w, https:\/\/arcampin.be\/primaire\/wp-content\/uploads\/2017\/02\/ferme31-300x169.jpg 300w, https:\/\/arcampin.be\/primaire\/wp-content\/uploads\/2017\/02\/ferme31-768x432.jpg 768w, https:\/\/arcampin.be\/primaire\/wp-content\/uploads\/2017\/02\/ferme31-1024x576.jpg 1024w\" sizes=\"(max-width: 289px) 100vw, 289px\" \/> <img loading=\"lazy\" class=\"alignnone size-full wp-image-845\" src=\"https:\/\/arcampin.be\/primaire\/wp-content\/uploads\/2017\/02\/ferme30.jpg\" alt=\"ferme30\" width=\"1032\" height=\"580\" srcset=\"https:\/\/arcampin.be\/primaire\/wp-content\/uploads\/2017\/02\/ferme30.jpg 1032w, https:\/\/arcampin.be\/primaire\/wp-content\/uploads\/2017\/02\/ferme30-300x169.jpg 300w, https:\/\/arcampin.be\/primaire\/wp-content\/uploads\/2017\/02\/ferme30-768x432.jpg 768w, https:\/\/arcampin.be\/primaire\/wp-content\/uploads\/2017\/02\/ferme30-1024x576.jpg 1024w\" sizes=\"(max-width: 1032px) 100vw, 1032px\" \/><\/p>\n<p><img loading=\"lazy\" class=\"alignnone wp-image-838\" src=\"https:\/\/arcampin.be\/primaire\/wp-content\/uploads\/2017\/02\/ferme25.jpg\" alt=\"ferme25\" width=\"292\" height=\"164\" srcset=\"https:\/\/arcampin.be\/primaire\/wp-content\/uploads\/2017\/02\/ferme25.jpg 1032w, https:\/\/arcampin.be\/primaire\/wp-content\/uploads\/2017\/02\/ferme25-300x169.jpg 300w, https:\/\/arcampin.be\/primaire\/wp-content\/uploads\/2017\/02\/ferme25-768x432.jpg 768w, https:\/\/arcampin.be\/primaire\/wp-content\/uploads\/2017\/02\/ferme25-1024x576.jpg 1024w\" sizes=\"(max-width: 292px) 100vw, 292px\" \/>\u00a0 \u00a0 \u00a0<img loading=\"lazy\" class=\"alignnone wp-image-837\" src=\"https:\/\/arcampin.be\/primaire\/wp-content\/uploads\/2017\/02\/ferme24.jpg\" alt=\"ferme24\" width=\"294\" height=\"166\" srcset=\"https:\/\/arcampin.be\/primaire\/wp-content\/uploads\/2017\/02\/ferme24.jpg 1032w, https:\/\/arcampin.be\/primaire\/wp-content\/uploads\/2017\/02\/ferme24-300x169.jpg 300w, https:\/\/arcampin.be\/primaire\/wp-content\/uploads\/2017\/02\/ferme24-768x432.jpg 768w, https:\/\/arcampin.be\/primaire\/wp-content\/uploads\/2017\/02\/ferme24-1024x576.jpg 1024w\" sizes=\"(max-width: 294px) 100vw, 294px\" \/> <img loading=\"lazy\" class=\"alignnone size-full wp-image-836\" src=\"https:\/\/arcampin.be\/primaire\/wp-content\/uploads\/2017\/02\/ferme23.jpg\" alt=\"ferme23\" width=\"1032\" height=\"580\" srcset=\"https:\/\/arcampin.be\/primaire\/wp-content\/uploads\/2017\/02\/ferme23.jpg 1032w, https:\/\/arcampin.be\/primaire\/wp-content\/uploads\/2017\/02\/ferme23-300x169.jpg 300w, https:\/\/arcampin.be\/primaire\/wp-content\/uploads\/2017\/02\/ferme23-768x432.jpg 768w, https:\/\/arcampin.be\/primaire\/wp-content\/uploads\/2017\/02\/ferme23-1024x576.jpg 1024w\" sizes=\"(max-width: 1032px) 100vw, 1032px\" \/><\/p>\n<p><img loading=\"lazy\" class=\"alignnone wp-image-834\" src=\"https:\/\/arcampin.be\/primaire\/wp-content\/uploads\/2017\/02\/ferme21.jpg\" alt=\"ferme21\" width=\"291\" height=\"163\" srcset=\"https:\/\/arcampin.be\/primaire\/wp-content\/uploads\/2017\/02\/ferme21.jpg 1032w, https:\/\/arcampin.be\/primaire\/wp-content\/uploads\/2017\/02\/ferme21-300x169.jpg 300w, https:\/\/arcampin.be\/primaire\/wp-content\/uploads\/2017\/02\/ferme21-768x432.jpg 768w, https:\/\/arcampin.be\/primaire\/wp-content\/uploads\/2017\/02\/ferme21-1024x576.jpg 1024w\" sizes=\"(max-width: 291px) 100vw, 291px\" \/>\u00a0 \u00a0 \u00a0<img loading=\"lazy\" class=\"alignnone wp-image-833\" src=\"https:\/\/arcampin.be\/primaire\/wp-content\/uploads\/2017\/02\/ferme20.jpg\" alt=\"ferme20\" width=\"291\" height=\"163\" srcset=\"https:\/\/arcampin.be\/primaire\/wp-content\/uploads\/2017\/02\/ferme20.jpg 1032w, https:\/\/arcampin.be\/primaire\/wp-content\/uploads\/2017\/02\/ferme20-300x169.jpg 300w, https:\/\/arcampin.be\/primaire\/wp-content\/uploads\/2017\/02\/ferme20-768x432.jpg 768w, https:\/\/arcampin.be\/primaire\/wp-content\/uploads\/2017\/02\/ferme20-1024x576.jpg 1024w\" sizes=\"(max-width: 291px) 100vw, 291px\" \/> <img loading=\"lazy\" class=\"alignnone size-full wp-image-827\" src=\"https:\/\/arcampin.be\/primaire\/wp-content\/uploads\/2017\/02\/ferme6.jpg\" alt=\"ferme6\" width=\"1032\" height=\"580\" srcset=\"https:\/\/arcampin.be\/primaire\/wp-content\/uploads\/2017\/02\/ferme6.jpg 1032w, https:\/\/arcampin.be\/primaire\/wp-content\/uploads\/2017\/02\/ferme6-300x169.jpg 300w, https:\/\/arcampin.be\/primaire\/wp-content\/uploads\/2017\/02\/ferme6-768x432.jpg 768w, https:\/\/arcampin.be\/primaire\/wp-content\/uploads\/2017\/02\/ferme6-1024x576.jpg 1024w\" sizes=\"(max-width: 1032px) 100vw, 1032px\" \/><\/p>\n<p><img loading=\"lazy\" class=\"alignnone wp-image-826\" src=\"https:\/\/arcampin.be\/primaire\/wp-content\/uploads\/2017\/02\/ferme5.jpg\" alt=\"ferme5\" width=\"292\" height=\"164\" srcset=\"https:\/\/arcampin.be\/primaire\/wp-content\/uploads\/2017\/02\/ferme5.jpg 1032w, https:\/\/arcampin.be\/primaire\/wp-content\/uploads\/2017\/02\/ferme5-300x169.jpg 300w, https:\/\/arcampin.be\/primaire\/wp-content\/uploads\/2017\/02\/ferme5-768x432.jpg 768w, https:\/\/arcampin.be\/primaire\/wp-content\/uploads\/2017\/02\/ferme5-1024x576.jpg 1024w\" sizes=\"(max-width: 292px) 100vw, 292px\" \/>\u00a0 \u00a0 \u00a0\u00a0<img loading=\"lazy\" class=\"alignnone wp-image-825\" src=\"https:\/\/arcampin.be\/primaire\/wp-content\/uploads\/2017\/02\/ferme4.jpg\" alt=\"ferme4\" width=\"292\" height=\"164\" srcset=\"https:\/\/arcampin.be\/primaire\/wp-content\/uploads\/2017\/02\/ferme4.jpg 1032w, https:\/\/arcampin.be\/primaire\/wp-content\/uploads\/2017\/02\/ferme4-300x169.jpg 300w, https:\/\/arcampin.be\/primaire\/wp-content\/uploads\/2017\/02\/ferme4-768x432.jpg 768w, https:\/\/arcampin.be\/primaire\/wp-content\/uploads\/2017\/02\/ferme4-1024x576.jpg 1024w\" sizes=\"(max-width: 292px) 100vw, 292px\" \/> \u00a0 <img loading=\"lazy\" class=\"alignnone wp-image-823\" src=\"https:\/\/arcampin.be\/primaire\/wp-content\/uploads\/2017\/02\/ferme2-1.jpg\" alt=\"ferme2\" width=\"137\" height=\"175\" srcset=\"https:\/\/arcampin.be\/primaire\/wp-content\/uploads\/2017\/02\/ferme2-1.jpg 396w, https:\/\/arcampin.be\/primaire\/wp-content\/uploads\/2017\/02\/ferme2-1-233x300.jpg 233w\" sizes=\"(max-width: 137px) 100vw, 137px\" \/>\u00a0 \u00a0 \u00a0 \u00a0<img loading=\"lazy\" class=\"alignnone wp-image-835\" src=\"https:\/\/arcampin.be\/primaire\/wp-content\/uploads\/2017\/02\/ferme22.jpg\" alt=\"ferme22\" width=\"100\" height=\"177\" srcset=\"https:\/\/arcampin.be\/primaire\/wp-content\/uploads\/2017\/02\/ferme22.jpg 549w, https:\/\/arcampin.be\/primaire\/wp-content\/uploads\/2017\/02\/ferme22-169x300.jpg 169w\" sizes=\"(max-width: 100px) 100vw, 100px\" \/>\u00a0 \u00a0 \u00a0\u00a0<img loading=\"lazy\" class=\"alignnone wp-image-824\" src=\"https:\/\/arcampin.be\/primaire\/wp-content\/uploads\/2017\/02\/ferme3.jpg\" alt=\"ferme3\" width=\"317\" height=\"178\" srcset=\"https:\/\/arcampin.be\/primaire\/wp-content\/uploads\/2017\/02\/ferme3.jpg 1032w, https:\/\/arcampin.be\/primaire\/wp-content\/uploads\/2017\/02\/ferme3-300x169.jpg 300w, https:\/\/arcampin.be\/primaire\/wp-content\/uploads\/2017\/02\/ferme3-768x432.jpg 768w, https:\/\/arcampin.be\/primaire\/wp-content\/uploads\/2017\/02\/ferme3-1024x576.jpg 1024w\" sizes=\"(max-width: 317px) 100vw, 317px\" \/><\/p>\n<p><img loading=\"lazy\" class=\"alignnone size-full wp-image-807\" src=\"https:\/\/arcampin.be\/primaire\/wp-content\/uploads\/2017\/02\/20170213_155927_resized.jpg\" alt=\"20170213_155927_resized\" width=\"905\" height=\"480\" srcset=\"https:\/\/arcampin.be\/primaire\/wp-content\/uploads\/2017\/02\/20170213_155927_resized.jpg 905w, https:\/\/arcampin.be\/primaire\/wp-content\/uploads\/2017\/02\/20170213_155927_resized-300x159.jpg 300w, https:\/\/arcampin.be\/primaire\/wp-content\/uploads\/2017\/02\/20170213_155927_resized-768x407.jpg 768w\" sizes=\"(max-width: 905px) 100vw, 905px\" \/> <img loading=\"lazy\" class=\"alignnone size-full wp-image-806\" src=\"https:\/\/arcampin.be\/primaire\/wp-content\/uploads\/2017\/02\/20170213_114436_resized.jpg\" alt=\"20170213_114436_resized\" width=\"946\" height=\"526\" srcset=\"https:\/\/arcampin.be\/primaire\/wp-content\/uploads\/2017\/02\/20170213_114436_resized.jpg 946w, https:\/\/arcampin.be\/primaire\/wp-content\/uploads\/2017\/02\/20170213_114436_resized-300x167.jpg 300w, https:\/\/arcampin.be\/primaire\/wp-content\/uploads\/2017\/02\/20170213_114436_resized-768x427.jpg 768w\" sizes=\"(max-width: 946px) 100vw, 946px\" \/><\/p>\n<p><img loading=\"lazy\" class=\"alignnone size-full wp-image-805\" src=\"https:\/\/arcampin.be\/primaire\/wp-content\/uploads\/2017\/02\/20170214_093537_resized.jpg\" alt=\"20170214_093537_resized\" width=\"914\" height=\"549\" srcset=\"https:\/\/arcampin.be\/primaire\/wp-content\/uploads\/2017\/02\/20170214_093537_resized.jpg 914w, https:\/\/arcampin.be\/primaire\/wp-content\/uploads\/2017\/02\/20170214_093537_resized-300x180.jpg 300w, https:\/\/arcampin.be\/primaire\/wp-content\/uploads\/2017\/02\/20170214_093537_resized-768x461.jpg 768w\" sizes=\"(max-width: 914px) 100vw, 914px\" \/> <img loading=\"lazy\" class=\"alignnone size-full wp-image-804\" src=\"https:\/\/arcampin.be\/primaire\/wp-content\/uploads\/2017\/02\/20170214_093301_resized.jpg\" alt=\"20170214_093301_resized\" width=\"877\" height=\"459\" srcset=\"https:\/\/arcampin.be\/primaire\/wp-content\/uploads\/2017\/02\/20170214_093301_resized.jpg 877w, https:\/\/arcampin.be\/primaire\/wp-content\/uploads\/2017\/02\/20170214_093301_resized-300x157.jpg 300w, https:\/\/arcampin.be\/primaire\/wp-content\/uploads\/2017\/02\/20170214_093301_resized-768x402.jpg 768w\" sizes=\"(max-width: 877px) 100vw, 877px\" \/> <img loading=\"lazy\" class=\"alignnone size-full wp-image-803\" src=\"https:\/\/arcampin.be\/primaire\/wp-content\/uploads\/2017\/02\/20170214_093122_resized.jpg\" alt=\"20170214_093122_resized\" width=\"970\" height=\"471\" srcset=\"https:\/\/arcampin.be\/primaire\/wp-content\/uploads\/2017\/02\/20170214_093122_resized.jpg 970w, https:\/\/arcampin.be\/primaire\/wp-content\/uploads\/2017\/02\/20170214_093122_resized-300x146.jpg 300w, https:\/\/arcampin.be\/primaire\/wp-content\/uploads\/2017\/02\/20170214_093122_resized-768x373.jpg 768w\" sizes=\"(max-width: 970px) 100vw, 970px\" \/> <img loading=\"lazy\" class=\"alignnone size-full wp-image-802\" src=\"https:\/\/arcampin.be\/primaire\/wp-content\/uploads\/2017\/02\/20170214_092930_resized.jpg\" alt=\"20170214_092930_resized\" width=\"935\" height=\"443\" srcset=\"https:\/\/arcampin.be\/primaire\/wp-content\/uploads\/2017\/02\/20170214_092930_resized.jpg 935w, https:\/\/arcampin.be\/primaire\/wp-content\/uploads\/2017\/02\/20170214_092930_resized-300x142.jpg 300w, https:\/\/arcampin.be\/primaire\/wp-content\/uploads\/2017\/02\/20170214_092930_resized-768x364.jpg 768w\" sizes=\"(max-width: 935px) 100vw, 935px\" \/> <img loading=\"lazy\" class=\"alignnone size-full wp-image-801\" src=\"https:\/\/arcampin.be\/primaire\/wp-content\/uploads\/2017\/02\/20170214_100406_resized.jpg\" alt=\"20170214_100406_resized\" width=\"785\" height=\"401\" srcset=\"https:\/\/arcampin.be\/primaire\/wp-content\/uploads\/2017\/02\/20170214_100406_resized.jpg 785w, https:\/\/arcampin.be\/primaire\/wp-content\/uploads\/2017\/02\/20170214_100406_resized-300x153.jpg 300w, https:\/\/arcampin.be\/primaire\/wp-content\/uploads\/2017\/02\/20170214_100406_resized-768x392.jpg 768w\" sizes=\"(max-width: 785px) 100vw, 785px\" \/> <img loading=\"lazy\" class=\"alignnone wp-image-800\" src=\"https:\/\/arcampin.be\/primaire\/wp-content\/uploads\/2017\/02\/20170214_100336_resized.jpg\" alt=\"20170214_100336_resized\" width=\"171\" height=\"200\" \/>\u00a0 \u00a0\u00a0<img loading=\"lazy\" class=\"alignnone wp-image-799\" src=\"https:\/\/arcampin.be\/primaire\/wp-content\/uploads\/2017\/02\/20170214_100209_resized.jpg\" alt=\"20170214_100209_resized\" width=\"417\" height=\"199\" srcset=\"https:\/\/arcampin.be\/primaire\/wp-content\/uploads\/2017\/02\/20170214_100209_resized.jpg 1032w, https:\/\/arcampin.be\/primaire\/wp-content\/uploads\/2017\/02\/20170214_100209_resized-300x144.jpg 300w, https:\/\/arcampin.be\/primaire\/wp-content\/uploads\/2017\/02\/20170214_100209_resized-768x369.jpg 768w, https:\/\/arcampin.be\/primaire\/wp-content\/uploads\/2017\/02\/20170214_100209_resized-1024x492.jpg 1024w\" sizes=\"(max-width: 417px) 100vw, 417px\" \/> <img loading=\"lazy\" class=\"alignnone size-full wp-image-798\" src=\"https:\/\/arcampin.be\/primaire\/wp-content\/uploads\/2017\/02\/20170214_100154_resized.jpg\" alt=\"20170214_100154_resized\" width=\"1032\" height=\"449\" srcset=\"https:\/\/arcampin.be\/primaire\/wp-content\/uploads\/2017\/02\/20170214_100154_resized.jpg 1032w, https:\/\/arcampin.be\/primaire\/wp-content\/uploads\/2017\/02\/20170214_100154_resized-300x131.jpg 300w, https:\/\/arcampin.be\/primaire\/wp-content\/uploads\/2017\/02\/20170214_100154_resized-768x334.jpg 768w, https:\/\/arcampin.be\/primaire\/wp-content\/uploads\/2017\/02\/20170214_100154_resized-1024x446.jpg 1024w\" sizes=\"(max-width: 1032px) 100vw, 1032px\" \/><\/p>\n<p><img loading=\"lazy\" class=\"alignnone wp-image-356\" src=\"https:\/\/arcampin.be\/primaire\/wp-content\/uploads\/2016\/10\/Ligne-1024x532-300x156.jpg\" alt=\"ligne-1024x532\" width=\"67\" height=\"35\" srcset=\"https:\/\/arcampin.be\/primaire\/wp-content\/uploads\/2016\/10\/Ligne-1024x532-300x156.jpg 300w, https:\/\/arcampin.be\/primaire\/wp-content\/uploads\/2016\/10\/Ligne-1024x532-768x399.jpg 768w, https:\/\/arcampin.be\/primaire\/wp-content\/uploads\/2016\/10\/Ligne-1024x532.jpg 1024w\" sizes=\"(max-width: 67px) 100vw, 67px\" \/><img loading=\"lazy\" class=\"alignnone wp-image-356\" src=\"https:\/\/arcampin.be\/primaire\/wp-content\/uploads\/2016\/10\/Ligne-1024x532-300x156.jpg\" alt=\"ligne-1024x532\" width=\"67\" height=\"35\" srcset=\"https:\/\/arcampin.be\/primaire\/wp-content\/uploads\/2016\/10\/Ligne-1024x532-300x156.jpg 300w, https:\/\/arcampin.be\/primaire\/wp-content\/uploads\/2016\/10\/Ligne-1024x532-768x399.jpg 768w, https:\/\/arcampin.be\/primaire\/wp-content\/uploads\/2016\/10\/Ligne-1024x532.jpg 1024w\" sizes=\"(max-width: 67px) 100vw, 67px\" \/><img loading=\"lazy\" class=\"alignnone wp-image-356\" src=\"https:\/\/arcampin.be\/primaire\/wp-content\/uploads\/2016\/10\/Ligne-1024x532-300x156.jpg\" alt=\"ligne-1024x532\" width=\"67\" height=\"35\" srcset=\"https:\/\/arcampin.be\/primaire\/wp-content\/uploads\/2016\/10\/Ligne-1024x532-300x156.jpg 300w, https:\/\/arcampin.be\/primaire\/wp-content\/uploads\/2016\/10\/Ligne-1024x532-768x399.jpg 768w, https:\/\/arcampin.be\/primaire\/wp-content\/uploads\/2016\/10\/Ligne-1024x532.jpg 1024w\" sizes=\"(max-width: 67px) 100vw, 67px\" \/><img loading=\"lazy\" class=\"alignnone wp-image-356\" src=\"https:\/\/arcampin.be\/primaire\/wp-content\/uploads\/2016\/10\/Ligne-1024x532-300x156.jpg\" alt=\"ligne-1024x532\" width=\"67\" height=\"35\" srcset=\"https:\/\/arcampin.be\/primaire\/wp-content\/uploads\/2016\/10\/Ligne-1024x532-300x156.jpg 300w, https:\/\/arcampin.be\/primaire\/wp-content\/uploads\/2016\/10\/Ligne-1024x532-768x399.jpg 768w, https:\/\/arcampin.be\/primaire\/wp-content\/uploads\/2016\/10\/Ligne-1024x532.jpg 1024w\" sizes=\"(max-width: 67px) 100vw, 67px\" \/><img loading=\"lazy\" class=\"alignnone wp-image-356\" src=\"https:\/\/arcampin.be\/primaire\/wp-content\/uploads\/2016\/10\/Ligne-1024x532-300x156.jpg\" alt=\"ligne-1024x532\" width=\"67\" height=\"35\" srcset=\"https:\/\/arcampin.be\/primaire\/wp-content\/uploads\/2016\/10\/Ligne-1024x532-300x156.jpg 300w, https:\/\/arcampin.be\/primaire\/wp-content\/uploads\/2016\/10\/Ligne-1024x532-768x399.jpg 768w, https:\/\/arcampin.be\/primaire\/wp-content\/uploads\/2016\/10\/Ligne-1024x532.jpg 1024w\" sizes=\"(max-width: 67px) 100vw, 67px\" \/><img loading=\"lazy\" class=\"alignnone wp-image-356\" src=\"https:\/\/arcampin.be\/primaire\/wp-content\/uploads\/2016\/10\/Ligne-1024x532-300x156.jpg\" alt=\"ligne-1024x532\" width=\"67\" height=\"35\" srcset=\"https:\/\/arcampin.be\/primaire\/wp-content\/uploads\/2016\/10\/Ligne-1024x532-300x156.jpg 300w, https:\/\/arcampin.be\/primaire\/wp-content\/uploads\/2016\/10\/Ligne-1024x532-768x399.jpg 768w, https:\/\/arcampin.be\/primaire\/wp-content\/uploads\/2016\/10\/Ligne-1024x532.jpg 1024w\" sizes=\"(max-width: 67px) 100vw, 67px\" \/><img loading=\"lazy\" class=\"alignnone wp-image-356\" src=\"https:\/\/arcampin.be\/primaire\/wp-content\/uploads\/2016\/10\/Ligne-1024x532-300x156.jpg\" alt=\"ligne-1024x532\" width=\"67\" height=\"35\" srcset=\"https:\/\/arcampin.be\/primaire\/wp-content\/uploads\/2016\/10\/Ligne-1024x532-300x156.jpg 300w, https:\/\/arcampin.be\/primaire\/wp-content\/uploads\/2016\/10\/Ligne-1024x532-768x399.jpg 768w, https:\/\/arcampin.be\/primaire\/wp-content\/uploads\/2016\/10\/Ligne-1024x532.jpg 1024w\" sizes=\"(max-width: 67px) 100vw, 67px\" \/><img loading=\"lazy\" class=\"alignnone wp-image-356\" src=\"https:\/\/arcampin.be\/primaire\/wp-content\/uploads\/2016\/10\/Ligne-1024x532-300x156.jpg\" alt=\"ligne-1024x532\" width=\"67\" height=\"35\" srcset=\"https:\/\/arcampin.be\/primaire\/wp-content\/uploads\/2016\/10\/Ligne-1024x532-300x156.jpg 300w, https:\/\/arcampin.be\/primaire\/wp-content\/uploads\/2016\/10\/Ligne-1024x532-768x399.jpg 768w, https:\/\/arcampin.be\/primaire\/wp-content\/uploads\/2016\/10\/Ligne-1024x532.jpg 1024w\" sizes=\"(max-width: 67px) 100vw, 67px\" \/><img loading=\"lazy\" class=\"alignnone wp-image-356\" src=\"https:\/\/arcampin.be\/primaire\/wp-content\/uploads\/2016\/10\/Ligne-1024x532-300x156.jpg\" alt=\"ligne-1024x532\" width=\"67\" height=\"35\" srcset=\"https:\/\/arcampin.be\/primaire\/wp-content\/uploads\/2016\/10\/Ligne-1024x532-300x156.jpg 300w, https:\/\/arcampin.be\/primaire\/wp-content\/uploads\/2016\/10\/Ligne-1024x532-768x399.jpg 768w, https:\/\/arcampin.be\/primaire\/wp-content\/uploads\/2016\/10\/Ligne-1024x532.jpg 1024w\" sizes=\"(max-width: 67px) 100vw, 67px\" \/><\/p>\n<p><strong>\u00ab\u00a0LA FERME DU CHANT D&rsquo;OISEAUX\u00a0\u00bb en quelques mots<\/strong><\/p>\n<p>Situ\u00e9 \u00e0 l&rsquo;or\u00e9e d&rsquo;un bois au pied d&rsquo;une r\u00e9serve naturelle, l&rsquo;endroit offre un cadre magnifique pour passer une superbe s\u00e9jour.<\/p>\n<p><img class=\"wa-img wa-comp \" src=\"http:\/\/www.ferme-pedagogique.net\/crbst_chA_CC_83_C2_A2teau_20202.jpg?v=1cotjghn5we7zb\" alt=\"\" \/><\/p>\n<div align=\"left\"><strong>L&rsquo;infrastructure mise en place permet \u00e0 la ferme du Chant d&rsquo;Oiseaux de viser de multiples objectifs:<\/strong><\/div>\n<div align=\"left\">\n<div class=\"wa-div-bg-gradient\"><\/div>\n<div class=\"wa-comp wa-text wa-bg-gradient param[grad(rgba(0,0,0,0)) border(0 #969696)] \">\n<div>\n<div align=\"left\">*\u00a0 Sensibiliser les enfants au lien \u00e9troit entre les \u00e9l\u00e9ments vitaux pour l\u2019homme (sol, air, eau\u2026) et l\u2019agriculture. Montrer le r\u00f4le que jouent les agriculteurs dans la production alimentaire nous permettant de manger quotidiennement et l\u2019importance de la pr\u00e9servation du syst\u00e8me.<\/div>\n<\/div>\n<\/div>\n<\/div>\n<div align=\"left\"><\/div>\n<div align=\"left\">\n<div align=\"left\">* Au cours des diff\u00e9rentes activit\u00e9s propos\u00e9es les animateurs mettent aussi en \u00e9vidence la n\u00e9cessit\u00e9 d\u2019un repas \u00e9quilibr\u00e9 et d\u2019une activit\u00e9 physique quotidienne. Afin de veiller \u00e0 l\u2019\u00e9quilibre \u00ab manger-bouger \u00bb, des activit\u00e9s sportives audacieuses sont propos\u00e9es aux enfants au sein m\u00eame de la ferme.<\/div>\n<\/div>\n<div align=\"left\"><\/div>\n<div align=\"left\"><img loading=\"lazy\" class=\"wa-img wa-comp \" src=\"http:\/\/www.ferme-pedagogique.net\/crbst_fore_CC_82t_2030.jpg?v=1hue185usbeyzmk\" alt=\"\" width=\"247\" height=\"185\" \/>\u00a0\u00a0\u00a0\u00a0 <img loading=\"lazy\" class=\"wa-img wa-comp \" src=\"http:\/\/www.ferme-pedagogique.net\/crbst_village-gaulois-010.jpg?v=1htvv05usbeyzmk\" alt=\"\" width=\"247\" height=\"185\" \/><\/div>\n<div align=\"left\"><\/div>\n<div align=\"left\">\n<div align=\"left\">* Bouger, c\u2019est aussi d\u00e9couvrir un \u00e9cosyst\u00e8me riche en biodiversit\u00e9, source de vie animale et v\u00e9g\u00e9tale, bulle d\u2019oxyg\u00e8ne de la Terre, sensible aux actions humaines, fragile aux perturbations environnementales, o\u00f9 se c\u00f4toient les hommes et la nature. L\u2019enfant prend conscience et, est sensibilis\u00e9 \u00e0 l\u2019\u00e9tat de l\u2019environnement. Il acquiert des connaissances, un \u00e9tat d\u2019esprit, des attitudes positives, de la motivation \u00e0 agir, du sens des valeurs. Il est capable d\u2019identifier et de \u00ab solutionner \u00bb \u00e0 son \u00e9chelle les probl\u00e8mes de l\u2019environnement.<\/div>\n<\/div>\n<div align=\"left\"><\/div>\n<div align=\"left\"><\/div>\n<div align=\"left\"><\/div>\n<div align=\"left\"><\/div>\n<div align=\"left\"><\/div>\n<div align=\"left\"><\/div>\n<div align=\"left\"><\/div>\n<div align=\"left\"><\/div>\n<div align=\"left\"><\/div>\n","protected":false},"excerpt":{"rendered":"<p>Les \u00e9l\u00e8ves de 3e ann\u00e9e se sont rendus \u00e0 la \u00ab\u00a0ferme du chant des oiseaux\u00a0\u00bb du 13 au 15 f\u00e9vrier 2017. Voici quelques photos de leur magnifique s\u00e9jour \u00e0 la ferme o\u00f9 ils ont&#46;&#46;&#46;<\/p>\n","protected":false},"author":1,"featured_media":0,"parent":0,"menu_order":0,"comment_status":"closed","ping_status":"closed","template":"","meta":[],"_links":{"self":[{"href":"https:\/\/arcampin.be\/primaire\/wp-json\/wp\/v2\/pages\/130"}],"collection":[{"href":"https:\/\/arcampin.be\/primaire\/wp-json\/wp\/v2\/pages"}],"about":[{"href":"https:\/\/arcampin.be\/primaire\/wp-json\/wp\/v2\/types\/page"}],"author":[{"embeddable":true,"href":"https:\/\/arcampin.be\/primaire\/wp-json\/wp\/v2\/users\/1"}],"replies":[{"embeddable":true,"href":"https:\/\/arcampin.be\/primaire\/wp-json\/wp\/v2\/comments?post=130"}],"version-history":[{"count":11,"href":"https:\/\/arcampin.be\/primaire\/wp-json\/wp\/v2\/pages\/130\/revisions"}],"predecessor-version":[{"id":891,"href":"https:\/\/arcampin.be\/primaire\/wp-json\/wp\/v2\/pages\/130\/revisions\/891"}],"wp:attachment":[{"href":"https:\/\/arcampin.be\/primaire\/wp-json\/wp\/v2\/media?parent=130"}],"curies":[{"name":"wp","href":"https:\/\/api.w.org\/{rel}","templated":true}]}}