{"id":105,"date":"2016-10-04T20:45:15","date_gmt":"2016-10-04T18:45:15","guid":{"rendered":"https:\/\/arcampin.be\/primaire\/?page_id=105"},"modified":"2025-09-08T11:37:16","modified_gmt":"2025-09-08T09:37:16","slug":"a-vos-agendas","status":"publish","type":"page","link":"https:\/\/arcampin.be\/primaire\/a-vos-agendas\/","title":{"rendered":"A vos agendas"},"content":{"rendered":"\n<p>Voici quelques dates \u00e0 placer dans votre agenda pour l&rsquo;ann\u00e9e scolaire 2025-2026.<\/p>\n\n\n\n<p><strong>R\u00e9unions de parents<\/strong><\/p>\n\n\n\n<ul><li>Lundi 17 novembre 2025<\/li><li>Lundi 2 f\u00e9vrier 2026<\/li><li>Lundi 20 avril 2026<\/li><li>Mardi 30 juin 2026<\/li><\/ul>\n\n\n\n<p><strong>Remise des bulletins<\/strong><\/p>\n\n\n\n<ul><li>Vendredi 7 novembre 2025<\/li><li>Vendredi 23 janvier 2026<\/li><li>Vendredi 10 avril 2026<\/li><li>Vendredi 12 juin 2026 pour les P2 et P6.<br>Lundi 29 juin 2026 pour les P1, P3, P4 et P5.<\/li><\/ul>\n\n\n\n<p><strong>FESTIVITES<\/strong><\/p>\n\n\n\n<ul><li>Retour du March\u00e9 de No\u00ebl, le vendredi 12 d\u00e9cembre 2025<\/li><li>Petit d\u00e9jeuner de No\u00ebl (avec les enfants), le vendredi 19 d\u00e9cembre 2025<\/li><li>Portes-ouvertes: le samedi 16 mai 2026<\/li><li>F\u00eate scolaire: le samedi 6 juin 2026<\/li><\/ul>\n\n\n\n<p><strong>Stage sportif<\/strong><\/p>\n\n\n\n<ul><li>De P3 \u00e0 P6, les mardi 12 mai, vendredi 15 mai et lundi 18 mai 2026<\/li><\/ul>\n\n\n\n<p><\/p>\n","protected":false},"excerpt":{"rendered":"<p>Voici quelques dates \u00e0 placer dans votre agenda pour l&rsquo;ann\u00e9e scolaire 2025-2026. R\u00e9unions de parents Lundi 17 novembre 2025 Lundi 2 f\u00e9vrier 2026 Lundi 20 avril 2026 Mardi 30 juin 2026 Remise des bulletins&#46;&#46;&#46;<\/p>\n","protected":false},"author":1,"featured_media":0,"parent":0,"menu_order":0,"comment_status":"closed","ping_status":"closed","template":"","meta":[],"_links":{"self":[{"href":"https:\/\/arcampin.be\/primaire\/wp-json\/wp\/v2\/pages\/105"}],"collection":[{"href":"https:\/\/arcampin.be\/primaire\/wp-json\/wp\/v2\/pages"}],"about":[{"href":"https:\/\/arcampin.be\/primaire\/wp-json\/wp\/v2\/types\/page"}],"author":[{"embeddable":true,"href":"https:\/\/arcampin.be\/primaire\/wp-json\/wp\/v2\/users\/1"}],"replies":[{"embeddable":true,"href":"https:\/\/arcampin.be\/primaire\/wp-json\/wp\/v2\/comments?post=105"}],"version-history":[{"count":78,"href":"https:\/\/arcampin.be\/primaire\/wp-json\/wp\/v2\/pages\/105\/revisions"}],"predecessor-version":[{"id":3398,"href":"https:\/\/arcampin.be\/primaire\/wp-json\/wp\/v2\/pages\/105\/revisions\/3398"}],"wp:attachment":[{"href":"https:\/\/arcampin.be\/primaire\/wp-json\/wp\/v2\/media?parent=105"}],"curies":[{"name":"wp","href":"https:\/\/api.w.org\/{rel}","templated":true}]}}