{"id":103,"date":"2016-10-04T20:45:00","date_gmt":"2016-10-04T18:45:00","guid":{"rendered":"https:\/\/arcampin.be\/primaire\/?page_id=103"},"modified":"2020-04-30T20:31:43","modified_gmt":"2020-04-30T18:31:43","slug":"a-propos-de-lecole","status":"publish","type":"page","link":"https:\/\/arcampin.be\/primaire\/a-propos-de-lecole\/","title":{"rendered":"Situation et historique"},"content":{"rendered":"<p><strong>SITUATION GEOGRAPHIQUE DE NOTRE ECOLE<\/strong><\/p>\n<p>L&rsquo;Ath\u00e9n\u00e9e Royal Robert Campin est situ\u00e9 \u00e0 Tournai dans la Province du Hainaut (Belgique).<br \/>\nAdresse: Rue du Ch\u00e2teau, 18 \u00e0 7500 Tournai<\/p>\n<p><img loading=\"lazy\" class=\"alignnone size-full wp-image-852\" src=\"https:\/\/arcampin.be\/primaire\/wp-content\/uploads\/2017\/02\/vueearth.jpg\" alt=\"vueearth\" width=\"709\" height=\"478\" srcset=\"https:\/\/arcampin.be\/primaire\/wp-content\/uploads\/2017\/02\/vueearth.jpg 709w, https:\/\/arcampin.be\/primaire\/wp-content\/uploads\/2017\/02\/vueearth-300x202.jpg 300w\" sizes=\"(max-width: 709px) 100vw, 709px\" \/><\/p>\n<p align=\"left\">L&rsquo;\u00e9cole b\u00e9n\u00e9ficie d&rsquo;une tr\u00e8s bonne situation g\u00e9ographique avec la gare de Tournai<br \/>\nsitu\u00e9e \u00e0 cinq minutes \u00e0 pieds et un acc\u00e8s autoroutier \u00e0 proximit\u00e9.<\/p>\n<p align=\"left\">\u00a0 \u00a0 \u00a0 \u00a0<img loading=\"lazy\" class=\"alignnone size-full wp-image-850\" src=\"https:\/\/arcampin.be\/primaire\/wp-content\/uploads\/2017\/02\/plan.png\" alt=\"plan\" width=\"556\" height=\"545\" srcset=\"https:\/\/arcampin.be\/primaire\/wp-content\/uploads\/2017\/02\/plan.png 556w, https:\/\/arcampin.be\/primaire\/wp-content\/uploads\/2017\/02\/plan-300x294.png 300w\" sizes=\"(max-width: 556px) 100vw, 556px\" \/><\/p>\n<hr \/>\n<p align=\"left\"><strong>L&rsquo;HISTOIRE DE NOTRE ECOLE<\/strong><\/p>\n<p>\u00a0Au XIX\u00e8me si\u00e8cle, en Belgique, l\u2019enseignement est majoritairement dispens\u00e9 dans des instituts religieux. La municipalit\u00e9 lib\u00e9rale de Tournai souhaite contrer ce quasi monopole. Or, que ce soit \u00e0 l\u2019Ath\u00e9n\u00e9e (actuellement l\u2019Ath\u00e9n\u00e9e Royal Jules Bara) ou \u00e0 l\u2019Ecole Industrielle, seuls les gar\u00e7ons peuvent suivre les cours d\u2019une institution scolaire organis\u00e9e par la ville. D\u00e8s lors, le 18 juin 1870, le conseil communal de Tournai d\u00e9cr\u00e8te la cr\u00e9ation d\u2019un Institut communal des Demoiselles. Les \u00e9tudes \u00e9tant payantes, les \u00e9l\u00e8ves appartiennent \u00e0 la classe ais\u00e9e.<\/p>\n<p>Le 03 octobre 1870, s\u2019ouvrent une section maternelle et les quatre premi\u00e8res ann\u00e9es du niveau primaire. Les b\u00e2timents situ\u00e9s rue des Clairisses, 9 accueillent 33 \u00e9l\u00e8ves, trois institutrices et une directrice.<\/p>\n<p>Dans les ann\u00e9es 1870, les r\u00e9seaux libre et officiel, cherchant \u00e0 se concurrencer, multiplient les cr\u00e9ations d\u2019\u00e9coles. D\u00e8s lors, voulant manifester sa puissance face \u00e0 l\u2019enseignement libre qui dispose souvent de locaux neufs financ\u00e9s par des notables, le conseil communal de Tournai approuve, le 25 octobre 1879, les plans de nouveaux b\u00e2timents de taille imposante et d\u2019allure prestigieuse dont la construction d\u00e9butera d\u00e8s le mois de d\u00e9cembre au 26, rue Royale.<\/p>\n<p>Le 10 ao\u00fbt 1881, l\u2019Institut communal des Demoiselles devient Ecole moyenne de l\u2019Etat pour jeunes filles, une des premi\u00e8res dans le pays. En m\u00eame temps est cr\u00e9\u00e9 un \u00ab cours sup\u00e9rieur \u00bb destin\u00e9 aux jeunes filles qui souhaitent pr\u00e9parer l\u2019examen d\u2019entr\u00e9e aux Ecoles Normales de Bruxelles ou de Li\u00e8ge.<\/p>\n<p>En f\u00e9vrier 1917, les b\u00e2timents \u00e9tant r\u00e9quisitionn\u00e9s par l\u2019arm\u00e9e d\u2019occupation allemande, les cours se donnent dans des demeures priv\u00e9es.<\/p>\n<p>En janvier 1919, \u00e9l\u00e8ves et professeurs reprennent possession de leurs anciens locaux.<\/p>\n<p>Les bombardements des 16 et 17 mai 1940 d\u00e9truisent enti\u00e8rement les b\u00e2timents de la rue Royale. Les \u00e9l\u00e8ves de la section maternelle sont h\u00e9berg\u00e9s dans des garages voisins, les autres classes sont r\u00e9parties dans les locaux situ\u00e9s rue du Sondart. Elles y resteront jusqu\u2019en 1967. C\u2019est \u00e9galement en 1940-1941 que dispara\u00eet d\u00e9finitivement la mention \u00ab\u00a0Institut des Demoiselles\u00a0\u00bb .<\/p>\n<p><img loading=\"lazy\" class=\"alignnone wp-image-849\" src=\"https:\/\/arcampin.be\/primaire\/wp-content\/uploads\/2017\/02\/pension_small.jpg\" alt=\"pension_small\" width=\"486\" height=\"310\" srcset=\"https:\/\/arcampin.be\/primaire\/wp-content\/uploads\/2017\/02\/pension_small.jpg 425w, https:\/\/arcampin.be\/primaire\/wp-content\/uploads\/2017\/02\/pension_small-300x191.jpg 300w\" sizes=\"(max-width: 486px) 100vw, 486px\" \/><\/p>\n<p>En 1950, l\u2019\u00e9cole change \u00e0 nouveau de nom: l\u2019Ecole moyenne de l\u2019Etat devient Lyc\u00e9e royal.<\/p>\n<p>Au d\u00e9but des ann\u00e9es 1960, l\u2019Etat rach\u00e8te, rue du Ch\u00e2teau, le terrain sur lequel se dressent encore les ruines de ce qui fut, jusqu\u2019en mai 1940, le pensionnat pour jeunes filles de Saint-Andr\u00e9. Commence alors la construction d\u2019une premi\u00e8re tranche de nouveaux b\u00e2timents destin\u00e9s \u00e0 accueillir les classes des niveaux maternel et primaire.<\/p>\n<p>En 1964 commence la construction d\u2019une deuxi\u00e8me tranche destin\u00e9e \u00e0 accueillir les \u00e9l\u00e8ves de l\u2019enseignement secondaire.<\/p>\n<p><img loading=\"lazy\" class=\"alignnone size-full wp-image-2487\" src=\"https:\/\/arcampin.be\/primaire\/wp-content\/uploads\/2020\/04\/ecole_terrain.jpg\" alt=\"ecole_terrain\" width=\"1764\" height=\"1160\" srcset=\"https:\/\/arcampin.be\/primaire\/wp-content\/uploads\/2020\/04\/ecole_terrain.jpg 1764w, https:\/\/arcampin.be\/primaire\/wp-content\/uploads\/2020\/04\/ecole_terrain-456x300.jpg 456w, https:\/\/arcampin.be\/primaire\/wp-content\/uploads\/2020\/04\/ecole_terrain-768x505.jpg 768w, https:\/\/arcampin.be\/primaire\/wp-content\/uploads\/2020\/04\/ecole_terrain-1024x673.jpg 1024w\" sizes=\"(max-width: 1764px) 100vw, 1764px\" \/><\/p>\n<p>En 1969, les b\u00e2timents actuels sont inaugur\u00e9s.<\/p>\n<p><img loading=\"lazy\" class=\"alignnone size-full wp-image-851\" src=\"https:\/\/arcampin.be\/primaire\/wp-content\/uploads\/2017\/02\/vueaerienne.jpg\" alt=\"vueaerienne\" width=\"567\" height=\"393\" srcset=\"https:\/\/arcampin.be\/primaire\/wp-content\/uploads\/2017\/02\/vueaerienne.jpg 567w, https:\/\/arcampin.be\/primaire\/wp-content\/uploads\/2017\/02\/vueaerienne-300x208.jpg 300w\" sizes=\"(max-width: 567px) 100vw, 567px\" \/><\/p>\n<p>En 1971-1972, le lyc\u00e9e adopte les techniques de l\u2019enseignement r\u00e9nov\u00e9. Alors que la grande majorit\u00e9 des \u00e9tablissements scolaires maintiennent l\u2019enseignement traditionnel avec ses fili\u00e8res rigides, latine d\u2019un c\u00f4t\u00e9, moderne de l\u2019autre, les \u00e9l\u00e8ves du lyc\u00e9e ont d\u00e9sormais la possibilit\u00e9 de choisir entre des options qui se diversifient au fur et \u00e0 mesure de la progression dans les ann\u00e9es d\u2019\u00e9tude.<\/p>\n<p>Dans les ann\u00e9es 1970 \u00e9galement, suivant la philosophie de l\u2019enseignement r\u00e9nov\u00e9, l\u2019\u00e9cole s\u2019ouvre sur le monde en organisant pour les \u00e9l\u00e8ves des classes sup\u00e9rieures des voyages d\u2019\u00e9tude en Pologne, Tch\u00e9coslovaquie, Italie, Angleterre, Hollande. En 1976, une \u00e9quipe du lyc\u00e9e s\u00e9journe cinq semaines aux Etats Unis d\u2019Am\u00e9rique et pendant l\u2019ann\u00e9e scolaire 1979-1980 a lieu un \u00e9change avec le Qu\u00e9bec.<\/p>\n<p>En 1973-1974, la section secondaire du Lyc\u00e9e royal devient mixte.<\/p>\n<p>Enfin, le 20 octobre 1980, le Lyc\u00e9e Royal devient Ath\u00e9n\u00e9e royal Robert Campin.<\/p>\n<p>En juin 2010 notre \u00e9tablissement a f\u00eat\u00e9 ses 140 ans d\u2019histoire !<\/p>\n","protected":false},"excerpt":{"rendered":"<p>SITUATION GEOGRAPHIQUE DE NOTRE ECOLE L&rsquo;Ath\u00e9n\u00e9e Royal Robert Campin est situ\u00e9 \u00e0 Tournai dans la Province du Hainaut (Belgique). Adresse: Rue du Ch\u00e2teau, 18 \u00e0 7500 Tournai L&rsquo;\u00e9cole b\u00e9n\u00e9ficie d&rsquo;une tr\u00e8s bonne situation g\u00e9ographique&#46;&#46;&#46;<\/p>\n","protected":false},"author":1,"featured_media":0,"parent":0,"menu_order":0,"comment_status":"closed","ping_status":"closed","template":"","meta":[],"_links":{"self":[{"href":"https:\/\/arcampin.be\/primaire\/wp-json\/wp\/v2\/pages\/103"}],"collection":[{"href":"https:\/\/arcampin.be\/primaire\/wp-json\/wp\/v2\/pages"}],"about":[{"href":"https:\/\/arcampin.be\/primaire\/wp-json\/wp\/v2\/types\/page"}],"author":[{"embeddable":true,"href":"https:\/\/arcampin.be\/primaire\/wp-json\/wp\/v2\/users\/1"}],"replies":[{"embeddable":true,"href":"https:\/\/arcampin.be\/primaire\/wp-json\/wp\/v2\/comments?post=103"}],"version-history":[{"count":9,"href":"https:\/\/arcampin.be\/primaire\/wp-json\/wp\/v2\/pages\/103\/revisions"}],"predecessor-version":[{"id":2489,"href":"https:\/\/arcampin.be\/primaire\/wp-json\/wp\/v2\/pages\/103\/revisions\/2489"}],"wp:attachment":[{"href":"https:\/\/arcampin.be\/primaire\/wp-json\/wp\/v2\/media?parent=103"}],"curies":[{"name":"wp","href":"https:\/\/api.w.org\/{rel}","templated":true}]}}