{"id":101,"date":"2016-10-04T20:44:20","date_gmt":"2016-10-04T18:44:20","guid":{"rendered":"https:\/\/arcampin.be\/primaire\/?page_id=101"},"modified":"2025-09-08T11:22:01","modified_gmt":"2025-09-08T09:22:01","slug":"combien-ca-coute","status":"publish","type":"page","link":"https:\/\/arcampin.be\/primaire\/combien-ca-coute\/","title":{"rendered":"Combien \u00e7a co\u00fbte ?"},"content":{"rendered":"\n<p>Plus d\u2019argent liquide dans l&rsquo;\u00e9cole (sauf vente ou festivit\u00e9s exceptionnelles).<br>Tout paiement sera effectu\u00e9 via une facture. Elle reprendra tous les frais du mois (repas, piscines, sorties, \u2026).<br>Elle sera agraf\u00e9e dans le journal de classe dans les premiers jours du mois suivant. <br><\/p>\n\n\n\n<p><strong><u>LES&nbsp;REPAS<\/u><\/strong><\/p>\n\n\n\n<p>Nous disposons de notre propre personnel afin d&rsquo;offrir des repas \u00e9quilibr\u00e9s et vari\u00e9s \u00e0 nos \u00e9l\u00e8ves.<br>Repas en primaire: 2,60 \u20ac<br>(potage, repas, dessert, boisson)<\/p>\n\n\n\n<p><strong><u>ETUDE DU SOIR<\/u><\/strong><\/p>\n\n\n\n<p>De 15h10 \u00e0 15h55, votre enfant est pris en charge par un enseignant par degr\u00e9.<br>Prix: 0,50 \u20ac par enfant pour la dur\u00e9e de l&rsquo;\u00e9tude.<\/p>\n\n\n\n<p><strong><u>FRAIS DIVERS<\/u><\/strong><\/p>\n\n\n\n<p>&#8211; Piscine \u00e0 Aqua Tournai: 2,50 \u20ac ( tous les 15 jours)<br><br>&#8211; Classes de d\u00e9paysement: prix variant entre 90 et 150\u20ac tout compris (logement, transport, activit\u00e9s sur place, &#8230;).<br><br>&#8211; Des frais occasionnels s&rsquo;ajoutent durant l&rsquo;ann\u00e9e scolaire ( sorties, spectacles, visites, excursions, &#8230;)<\/p>\n","protected":false},"excerpt":{"rendered":"<p>Plus d\u2019argent liquide dans l&rsquo;\u00e9cole (sauf vente ou festivit\u00e9s exceptionnelles).Tout paiement sera effectu\u00e9 via une facture. Elle reprendra tous les frais du mois (repas, piscines, sorties, \u2026).Elle sera agraf\u00e9e dans le journal de classe&#46;&#46;&#46;<\/p>\n","protected":false},"author":1,"featured_media":0,"parent":0,"menu_order":0,"comment_status":"closed","ping_status":"closed","template":"","meta":[],"_links":{"self":[{"href":"https:\/\/arcampin.be\/primaire\/wp-json\/wp\/v2\/pages\/101"}],"collection":[{"href":"https:\/\/arcampin.be\/primaire\/wp-json\/wp\/v2\/pages"}],"about":[{"href":"https:\/\/arcampin.be\/primaire\/wp-json\/wp\/v2\/types\/page"}],"author":[{"embeddable":true,"href":"https:\/\/arcampin.be\/primaire\/wp-json\/wp\/v2\/users\/1"}],"replies":[{"embeddable":true,"href":"https:\/\/arcampin.be\/primaire\/wp-json\/wp\/v2\/comments?post=101"}],"version-history":[{"count":19,"href":"https:\/\/arcampin.be\/primaire\/wp-json\/wp\/v2\/pages\/101\/revisions"}],"predecessor-version":[{"id":3394,"href":"https:\/\/arcampin.be\/primaire\/wp-json\/wp\/v2\/pages\/101\/revisions\/3394"}],"wp:attachment":[{"href":"https:\/\/arcampin.be\/primaire\/wp-json\/wp\/v2\/media?parent=101"}],"curies":[{"name":"wp","href":"https:\/\/api.w.org\/{rel}","templated":true}]}}