{"id":95,"date":"2017-02-24T19:36:14","date_gmt":"2017-02-24T18:36:14","guid":{"rendered":"https:\/\/arcampin.be\/maternelle\/?page_id=95"},"modified":"2025-04-10T11:33:51","modified_gmt":"2025-04-10T09:33:51","slug":"accueil","status":"publish","type":"page","link":"https:\/\/arcampin.be\/maternelle\/accueil\/","title":{"rendered":"Accueil"},"content":{"rendered":"<h2 style=\"text-align: center;\"><a href=\"https:\/\/arcampin.be\/maternelle\/logo-maternel-004\/\"><img loading=\"lazy\" class=\"alignnone wp-image-775 size-medium\" src=\"https:\/\/arcampin.be\/maternelle\/wp-content\/uploads\/2018\/02\/LOGO-MATERNEL-004-264x300.png\" alt=\"\" width=\"264\" height=\"300\" \/><\/a><\/h2>\n<p>\u00ab\u00a0cliquez sur les textes <span style=\"color: #33cccc;\">en bleu<\/span> pour plus d&rsquo;infos\u00a0\u00bb<\/p>\n<p>Prenez connaissance <a href=\"https:\/\/arcampin.be\/maternelle\/horaires\/\">des horaires<\/a> et consultez <a href=\"https:\/\/arcampin.be\/maternelle\/agenda\/\">l&rsquo;agenda <\/a>pour les semaines \u00e0 venir.<\/p>\n<p>D\u00e9couvrez dans les pages du menu ci-dessus les <a href=\"https:\/\/arcampin.be\/maternelle\/activites-exterieures\/\">activit\u00e9s<\/a> de nos petits de maternelle et les <a href=\"https:\/\/arcampin.be\/maternelle\/ateliers-divers\/\">ateliers <\/a>qu&rsquo;ils ont organis\u00e9s.<\/p>\n<p>N&rsquo;h\u00e9sitez pas \u00e0 prendre <a href=\"https:\/\/arcampin.be\/maternelle\/coordonnees-et-contacts\/\">contact<\/a> avec la direction pour visiter notre belle \u00e9cole. Voyez aussi la page <a href=\"https:\/\/arcampin.be\/maternelle\/un-jardin-dans-la-ville\/\">notre \u00e9cole &#8211; un jardin dans la ville<\/a> pour d\u00e9couvrir notre beau jardin.<\/p>\n<p>Nous donnerons encore plus de moyens cette ann\u00e9e pour la <a href=\"https:\/\/arcampin.be\/maternelle\/pedagogie\/\">p\u00e9dagogie<\/a> diff\u00e9renci\u00e9e en stimulant aussi les enfants aux probl\u00e8mes <a href=\"https:\/\/arcampin.be\/maternelle\/projets\/\">climatiques<\/a>.<\/p>\n<p>D\u00e8s l&rsquo;\u00e2ge de 2ans1\/2, nous accueillons vos petits dans une ambiance familiale. Il est possible de les inscrire tout au long de l&rsquo;ann\u00e9e.<\/p>\n<p>L&rsquo;<a href=\"https:\/\/arcampin.be\/maternelle\/immersion-en-anglais\/\">immersion en anglais<\/a> est possible d\u00e8s la 3\u00e8me maternelle<\/p>\n<p>Trouvez quelques infos utiles dans \u00ab\u00a0<a href=\"https:\/\/arcampin.be\/maternelle\/combien-ca-coute\/\">combien \u00e7a co\u00fbte?<\/a>\u00a0\u00bb<\/p>\n<p><a href=\"http:\/\/arcampin.be\" target=\"_blank\" rel=\"noopener noreferrer\">Vers le site campin primaire et secondaire<\/a><\/p>\n","protected":false},"excerpt":{"rendered":"<p>\u00ab\u00a0cliquez sur les textes en bleu pour plus d&rsquo;infos\u00a0\u00bb Prenez connaissance des horaires et consultez l&rsquo;agenda pour les semaines \u00e0 venir. D\u00e9couvrez dans les pages du menu ci-dessus les activit\u00e9s de nos petits de maternelle et les ateliers qu&rsquo;ils ont organis\u00e9s. N&rsquo;h\u00e9sitez pas \u00e0 prendre contact avec la direction pour visiter notre belle \u00e9cole. Voyez [&hellip;]<\/p>\n","protected":false},"author":3,"featured_media":250,"parent":0,"menu_order":0,"comment_status":"closed","ping_status":"closed","template":"","meta":[],"_links":{"self":[{"href":"https:\/\/arcampin.be\/maternelle\/wp-json\/wp\/v2\/pages\/95"}],"collection":[{"href":"https:\/\/arcampin.be\/maternelle\/wp-json\/wp\/v2\/pages"}],"about":[{"href":"https:\/\/arcampin.be\/maternelle\/wp-json\/wp\/v2\/types\/page"}],"author":[{"embeddable":true,"href":"https:\/\/arcampin.be\/maternelle\/wp-json\/wp\/v2\/users\/3"}],"replies":[{"embeddable":true,"href":"https:\/\/arcampin.be\/maternelle\/wp-json\/wp\/v2\/comments?post=95"}],"version-history":[{"count":30,"href":"https:\/\/arcampin.be\/maternelle\/wp-json\/wp\/v2\/pages\/95\/revisions"}],"predecessor-version":[{"id":3079,"href":"https:\/\/arcampin.be\/maternelle\/wp-json\/wp\/v2\/pages\/95\/revisions\/3079"}],"wp:featuredmedia":[{"embeddable":true,"href":"https:\/\/arcampin.be\/maternelle\/wp-json\/wp\/v2\/media\/250"}],"wp:attachment":[{"href":"https:\/\/arcampin.be\/maternelle\/wp-json\/wp\/v2\/media?parent=95"}],"curies":[{"name":"wp","href":"https:\/\/api.w.org\/{rel}","templated":true}]}}