{"id":93,"date":"2017-02-09T22:35:58","date_gmt":"2017-02-09T21:35:58","guid":{"rendered":"https:\/\/arcampin.be\/maternelle\/?page_id=93"},"modified":"2017-06-19T21:58:16","modified_gmt":"2017-06-19T19:58:16","slug":"ateliers-culinaires","status":"publish","type":"page","link":"https:\/\/arcampin.be\/maternelle\/ateliers-culinaires\/","title":{"rendered":"Ateliers culinaires"},"content":{"rendered":"<h5>Pr\u00e9paration de la galette des rois avec les \u00e9tudiants du Val ITMA<\/h5>\n<p><img loading=\"lazy\" class=\"alignnone size-medium wp-image-183\" src=\"https:\/\/arcampin.be\/maternelle\/wp-content\/uploads\/2017\/02\/IMG_0001-300x200.jpg\" alt=\"\" width=\"300\" height=\"200\" srcset=\"https:\/\/arcampin.be\/maternelle\/wp-content\/uploads\/2017\/02\/IMG_0001-300x200.jpg 300w, https:\/\/arcampin.be\/maternelle\/wp-content\/uploads\/2017\/02\/IMG_0001-768x511.jpg 768w, https:\/\/arcampin.be\/maternelle\/wp-content\/uploads\/2017\/02\/IMG_0001.jpg 921w\" sizes=\"(max-width: 300px) 100vw, 300px\" \/> <img loading=\"lazy\" class=\"alignnone size-medium wp-image-184\" src=\"https:\/\/arcampin.be\/maternelle\/wp-content\/uploads\/2017\/02\/IMG_0054-300x200.jpg\" alt=\"\" width=\"300\" height=\"200\" srcset=\"https:\/\/arcampin.be\/maternelle\/wp-content\/uploads\/2017\/02\/IMG_0054-300x200.jpg 300w, https:\/\/arcampin.be\/maternelle\/wp-content\/uploads\/2017\/02\/IMG_0054-768x511.jpg 768w, https:\/\/arcampin.be\/maternelle\/wp-content\/uploads\/2017\/02\/IMG_0054.jpg 921w\" sizes=\"(max-width: 300px) 100vw, 300px\" \/> <img loading=\"lazy\" class=\"alignnone size-medium wp-image-185\" src=\"https:\/\/arcampin.be\/maternelle\/wp-content\/uploads\/2017\/02\/IMG_0089-300x200.jpg\" alt=\"\" width=\"300\" height=\"200\" srcset=\"https:\/\/arcampin.be\/maternelle\/wp-content\/uploads\/2017\/02\/IMG_0089-300x200.jpg 300w, https:\/\/arcampin.be\/maternelle\/wp-content\/uploads\/2017\/02\/IMG_0089-768x511.jpg 768w, https:\/\/arcampin.be\/maternelle\/wp-content\/uploads\/2017\/02\/IMG_0089.jpg 921w\" sizes=\"(max-width: 300px) 100vw, 300px\" \/><\/p>\n<p><a href=\"https:\/\/arcampin.be\/maternelle\/accueil\/\">retour \u00e0 l&rsquo;accueil<\/a><\/p>\n","protected":false},"excerpt":{"rendered":"<p>Pr\u00e9paration de la galette des rois avec les \u00e9tudiants du Val ITMA retour \u00e0 l&rsquo;accueil<\/p>\n","protected":false},"author":3,"featured_media":0,"parent":0,"menu_order":0,"comment_status":"closed","ping_status":"closed","template":"","meta":[],"_links":{"self":[{"href":"https:\/\/arcampin.be\/maternelle\/wp-json\/wp\/v2\/pages\/93"}],"collection":[{"href":"https:\/\/arcampin.be\/maternelle\/wp-json\/wp\/v2\/pages"}],"about":[{"href":"https:\/\/arcampin.be\/maternelle\/wp-json\/wp\/v2\/types\/page"}],"author":[{"embeddable":true,"href":"https:\/\/arcampin.be\/maternelle\/wp-json\/wp\/v2\/users\/3"}],"replies":[{"embeddable":true,"href":"https:\/\/arcampin.be\/maternelle\/wp-json\/wp\/v2\/comments?post=93"}],"version-history":[{"count":5,"href":"https:\/\/arcampin.be\/maternelle\/wp-json\/wp\/v2\/pages\/93\/revisions"}],"predecessor-version":[{"id":382,"href":"https:\/\/arcampin.be\/maternelle\/wp-json\/wp\/v2\/pages\/93\/revisions\/382"}],"wp:attachment":[{"href":"https:\/\/arcampin.be\/maternelle\/wp-json\/wp\/v2\/media?parent=93"}],"curies":[{"name":"wp","href":"https:\/\/api.w.org\/{rel}","templated":true}]}}