{"id":91,"date":"2017-02-09T22:35:42","date_gmt":"2017-02-09T21:35:42","guid":{"rendered":"https:\/\/arcampin.be\/maternelle\/?page_id=91"},"modified":"2018-11-14T20:12:36","modified_gmt":"2018-11-14T19:12:36","slug":"ateliers-artistiques","status":"publish","type":"page","link":"https:\/\/arcampin.be\/maternelle\/ateliers-artistiques\/","title":{"rendered":"Ateliers artistiques"},"content":{"rendered":"<h5>Activit\u00e9 artistique des M3A avec les \u00e9l\u00e8ves de 1\u00e8re primaire<\/h5>\n<p>Les \u00e9l\u00e8ves de M3A ont acceuilli la classe de 1\u00e8re primaire de Miss Camille pour une activit\u00e9 artistique dans le cadre de la continuit\u00e9 maternelle\/primaire.<\/p>\n<p>Quelques photos:<\/p>\n<div id='gallery-1' class='gallery galleryid-91 gallery-columns-2 gallery-size-medium'><figure class='gallery-item'>\n\t\t\t<div class='gallery-icon landscape'>\n\t\t\t\t<a href='https:\/\/arcampin.be\/maternelle\/wp-content\/uploads\/2018\/11\/IMG_4602.jpg'><img width=\"300\" height=\"225\" src=\"https:\/\/arcampin.be\/maternelle\/wp-content\/uploads\/2018\/11\/IMG_4602-300x225.jpg\" class=\"attachment-medium size-medium\" alt=\"\" loading=\"lazy\" srcset=\"https:\/\/arcampin.be\/maternelle\/wp-content\/uploads\/2018\/11\/IMG_4602-300x225.jpg 300w, https:\/\/arcampin.be\/maternelle\/wp-content\/uploads\/2018\/11\/IMG_4602-768x576.jpg 768w, https:\/\/arcampin.be\/maternelle\/wp-content\/uploads\/2018\/11\/IMG_4602-1024x768.jpg 1024w\" sizes=\"(max-width: 300px) 100vw, 300px\" \/><\/a>\n\t\t\t<\/div><\/figure><figure class='gallery-item'>\n\t\t\t<div class='gallery-icon landscape'>\n\t\t\t\t<a href='https:\/\/arcampin.be\/maternelle\/wp-content\/uploads\/2018\/11\/IMG_7275.jpg'><img width=\"300\" height=\"225\" src=\"https:\/\/arcampin.be\/maternelle\/wp-content\/uploads\/2018\/11\/IMG_7275-300x225.jpg\" class=\"attachment-medium size-medium\" alt=\"\" loading=\"lazy\" srcset=\"https:\/\/arcampin.be\/maternelle\/wp-content\/uploads\/2018\/11\/IMG_7275-300x225.jpg 300w, https:\/\/arcampin.be\/maternelle\/wp-content\/uploads\/2018\/11\/IMG_7275-768x576.jpg 768w, https:\/\/arcampin.be\/maternelle\/wp-content\/uploads\/2018\/11\/IMG_7275-1024x768.jpg 1024w\" sizes=\"(max-width: 300px) 100vw, 300px\" \/><\/a>\n\t\t\t<\/div><\/figure><figure class='gallery-item'>\n\t\t\t<div class='gallery-icon landscape'>\n\t\t\t\t<a href='https:\/\/arcampin.be\/maternelle\/wp-content\/uploads\/2018\/11\/IMG_3877.jpg'><img width=\"300\" height=\"225\" src=\"https:\/\/arcampin.be\/maternelle\/wp-content\/uploads\/2018\/11\/IMG_3877-300x225.jpg\" class=\"attachment-medium size-medium\" alt=\"\" loading=\"lazy\" srcset=\"https:\/\/arcampin.be\/maternelle\/wp-content\/uploads\/2018\/11\/IMG_3877-300x225.jpg 300w, https:\/\/arcampin.be\/maternelle\/wp-content\/uploads\/2018\/11\/IMG_3877-768x576.jpg 768w, https:\/\/arcampin.be\/maternelle\/wp-content\/uploads\/2018\/11\/IMG_3877-1024x768.jpg 1024w\" sizes=\"(max-width: 300px) 100vw, 300px\" \/><\/a>\n\t\t\t<\/div><\/figure><figure class='gallery-item'>\n\t\t\t<div class='gallery-icon landscape'>\n\t\t\t\t<a href='https:\/\/arcampin.be\/maternelle\/wp-content\/uploads\/2018\/11\/IMG_9607.jpg'><img width=\"300\" height=\"225\" src=\"https:\/\/arcampin.be\/maternelle\/wp-content\/uploads\/2018\/11\/IMG_9607-300x225.jpg\" class=\"attachment-medium size-medium\" alt=\"\" loading=\"lazy\" srcset=\"https:\/\/arcampin.be\/maternelle\/wp-content\/uploads\/2018\/11\/IMG_9607-300x225.jpg 300w, https:\/\/arcampin.be\/maternelle\/wp-content\/uploads\/2018\/11\/IMG_9607-768x576.jpg 768w, https:\/\/arcampin.be\/maternelle\/wp-content\/uploads\/2018\/11\/IMG_9607-1024x768.jpg 1024w\" sizes=\"(max-width: 300px) 100vw, 300px\" \/><\/a>\n\t\t\t<\/div><\/figure><figure class='gallery-item'>\n\t\t\t<div class='gallery-icon landscape'>\n\t\t\t\t<a href='https:\/\/arcampin.be\/maternelle\/wp-content\/uploads\/2018\/11\/IMG_1891.jpg'><img width=\"300\" height=\"225\" src=\"https:\/\/arcampin.be\/maternelle\/wp-content\/uploads\/2018\/11\/IMG_1891-300x225.jpg\" class=\"attachment-medium size-medium\" alt=\"\" loading=\"lazy\" srcset=\"https:\/\/arcampin.be\/maternelle\/wp-content\/uploads\/2018\/11\/IMG_1891-300x225.jpg 300w, https:\/\/arcampin.be\/maternelle\/wp-content\/uploads\/2018\/11\/IMG_1891-768x576.jpg 768w, https:\/\/arcampin.be\/maternelle\/wp-content\/uploads\/2018\/11\/IMG_1891-1024x768.jpg 1024w\" sizes=\"(max-width: 300px) 100vw, 300px\" \/><\/a>\n\t\t\t<\/div><\/figure><figure class='gallery-item'>\n\t\t\t<div class='gallery-icon landscape'>\n\t\t\t\t<a href='https:\/\/arcampin.be\/maternelle\/wp-content\/uploads\/2018\/11\/IMG_2376.jpg'><img width=\"300\" height=\"225\" src=\"https:\/\/arcampin.be\/maternelle\/wp-content\/uploads\/2018\/11\/IMG_2376-300x225.jpg\" class=\"attachment-medium size-medium\" alt=\"\" loading=\"lazy\" srcset=\"https:\/\/arcampin.be\/maternelle\/wp-content\/uploads\/2018\/11\/IMG_2376-300x225.jpg 300w, https:\/\/arcampin.be\/maternelle\/wp-content\/uploads\/2018\/11\/IMG_2376-768x576.jpg 768w, https:\/\/arcampin.be\/maternelle\/wp-content\/uploads\/2018\/11\/IMG_2376-1024x768.jpg 1024w\" sizes=\"(max-width: 300px) 100vw, 300px\" \/><\/a>\n\t\t\t<\/div><\/figure><figure class='gallery-item'>\n\t\t\t<div class='gallery-icon landscape'>\n\t\t\t\t<a href='https:\/\/arcampin.be\/maternelle\/wp-content\/uploads\/2018\/11\/IMG_1779.jpg'><img width=\"300\" height=\"225\" src=\"https:\/\/arcampin.be\/maternelle\/wp-content\/uploads\/2018\/11\/IMG_1779-300x225.jpg\" class=\"attachment-medium size-medium\" alt=\"\" loading=\"lazy\" srcset=\"https:\/\/arcampin.be\/maternelle\/wp-content\/uploads\/2018\/11\/IMG_1779-300x225.jpg 300w, https:\/\/arcampin.be\/maternelle\/wp-content\/uploads\/2018\/11\/IMG_1779-768x576.jpg 768w, https:\/\/arcampin.be\/maternelle\/wp-content\/uploads\/2018\/11\/IMG_1779-1024x768.jpg 1024w\" sizes=\"(max-width: 300px) 100vw, 300px\" \/><\/a>\n\t\t\t<\/div><\/figure><figure class='gallery-item'>\n\t\t\t<div class='gallery-icon landscape'>\n\t\t\t\t<a href='https:\/\/arcampin.be\/maternelle\/wp-content\/uploads\/2018\/11\/IMG_1248.jpg'><img width=\"300\" height=\"225\" src=\"https:\/\/arcampin.be\/maternelle\/wp-content\/uploads\/2018\/11\/IMG_1248-300x225.jpg\" class=\"attachment-medium size-medium\" alt=\"\" loading=\"lazy\" srcset=\"https:\/\/arcampin.be\/maternelle\/wp-content\/uploads\/2018\/11\/IMG_1248-300x225.jpg 300w, https:\/\/arcampin.be\/maternelle\/wp-content\/uploads\/2018\/11\/IMG_1248-768x576.jpg 768w, https:\/\/arcampin.be\/maternelle\/wp-content\/uploads\/2018\/11\/IMG_1248-1024x768.jpg 1024w\" sizes=\"(max-width: 300px) 100vw, 300px\" \/><\/a>\n\t\t\t<\/div><\/figure><figure class='gallery-item'>\n\t\t\t<div class='gallery-icon landscape'>\n\t\t\t\t<a href='https:\/\/arcampin.be\/maternelle\/wp-content\/uploads\/2018\/11\/IMG_1089.jpg'><img width=\"300\" height=\"225\" src=\"https:\/\/arcampin.be\/maternelle\/wp-content\/uploads\/2018\/11\/IMG_1089-300x225.jpg\" class=\"attachment-medium size-medium\" alt=\"\" loading=\"lazy\" srcset=\"https:\/\/arcampin.be\/maternelle\/wp-content\/uploads\/2018\/11\/IMG_1089-300x225.jpg 300w, https:\/\/arcampin.be\/maternelle\/wp-content\/uploads\/2018\/11\/IMG_1089-768x576.jpg 768w, https:\/\/arcampin.be\/maternelle\/wp-content\/uploads\/2018\/11\/IMG_1089-1024x768.jpg 1024w\" sizes=\"(max-width: 300px) 100vw, 300px\" \/><\/a>\n\t\t\t<\/div><\/figure>\n\t\t<\/div>\n\n<h5>Projet organis\u00e9 par les enfants de 3\u00e8me Maternelle et les enfants de 2\u00e8me Primaire<\/h5>\n<h3 style=\"text-align: center;\">\u00ab\u00a0L&rsquo; ART GARDEN\u00a0\u00bb<\/h3>\n<p><a href=\"https:\/\/arcampin.be\/maternelle\/wp-content\/uploads\/2017\/02\/16830379_10212089519342992_2084130506_n.jpg\"><img loading=\"lazy\" class=\"alignnone wp-image-196 size-medium\" src=\"https:\/\/arcampin.be\/maternelle\/wp-content\/uploads\/2017\/02\/16830379_10212089519342992_2084130506_n-300x225.jpg\" alt=\"\" width=\"300\" height=\"225\" srcset=\"https:\/\/arcampin.be\/maternelle\/wp-content\/uploads\/2017\/02\/16830379_10212089519342992_2084130506_n-300x225.jpg 300w, https:\/\/arcampin.be\/maternelle\/wp-content\/uploads\/2017\/02\/16830379_10212089519342992_2084130506_n.jpg 369w\" sizes=\"(max-width: 300px) 100vw, 300px\" \/><\/a> <img loading=\"lazy\" class=\"alignnone size-medium wp-image-197\" src=\"https:\/\/arcampin.be\/maternelle\/wp-content\/uploads\/2017\/02\/16839396_10212089518542972_769982309_n-300x225.jpg\" alt=\"\" width=\"300\" height=\"225\" srcset=\"https:\/\/arcampin.be\/maternelle\/wp-content\/uploads\/2017\/02\/16839396_10212089518542972_769982309_n-300x225.jpg 300w, https:\/\/arcampin.be\/maternelle\/wp-content\/uploads\/2017\/02\/16839396_10212089518542972_769982309_n.jpg 369w\" sizes=\"(max-width: 300px) 100vw, 300px\" \/> <img loading=\"lazy\" class=\"alignnone size-medium wp-image-198\" src=\"https:\/\/arcampin.be\/maternelle\/wp-content\/uploads\/2017\/02\/16839645_10212089521503046_1429081989_n-300x225.jpg\" alt=\"\" width=\"300\" height=\"225\" srcset=\"https:\/\/arcampin.be\/maternelle\/wp-content\/uploads\/2017\/02\/16839645_10212089521503046_1429081989_n-300x225.jpg 300w, https:\/\/arcampin.be\/maternelle\/wp-content\/uploads\/2017\/02\/16839645_10212089521503046_1429081989_n.jpg 369w\" sizes=\"(max-width: 300px) 100vw, 300px\" \/> <img loading=\"lazy\" class=\"alignnone size-medium wp-image-199\" src=\"https:\/\/arcampin.be\/maternelle\/wp-content\/uploads\/2017\/02\/16901870_10212089520703026_110675874_n-300x235.jpg\" alt=\"\" width=\"300\" height=\"235\" srcset=\"https:\/\/arcampin.be\/maternelle\/wp-content\/uploads\/2017\/02\/16901870_10212089520703026_110675874_n-300x235.jpg 300w, https:\/\/arcampin.be\/maternelle\/wp-content\/uploads\/2017\/02\/16901870_10212089520703026_110675874_n.jpg 491w\" sizes=\"(max-width: 300px) 100vw, 300px\" \/> <img loading=\"lazy\" class=\"alignnone size-medium wp-image-200\" src=\"https:\/\/arcampin.be\/maternelle\/wp-content\/uploads\/2017\/02\/16901929_10212089522743077_1085428913_n-300x225.jpg\" alt=\"\" width=\"300\" height=\"225\" srcset=\"https:\/\/arcampin.be\/maternelle\/wp-content\/uploads\/2017\/02\/16901929_10212089522743077_1085428913_n-300x225.jpg 300w, https:\/\/arcampin.be\/maternelle\/wp-content\/uploads\/2017\/02\/16901929_10212089522743077_1085428913_n.jpg 369w\" sizes=\"(max-width: 300px) 100vw, 300px\" \/><\/p>\n<p><a href=\"https:\/\/arcampin.be\/maternelle\/ateliers-culinaires\/\">Plus d&rsquo;ateliers<\/a><\/p>\n","protected":false},"excerpt":{"rendered":"<p>Activit\u00e9 artistique des M3A avec les \u00e9l\u00e8ves de 1\u00e8re primaire Les \u00e9l\u00e8ves de M3A ont acceuilli la classe de 1\u00e8re primaire de Miss Camille pour une activit\u00e9 artistique dans le cadre de la continuit\u00e9 maternelle\/primaire. Quelques photos: Projet organis\u00e9 par les enfants de 3\u00e8me Maternelle et les enfants de 2\u00e8me Primaire \u00ab\u00a0L&rsquo; ART GARDEN\u00a0\u00bb Plus [&hellip;]<\/p>\n","protected":false},"author":3,"featured_media":0,"parent":0,"menu_order":0,"comment_status":"closed","ping_status":"closed","template":"","meta":[],"_links":{"self":[{"href":"https:\/\/arcampin.be\/maternelle\/wp-json\/wp\/v2\/pages\/91"}],"collection":[{"href":"https:\/\/arcampin.be\/maternelle\/wp-json\/wp\/v2\/pages"}],"about":[{"href":"https:\/\/arcampin.be\/maternelle\/wp-json\/wp\/v2\/types\/page"}],"author":[{"embeddable":true,"href":"https:\/\/arcampin.be\/maternelle\/wp-json\/wp\/v2\/users\/3"}],"replies":[{"embeddable":true,"href":"https:\/\/arcampin.be\/maternelle\/wp-json\/wp\/v2\/comments?post=91"}],"version-history":[{"count":10,"href":"https:\/\/arcampin.be\/maternelle\/wp-json\/wp\/v2\/pages\/91\/revisions"}],"predecessor-version":[{"id":1006,"href":"https:\/\/arcampin.be\/maternelle\/wp-json\/wp\/v2\/pages\/91\/revisions\/1006"}],"wp:attachment":[{"href":"https:\/\/arcampin.be\/maternelle\/wp-json\/wp\/v2\/media?parent=91"}],"curies":[{"name":"wp","href":"https:\/\/api.w.org\/{rel}","templated":true}]}}