{"id":83,"date":"2017-02-09T22:33:59","date_gmt":"2017-02-09T21:33:59","guid":{"rendered":"https:\/\/arcampin.be\/maternelle\/?page_id=83"},"modified":"2023-08-14T13:57:46","modified_gmt":"2023-08-14T11:57:46","slug":"le-ptit-campin","status":"publish","type":"page","link":"https:\/\/arcampin.be\/maternelle\/le-ptit-campin\/","title":{"rendered":"Le p&rsquo;tit Campin"},"content":{"rendered":"<p>Jusqu&rsquo;en f\u00e9vrier 2021, certaines activit\u00e9s des \u00e9l\u00e8ves \u00e9taient regroup\u00e9es dans le p&rsquo;tit campin. Depuis, ces activit\u00e9s sont reprises s\u00e9par\u00e9ment dans les articles du site dont certains pourront \u00eatre transmis par mail directement aux parents. La version papier du p&rsquo;tit campin n&rsquo;est donc plus publi\u00e9e non plus, merci pour la plan\u00e8te!<\/p>\n<p><a href=\"https:\/\/arcampin.be\/maternelle\/wp-content\/uploads\/2021\/02\/le-ptit-campin.pdf\" target=\"_blank\" rel=\"noopener noreferrer\">le p&rsquo;tit campin de f\u00e9vrier 2021<\/a><\/p>\n<p><a href=\"https:\/\/arcampin.be\/maternelle\/wp-content\/uploads\/2020\/10\/octobre-2020.pdf\" target=\"_blank\" rel=\"noopener noreferrer\">le p&rsquo;tit campin d&rsquo;octobre 2020<\/a><\/p>\n<p><a href=\"https:\/\/arcampin.be\/maternelle\/wp-content\/uploads\/2020\/01\/ptit-campin.pdf\" target=\"_blank\" rel=\"noopener noreferrer\">le p&rsquo;tit campin de janvier 2020<\/a><\/p>\n<p><a href=\"https:\/\/arcampin.be\/maternelle\/wp-content\/uploads\/2019\/04\/petit-campin-Avril.pdf\" target=\"_blank\" rel=\"noopener noreferrer\">le p&rsquo;tit campin d&rsquo;avril 2019<\/a><\/p>\n<p><a href=\"https:\/\/arcampin.be\/maternelle\/wp-content\/uploads\/2019\/01\/petit-campin-janvier.pdf\" target=\"_blank\" rel=\"noopener noreferrer\">le p&rsquo;tit campin de janvier 2019<\/a><\/p>\n","protected":false},"excerpt":{"rendered":"<p>Jusqu&rsquo;en f\u00e9vrier 2021, certaines activit\u00e9s des \u00e9l\u00e8ves \u00e9taient regroup\u00e9es dans le p&rsquo;tit campin. Depuis, ces activit\u00e9s sont reprises s\u00e9par\u00e9ment dans les articles du site dont certains pourront \u00eatre transmis par mail directement aux parents. La version papier du p&rsquo;tit campin n&rsquo;est donc plus publi\u00e9e non plus, merci pour la plan\u00e8te! le p&rsquo;tit campin de f\u00e9vrier [&hellip;]<\/p>\n","protected":false},"author":3,"featured_media":0,"parent":0,"menu_order":0,"comment_status":"closed","ping_status":"closed","template":"","meta":[],"_links":{"self":[{"href":"https:\/\/arcampin.be\/maternelle\/wp-json\/wp\/v2\/pages\/83"}],"collection":[{"href":"https:\/\/arcampin.be\/maternelle\/wp-json\/wp\/v2\/pages"}],"about":[{"href":"https:\/\/arcampin.be\/maternelle\/wp-json\/wp\/v2\/types\/page"}],"author":[{"embeddable":true,"href":"https:\/\/arcampin.be\/maternelle\/wp-json\/wp\/v2\/users\/3"}],"replies":[{"embeddable":true,"href":"https:\/\/arcampin.be\/maternelle\/wp-json\/wp\/v2\/comments?post=83"}],"version-history":[{"count":21,"href":"https:\/\/arcampin.be\/maternelle\/wp-json\/wp\/v2\/pages\/83\/revisions"}],"predecessor-version":[{"id":2781,"href":"https:\/\/arcampin.be\/maternelle\/wp-json\/wp\/v2\/pages\/83\/revisions\/2781"}],"wp:attachment":[{"href":"https:\/\/arcampin.be\/maternelle\/wp-json\/wp\/v2\/media?parent=83"}],"curies":[{"name":"wp","href":"https:\/\/api.w.org\/{rel}","templated":true}]}}