{"id":79,"date":"2017-09-10T16:00:22","date_gmt":"2017-09-10T14:00:22","guid":{"rendered":"https:\/\/arcampin.be\/maternelle\/?page_id=79"},"modified":"2024-04-09T20:58:44","modified_gmt":"2024-04-09T18:58:44","slug":"immersion-en-anglais","status":"publish","type":"page","link":"https:\/\/arcampin.be\/maternelle\/immersion-en-anglais\/","title":{"rendered":"Immersion en ANGLAIS"},"content":{"rendered":"<p>Immersion en anglais \u00e0 partir de la <strong>3\u00e8me maternelle.<\/strong><\/p>\n<p>D\u00e9couvrez une journ\u00e9e en immersion en <a href=\"https:\/\/arcampin.be\/maternelle\/2024\/04\/09\/une-journee-en-immersion\/\" target=\"_blank\" rel=\"noopener\">cliquant ici<\/a><\/p>\n<p><a href=\"https:\/\/arcampin.be\/maternelle\/wp-content\/uploads\/2018\/03\/IMG_3805.jpg\"><img loading=\"lazy\" class=\"alignnone wp-image-802 size-medium\" src=\"https:\/\/arcampin.be\/maternelle\/wp-content\/uploads\/2018\/03\/IMG_3805-300x225.jpg\" alt=\"\" width=\"300\" height=\"225\" srcset=\"https:\/\/arcampin.be\/maternelle\/wp-content\/uploads\/2018\/03\/IMG_3805-300x225.jpg 300w, https:\/\/arcampin.be\/maternelle\/wp-content\/uploads\/2018\/03\/IMG_3805-768x576.jpg 768w, https:\/\/arcampin.be\/maternelle\/wp-content\/uploads\/2018\/03\/IMG_3805-1024x768.jpg 1024w\" sizes=\"(max-width: 300px) 100vw, 300px\" \/><\/a>\u00a0<a href=\"https:\/\/arcampin.be\/maternelle\/wp-content\/uploads\/2018\/03\/IMG_3803.jpg\"><img loading=\"lazy\" class=\"alignnone wp-image-805 size-medium\" src=\"https:\/\/arcampin.be\/maternelle\/wp-content\/uploads\/2018\/03\/IMG_3803-300x225.jpg\" alt=\"\" width=\"300\" height=\"225\" srcset=\"https:\/\/arcampin.be\/maternelle\/wp-content\/uploads\/2018\/03\/IMG_3803-300x225.jpg 300w, https:\/\/arcampin.be\/maternelle\/wp-content\/uploads\/2018\/03\/IMG_3803-768x576.jpg 768w, https:\/\/arcampin.be\/maternelle\/wp-content\/uploads\/2018\/03\/IMG_3803-1024x768.jpg 1024w\" sizes=\"(max-width: 300px) 100vw, 300px\" \/><\/a><\/p>\n<p><a href=\"https:\/\/arcampin.be\/maternelle\/wp-content\/uploads\/2018\/03\/IMG_3804.jpg\"><img loading=\"lazy\" class=\"alignnone wp-image-806 size-medium\" src=\"https:\/\/arcampin.be\/maternelle\/wp-content\/uploads\/2018\/03\/IMG_3804-300x225.jpg\" alt=\"\" width=\"300\" height=\"225\" srcset=\"https:\/\/arcampin.be\/maternelle\/wp-content\/uploads\/2018\/03\/IMG_3804-300x225.jpg 300w, https:\/\/arcampin.be\/maternelle\/wp-content\/uploads\/2018\/03\/IMG_3804-768x576.jpg 768w, https:\/\/arcampin.be\/maternelle\/wp-content\/uploads\/2018\/03\/IMG_3804-1024x768.jpg 1024w\" sizes=\"(max-width: 300px) 100vw, 300px\" \/><\/a>\u00a0<a href=\"https:\/\/arcampin.be\/maternelle\/wp-content\/uploads\/2018\/03\/IMG_3806.jpg\" rel=\"attachment wp-att-803\"><img loading=\"lazy\" class=\"alignnone wp-image-803 size-medium\" src=\"https:\/\/arcampin.be\/maternelle\/wp-content\/uploads\/2018\/03\/IMG_3806-300x225.jpg\" alt=\"\" width=\"300\" height=\"225\" srcset=\"https:\/\/arcampin.be\/maternelle\/wp-content\/uploads\/2018\/03\/IMG_3806-300x225.jpg 300w, https:\/\/arcampin.be\/maternelle\/wp-content\/uploads\/2018\/03\/IMG_3806-768x576.jpg 768w, https:\/\/arcampin.be\/maternelle\/wp-content\/uploads\/2018\/03\/IMG_3806-1024x768.jpg 1024w\" sizes=\"(max-width: 300px) 100vw, 300px\" \/><\/a><\/p>\n<p>D\u00e9couvrez une le\u00e7on en anglais avec Miss Hannah (cliquez sur l&rsquo;image)<\/p>\n<p><a href=\"https:\/\/arcampin.be\/maternelle\/wp-content\/uploads\/2021\/01\/IMG_1090.mp4\" target=\"_blank\" rel=\"noopener noreferrer\"><img loading=\"lazy\" class=\"alignnone wp-image-2047 size-medium\" src=\"https:\/\/arcampin.be\/maternelle\/wp-content\/uploads\/2021\/01\/IMG_1089-300x225.jpg\" alt=\"\" width=\"300\" height=\"225\" srcset=\"https:\/\/arcampin.be\/maternelle\/wp-content\/uploads\/2021\/01\/IMG_1089-300x225.jpg 300w, https:\/\/arcampin.be\/maternelle\/wp-content\/uploads\/2021\/01\/IMG_1089-768x576.jpg 768w, https:\/\/arcampin.be\/maternelle\/wp-content\/uploads\/2021\/01\/IMG_1089-1024x768.jpg 1024w\" sizes=\"(max-width: 300px) 100vw, 300px\" \/><\/a><\/p>\n<p>La fili\u00e8re classique (sans immersion) est aussi possible.<\/p>\n","protected":false},"excerpt":{"rendered":"<p>Immersion en anglais \u00e0 partir de la 3\u00e8me maternelle. D\u00e9couvrez une journ\u00e9e en immersion en cliquant ici \u00a0 \u00a0 D\u00e9couvrez une le\u00e7on en anglais avec Miss Hannah (cliquez sur l&rsquo;image) La fili\u00e8re classique (sans immersion) est aussi possible.<\/p>\n","protected":false},"author":3,"featured_media":0,"parent":0,"menu_order":0,"comment_status":"closed","ping_status":"closed","template":"","meta":[],"_links":{"self":[{"href":"https:\/\/arcampin.be\/maternelle\/wp-json\/wp\/v2\/pages\/79"}],"collection":[{"href":"https:\/\/arcampin.be\/maternelle\/wp-json\/wp\/v2\/pages"}],"about":[{"href":"https:\/\/arcampin.be\/maternelle\/wp-json\/wp\/v2\/types\/page"}],"author":[{"embeddable":true,"href":"https:\/\/arcampin.be\/maternelle\/wp-json\/wp\/v2\/users\/3"}],"replies":[{"embeddable":true,"href":"https:\/\/arcampin.be\/maternelle\/wp-json\/wp\/v2\/comments?post=79"}],"version-history":[{"count":9,"href":"https:\/\/arcampin.be\/maternelle\/wp-json\/wp\/v2\/pages\/79\/revisions"}],"predecessor-version":[{"id":2953,"href":"https:\/\/arcampin.be\/maternelle\/wp-json\/wp\/v2\/pages\/79\/revisions\/2953"}],"wp:attachment":[{"href":"https:\/\/arcampin.be\/maternelle\/wp-json\/wp\/v2\/media?parent=79"}],"curies":[{"name":"wp","href":"https:\/\/api.w.org\/{rel}","templated":true}]}}