{"id":713,"date":"2018-01-14T14:31:30","date_gmt":"2018-01-14T13:31:30","guid":{"rendered":"https:\/\/arcampin.be\/maternelle\/?page_id=713"},"modified":"2023-08-14T13:34:44","modified_gmt":"2023-08-14T11:34:44","slug":"horaires","status":"publish","type":"page","link":"https:\/\/arcampin.be\/maternelle\/horaires\/","title":{"rendered":"Horaires"},"content":{"rendered":"<p>Accueil des enfants \u00e0 la garderie d\u00e8s 7h00.<\/p>\n<p>Accueil des enfants dans les classes et d\u00e9but des activit\u00e9s d\u00e8s 8h30.<\/p>\n<p>Fin des activit\u00e9s \u00e0 15h10 sauf le mercredi \u00e0 12h05.<\/p>\n<p><a href=\"https:\/\/arcampin.be\/maternelle\/garderie\/\">Garderie<\/a> possible jusqu&rsquo;\u00e0 18h00, aussi le mercredi. Les enfants rejoignent la garderie \u00e0 15h30 et \u00e0 12h30 le mercredi. Des activit\u00e9s sont propos\u00e9es aux enfants pendant le temps des garderies.<\/p>\n<p><a href=\"https:\/\/arcampin.be\/maternelle\/accueil\/\">retour \u00e0 l&rsquo;accueil<\/a><\/p>\n","protected":false},"excerpt":{"rendered":"<p>Accueil des enfants \u00e0 la garderie d\u00e8s 7h00. Accueil des enfants dans les classes et d\u00e9but des activit\u00e9s d\u00e8s 8h30. Fin des activit\u00e9s \u00e0 15h10 sauf le mercredi \u00e0 12h05. Garderie possible jusqu&rsquo;\u00e0 18h00, aussi le mercredi. Les enfants rejoignent la garderie \u00e0 15h30 et \u00e0 12h30 le mercredi. Des activit\u00e9s sont propos\u00e9es aux enfants [&hellip;]<\/p>\n","protected":false},"author":3,"featured_media":0,"parent":0,"menu_order":0,"comment_status":"closed","ping_status":"closed","template":"","meta":[],"_links":{"self":[{"href":"https:\/\/arcampin.be\/maternelle\/wp-json\/wp\/v2\/pages\/713"}],"collection":[{"href":"https:\/\/arcampin.be\/maternelle\/wp-json\/wp\/v2\/pages"}],"about":[{"href":"https:\/\/arcampin.be\/maternelle\/wp-json\/wp\/v2\/types\/page"}],"author":[{"embeddable":true,"href":"https:\/\/arcampin.be\/maternelle\/wp-json\/wp\/v2\/users\/3"}],"replies":[{"embeddable":true,"href":"https:\/\/arcampin.be\/maternelle\/wp-json\/wp\/v2\/comments?post=713"}],"version-history":[{"count":5,"href":"https:\/\/arcampin.be\/maternelle\/wp-json\/wp\/v2\/pages\/713\/revisions"}],"predecessor-version":[{"id":2774,"href":"https:\/\/arcampin.be\/maternelle\/wp-json\/wp\/v2\/pages\/713\/revisions\/2774"}],"wp:attachment":[{"href":"https:\/\/arcampin.be\/maternelle\/wp-json\/wp\/v2\/media?parent=713"}],"curies":[{"name":"wp","href":"https:\/\/api.w.org\/{rel}","templated":true}]}}