{"id":71,"date":"2017-02-24T19:40:51","date_gmt":"2017-02-24T18:40:51","guid":{"rendered":"https:\/\/arcampin.be\/maternelle\/?page_id=71"},"modified":"2025-09-14T20:24:06","modified_gmt":"2025-09-14T18:24:06","slug":"combien-ca-coute","status":"publish","type":"page","link":"https:\/\/arcampin.be\/maternelle\/infos-generales\/combien-ca-coute\/","title":{"rendered":"Combien \u00e7a co\u00fbte ?"},"content":{"rendered":"<h6>Potage \u00e0 10h00:<\/h6>\n<p style=\"padding-left: 30px;\">gratuit pour tous<\/p>\n<h6>Repas chauds:<\/h6>\n<p style=\"padding-left: 30px;\">les lundi, mardi, jeudi et vendredi: 2,70\u20ac\/enfant.<\/p>\n<p style=\"padding-left: 30px;\"><a href=\"https:\/\/arcampin.be\/maternelle\/2018\/07\/08\/repas-bio-sains-equilibres-et-gratuits\/\">cliquez ici<\/a> pour plus d\u2019info sur nos repas chauds bio et \u00e9quilibr\u00e9s.<\/p>\n<h6>Garderie du matin:<\/h6>\n<p style=\"padding-left: 30px;\">50 cents la demi-heure entam\u00e9e.<\/p>\n<p style=\"padding-left: 30px;\">Voir les <a href=\"https:\/\/arcampin.be\/maternelle\/horaires\/\">horaires<\/a><\/p>\n<h6>Garderie du soir:<\/h6>\n<p style=\"padding-left: 30px;\">50 cents la demi-heure entam\u00e9e<\/p>\n<p style=\"padding-left: 30px;\">Voir les <a href=\"https:\/\/arcampin.be\/maternelle\/horaires\/\">horaires<\/a><\/p>\n","protected":false},"excerpt":{"rendered":"<p>Potage \u00e0 10h00: gratuit pour tous Repas chauds: les lundi, mardi, jeudi et vendredi: 2,70\u20ac\/enfant. cliquez ici pour plus d\u2019info sur nos repas chauds bio et \u00e9quilibr\u00e9s. Garderie du matin: 50 cents la demi-heure entam\u00e9e. Voir les horaires Garderie du soir: 50 cents la demi-heure entam\u00e9e Voir les horaires<\/p>\n","protected":false},"author":3,"featured_media":0,"parent":50,"menu_order":0,"comment_status":"closed","ping_status":"closed","template":"","meta":[],"_links":{"self":[{"href":"https:\/\/arcampin.be\/maternelle\/wp-json\/wp\/v2\/pages\/71"}],"collection":[{"href":"https:\/\/arcampin.be\/maternelle\/wp-json\/wp\/v2\/pages"}],"about":[{"href":"https:\/\/arcampin.be\/maternelle\/wp-json\/wp\/v2\/types\/page"}],"author":[{"embeddable":true,"href":"https:\/\/arcampin.be\/maternelle\/wp-json\/wp\/v2\/users\/3"}],"replies":[{"embeddable":true,"href":"https:\/\/arcampin.be\/maternelle\/wp-json\/wp\/v2\/comments?post=71"}],"version-history":[{"count":14,"href":"https:\/\/arcampin.be\/maternelle\/wp-json\/wp\/v2\/pages\/71\/revisions"}],"predecessor-version":[{"id":3129,"href":"https:\/\/arcampin.be\/maternelle\/wp-json\/wp\/v2\/pages\/71\/revisions\/3129"}],"up":[{"embeddable":true,"href":"https:\/\/arcampin.be\/maternelle\/wp-json\/wp\/v2\/pages\/50"}],"wp:attachment":[{"href":"https:\/\/arcampin.be\/maternelle\/wp-json\/wp\/v2\/media?parent=71"}],"curies":[{"name":"wp","href":"https:\/\/api.w.org\/{rel}","templated":true}]}}