{"id":478,"date":"2022-10-03T16:03:32","date_gmt":"2022-10-03T14:03:32","guid":{"rendered":"https:\/\/arcampin.be\/maternelle\/?page_id=478"},"modified":"2025-09-14T20:28:20","modified_gmt":"2025-09-14T18:28:20","slug":"projets","status":"publish","type":"page","link":"https:\/\/arcampin.be\/maternelle\/projets\/","title":{"rendered":"Projets"},"content":{"rendered":"<h3>Projet \u00ab\u00a0Petit Loup\u00a0\u00bb<\/h3>\n<p>Petit loup est la mascotte de 2\u00e8me maternelle qui permet aux enfants de participer activement aux activit\u00e9s d&rsquo;\u00e9veil aux langues. Il peut s&rsquo;agir de la langue maternelle lorsque petit loup se rend au mus\u00e9e par exemple mais aussi une langue \u00e9trang\u00e8re lorsqu&rsquo;il part en vacance avec un petit \u00e9l\u00e8ve.<\/p>\n<p>C&rsquo;est un v\u00e9ritable ami pour chacun, qui partage les \u00e9motions et les aventures. Il motive les petits qui pourront lors de leur retour en classe, raconter \u00e0 tous leurs amis ce qu&rsquo;ils ont vu, ressenti et v\u00e9cu.<\/p>\n<h3><span style=\"font-family: Bitter, Georgia, serif; font-size: 22px;\">Projet \u00ab\u00a0Cantine durable\u00a0\u00bb<\/span><\/h3>\n<p>Depuis l&rsquo;ann\u00e9e 2019-2020, Campin maternelle a sensibilis\u00e9 les enfants, avec l&rsquo;aide des parents, \u00e0 la probl\u00e9matique des d\u00e9chets et leur effet n\u00e9faste sur notre plan\u00e8te.<\/p>\n<p>Une cantine durable c&rsquo;est aussi une alimentation saine et durable.<\/p>\n<p>Il inclut un maximum d\u2019acteurs de l\u2019\u00e9cole\u00a0: l\u2019\u00e9quipe \u00e9ducative, l\u2019\u00e9quipe d\u2019entretien, l\u2019\u00e9quipe de cuisine, l\u2019\u00e9quipe des garderies mais aussi les parents et les enfants.<\/p>\n<p>Nous souhaitons sensibiliser les enfants et les parents par des actions concr\u00e8tes pour la conservation d\u2019un \u00e9quilibre alimentaire mais aussi par une campagne anti gaspillage.<\/p>\n<p>Voyez l&rsquo;\u00e9tat des lieux de ce projet dans l&rsquo;article y consacr\u00e9<\/p>\n<p><a href=\"https:\/\/arcampin.be\/maternelle\/?p=1410&amp;preview=true\">cliquez ici<\/a><\/p>\n<p>Des actions au sein des classes seront organis\u00e9es afin d\u2019expliquer et guider les enfants dans ce projet. Celui-ci pourra ouvrir les portes vers de nouveaux moyens de fonctionnement au quotidien.<\/p>\n<p>Prot\u00e9geons notre plan\u00e8te et investissons nos enfants pour notre climat.<\/p>\n<p>\u00ab\u00a0Quels enfants allons-nous laisser \u00e0 notre plan\u00e8te\u00a0?\u00a0\u00bb<\/p>\n<p>Agissons ensemble\u00a0!<\/p>\n<h3><span style=\"font-family: Bitter, Georgia, serif; font-size: 22px;\">Projet \u00ab\u00a0Sauvons les abeilles\u00a0\u00bb<\/span><\/h3>\n<p>Propos\u00e9 par un magasin Okay \u00a0de la r\u00e9gion en 2019, il sera r\u00e9actualis\u00e9 au printemps 2020. Les M3 de Campin maternelle, se soucient de l&rsquo;avenir de la plan\u00e8te et notamment de la survie des abeilles. Semis de plantes mellif\u00e8res dans notre beau jardin au programme ainsi que d\u00e9couverte de la vie des abeilles et de leur importance. Tout cela favoris\u00e9 par l&rsquo;utilisation de notre <a href=\"https:\/\/arcampin.be\/maternelle\/2019\/05\/25\/la-classe-exterieure-est-prete\/\">classe ext\u00e9rieure<\/a><\/p>\n<h3>Projet science, suite&#8230;<\/h3>\n<p>D\u00e8s septembre 2018, Installation d&rsquo;une station m\u00e9t\u00e9orologique dans notre beau jardin par les M3.<\/p>\n<h3><\/h3>\n<h3>Am\u00e9nagement d&rsquo;un espace de discussion<\/h3>\n<p>Communiquer ouvertement et exprimer ses ressentis avec respect, sont les bases de la vie en soci\u00e9t\u00e9. Nous voulons que les enfants puissent apprendre de leurs diff\u00e9rents ou de leurs conflits avec leurs camarades d&rsquo;\u00e9cole.<\/p>\n<p>Avec l&rsquo;aide de la psychologue du PMS, l&rsquo;espace de discussion\u00a0donnera l&rsquo;occasion aux enfants impliqu\u00e9s de s&rsquo;exprimer et de r\u00e9gler ensemble leurs diff\u00e9rents.<\/p>\n","protected":false},"excerpt":{"rendered":"<p>Projet \u00ab\u00a0Petit Loup\u00a0\u00bb Petit loup est la mascotte de 2\u00e8me maternelle qui permet aux enfants de participer activement aux activit\u00e9s d&rsquo;\u00e9veil aux langues. Il peut s&rsquo;agir de la langue maternelle lorsque petit loup se rend au mus\u00e9e par exemple mais aussi une langue \u00e9trang\u00e8re lorsqu&rsquo;il part en vacance avec un petit \u00e9l\u00e8ve. C&rsquo;est un v\u00e9ritable [&hellip;]<\/p>\n","protected":false},"author":3,"featured_media":0,"parent":0,"menu_order":0,"comment_status":"closed","ping_status":"closed","template":"","meta":[],"_links":{"self":[{"href":"https:\/\/arcampin.be\/maternelle\/wp-json\/wp\/v2\/pages\/478"}],"collection":[{"href":"https:\/\/arcampin.be\/maternelle\/wp-json\/wp\/v2\/pages"}],"about":[{"href":"https:\/\/arcampin.be\/maternelle\/wp-json\/wp\/v2\/types\/page"}],"author":[{"embeddable":true,"href":"https:\/\/arcampin.be\/maternelle\/wp-json\/wp\/v2\/users\/3"}],"replies":[{"embeddable":true,"href":"https:\/\/arcampin.be\/maternelle\/wp-json\/wp\/v2\/comments?post=478"}],"version-history":[{"count":19,"href":"https:\/\/arcampin.be\/maternelle\/wp-json\/wp\/v2\/pages\/478\/revisions"}],"predecessor-version":[{"id":3131,"href":"https:\/\/arcampin.be\/maternelle\/wp-json\/wp\/v2\/pages\/478\/revisions\/3131"}],"wp:attachment":[{"href":"https:\/\/arcampin.be\/maternelle\/wp-json\/wp\/v2\/media?parent=478"}],"curies":[{"name":"wp","href":"https:\/\/api.w.org\/{rel}","templated":true}]}}