{"id":13,"date":"2022-10-03T17:57:24","date_gmt":"2022-10-03T15:57:24","guid":{"rendered":"https:\/\/arcampin.be\/maternelle\/?page_id=13"},"modified":"2025-09-14T20:18:02","modified_gmt":"2025-09-14T18:18:02","slug":"equipe_educative","status":"publish","type":"page","link":"https:\/\/arcampin.be\/maternelle\/equipe_educative\/","title":{"rendered":"L&rsquo;\u00e9quipe \u00e9ducative 2025-2026"},"content":{"rendered":"<p>A la section maternelle de Campin, chaque classe porte le nom d\u2019un fruit:<\/p>\n<p><strong>Espace M1 et Accueil : <\/strong><\/p>\n<p>B\u00e2timent principal 1er \u00e9tage<\/p>\n<p style=\"text-align: left; padding-left: 30px;\">la classe des abricots, <img loading=\"lazy\" class=\"alignnone wp-image-31\" src=\"https:\/\/arcampin.be\/maternelle\/wp-content\/uploads\/2017\/02\/abricot-2-300x300.jpg\" alt=\"abricot-2\" width=\"71\" height=\"71\" srcset=\"https:\/\/arcampin.be\/maternelle\/wp-content\/uploads\/2017\/02\/abricot-2-300x300.jpg 300w, https:\/\/arcampin.be\/maternelle\/wp-content\/uploads\/2017\/02\/abricot-2-150x150.jpg 150w, https:\/\/arcampin.be\/maternelle\/wp-content\/uploads\/2017\/02\/abricot-2.jpg 600w\" sizes=\"(max-width: 71px) 100vw, 71px\" \/>(M1A),&nbsp;<strong>Titulaires : Madame C\u00e9cile<br \/>\n<\/strong><\/p>\n<p style=\"text-align: left; padding-left: 30px;\"><img loading=\"lazy\" class=\"alignnone wp-image-34\" src=\"https:\/\/arcampin.be\/maternelle\/wp-content\/uploads\/2017\/02\/185284489-300x276.jpg\" alt=\"185284489\" width=\"76\" height=\"70\" srcset=\"https:\/\/arcampin.be\/maternelle\/wp-content\/uploads\/2017\/02\/185284489-300x276.jpg 300w, https:\/\/arcampin.be\/maternelle\/wp-content\/uploads\/2017\/02\/185284489.jpg 432w\" sizes=\"(max-width: 76px) 100vw, 76px\" \/>la classe des oranges (M1B),&nbsp;<strong>Titulaire: Madame Sylvie<\/strong><\/p>\n<p style=\"text-align: left; padding-left: 30px;\">+ Madame Micha\u00eblla et Madame Victoria<\/p>\n<h4><strong style=\"font-family: Bitter, Georgia, serif; font-size: 18px;\">Espace M2:<\/strong><\/h4>\n<p>B\u00e2timent principal rez-de-chauss\u00e9e<\/p>\n<p style=\"padding-left: 30px;\"><img loading=\"lazy\" class=\"alignnone wp-image-29\" src=\"https:\/\/arcampin.be\/maternelle\/wp-content\/uploads\/2017\/02\/blbtehfw-fotolia_30662478_s-300x295.jpg\" alt=\"blbtehfw-fotolia_30662478_s\" width=\"61\" height=\"60\" srcset=\"https:\/\/arcampin.be\/maternelle\/wp-content\/uploads\/2017\/02\/blbtehfw-fotolia_30662478_s-300x295.jpg 300w, https:\/\/arcampin.be\/maternelle\/wp-content\/uploads\/2017\/02\/blbtehfw-fotolia_30662478_s-150x150.jpg 150w, https:\/\/arcampin.be\/maternelle\/wp-content\/uploads\/2017\/02\/blbtehfw-fotolia_30662478_s-768x755.jpg 768w, https:\/\/arcampin.be\/maternelle\/wp-content\/uploads\/2017\/02\/blbtehfw-fotolia_30662478_s-1024x1006.jpg 1024w, https:\/\/arcampin.be\/maternelle\/wp-content\/uploads\/2017\/02\/blbtehfw-fotolia_30662478_s.jpg 1800w\" sizes=\"(max-width: 61px) 100vw, 61px\" \/>&nbsp;la classe des framboises(M2A), <strong>Titulaire: Madame Sandrina<\/strong><\/p>\n<p style=\"padding-left: 30px;\">&nbsp;la classe&nbsp;des fraises <img loading=\"lazy\" class=\"alignnone wp-image-28\" src=\"https:\/\/arcampin.be\/maternelle\/wp-content\/uploads\/2017\/02\/Strawberry444-153x300.jpg\" alt=\"Strawberry444\" width=\"39\" height=\"76\" srcset=\"https:\/\/arcampin.be\/maternelle\/wp-content\/uploads\/2017\/02\/Strawberry444-153x300.jpg 153w, https:\/\/arcampin.be\/maternelle\/wp-content\/uploads\/2017\/02\/Strawberry444.jpg 250w\" sizes=\"(max-width: 39px) 100vw, 39px\" \/>&nbsp;(M2B), <strong>Titulaires :Madame Paola et <\/strong><b>Madame Merc\u00e9d\u00e8s<\/b><\/p>\n<p style=\"padding-left: 30px;\">\n<h4 style=\"text-align: left;\">Espace M3:<\/h4>\n<p>B\u00e2timent de l&rsquo;\u00eele aux enfants<\/p>\n<p style=\"text-align: left; padding-left: 30px;\"><strong><img loading=\"lazy\" class=\"alignnone wp-image-26\" src=\"https:\/\/arcampin.be\/maternelle\/wp-content\/uploads\/2017\/02\/cerise_346_346_filled-300x300.jpg\" alt=\"cerise_346_346_filled\" width=\"66\" height=\"66\" srcset=\"https:\/\/arcampin.be\/maternelle\/wp-content\/uploads\/2017\/02\/cerise_346_346_filled-300x300.jpg 300w, https:\/\/arcampin.be\/maternelle\/wp-content\/uploads\/2017\/02\/cerise_346_346_filled-150x150.jpg 150w, https:\/\/arcampin.be\/maternelle\/wp-content\/uploads\/2017\/02\/cerise_346_346_filled.jpg 346w\" sizes=\"(max-width: 66px) 100vw, 66px\" \/><\/strong>la classe des cerises (M3A), <strong>Titulaires : Madame Sandrine et <\/strong><b>Madame Merc\u00e9d\u00e8s<\/b><\/p>\n<p style=\"text-align: left; padding-left: 30px;\">\n<p style=\"text-align: left; padding-left: 30px;\">la classe des pommes <img loading=\"lazy\" class=\"alignnone wp-image-32\" src=\"https:\/\/arcampin.be\/maternelle\/wp-content\/uploads\/2017\/02\/pomme-apple-300x259.jpg\" alt=\"\" width=\"67\" height=\"58\" srcset=\"https:\/\/arcampin.be\/maternelle\/wp-content\/uploads\/2017\/02\/pomme-apple-300x259.jpg 300w, https:\/\/arcampin.be\/maternelle\/wp-content\/uploads\/2017\/02\/pomme-apple.jpg 350w\" sizes=\"(max-width: 67px) 100vw, 67px\" \/>(M3B),<\/p>\n<p style=\"text-align: left; padding-left: 60px;\">immersion en anglais,&nbsp;<strong>Titulaire: Miss Hannah et Miss Charlotte<\/strong><\/p>\n<p style=\"text-align: left; padding-left: 30px;\">Psychomotricit\u00e9 et piscine, <strong>Madame Margo<\/strong><\/p>\n","protected":false},"excerpt":{"rendered":"<p>A la section maternelle de Campin, chaque classe porte le nom d\u2019un fruit: Espace M1 et Accueil : B\u00e2timent principal 1er \u00e9tage la classe des abricots, (M1A),&nbsp;Titulaires : Madame C\u00e9cile la classe des oranges (M1B),&nbsp;Titulaire: Madame Sylvie + Madame Micha\u00eblla et Madame Victoria Espace M2: B\u00e2timent principal rez-de-chauss\u00e9e &nbsp;la classe des framboises(M2A), Titulaire: Madame Sandrina [&hellip;]<\/p>\n","protected":false},"author":3,"featured_media":0,"parent":0,"menu_order":1,"comment_status":"closed","ping_status":"closed","template":"","meta":[],"_links":{"self":[{"href":"https:\/\/arcampin.be\/maternelle\/wp-json\/wp\/v2\/pages\/13"}],"collection":[{"href":"https:\/\/arcampin.be\/maternelle\/wp-json\/wp\/v2\/pages"}],"about":[{"href":"https:\/\/arcampin.be\/maternelle\/wp-json\/wp\/v2\/types\/page"}],"author":[{"embeddable":true,"href":"https:\/\/arcampin.be\/maternelle\/wp-json\/wp\/v2\/users\/3"}],"replies":[{"embeddable":true,"href":"https:\/\/arcampin.be\/maternelle\/wp-json\/wp\/v2\/comments?post=13"}],"version-history":[{"count":21,"href":"https:\/\/arcampin.be\/maternelle\/wp-json\/wp\/v2\/pages\/13\/revisions"}],"predecessor-version":[{"id":3124,"href":"https:\/\/arcampin.be\/maternelle\/wp-json\/wp\/v2\/pages\/13\/revisions\/3124"}],"wp:attachment":[{"href":"https:\/\/arcampin.be\/maternelle\/wp-json\/wp\/v2\/media?parent=13"}],"curies":[{"name":"wp","href":"https:\/\/api.w.org\/{rel}","templated":true}]}}